
{"id":6124,"date":"2025-11-10T12:55:03","date_gmt":"2025-11-10T11:55:03","guid":{"rendered":"https:\/\/spacemall.es\/producto\/camiseta-del-atletico-de-madrid-pasion-rojiblanca\/"},"modified":"2025-11-10T18:49:54","modified_gmt":"2025-11-10T17:49:54","slug":"camiseta-del-atletico-de-madrid-pasion-rojiblanca","status":"publish","type":"product","link":"https:\/\/spacemall.asia\/zh\/product\/camiseta-del-atletico-de-madrid-pasion-rojiblanca\/","title":{"rendered":"\u9a6c\u7ade\u7403\u8863-\u5e15\u897f\u7fc1\u7ea2\u767d"},"content":{"rendered":"<p><span style=\"font-family: Manzanares;font-size: 16.2px\" data-mce-style=\"font-family: Manzanares; font-size: 16.2px;\">Luce con orgullo la camiseta de la 1\u00aa equipaci\u00f3n 25\/26 edici\u00f3n jugador de manga larga del Atl\u00e9tico de Madrid.<\/span><br style=\"line-height: 1.47059;font-family: Manzanares;font-size: 16.2px\" data-mce-style=\"line-height: 1.47059; font-family: Manzanares; font-size: 16.2px;\"><span style=\"font-family: Manzanares;font-size: 16.2px\" data-mce-style=\"font-family: Manzanares; font-size: 16.2px;\">Con su dise\u00f1o cl\u00e1sico a rayas rojiblancas y un ajuste id\u00e9ntico al que usan los jugadores en el campo, esta camiseta forma parte de la colecci\u00f3n Authentic 2025\/26.<\/span><br style=\"line-height: 1.47059;font-family: Manzanares;font-size: 16.2px\" data-mce-style=\"line-height: 1.47059; font-family: Manzanares; font-size: 16.2px;\"><span style=\"font-family: Manzanares;font-size: 16.2px\" data-mce-style=\"font-family: Manzanares; font-size: 16.2px;\">El tejido t\u00e9cnico Nike Dri-FIT ADV est\u00e1 dise\u00f1ado para ofrecer el m\u00e1ximo rendimiento, manteni\u00e9ndote fresco y seco incluso en los momentos m\u00e1s intensos del partido.<\/span><br style=\"line-height: 1.47059;font-family: Manzanares;font-size: 16.2px\" data-mce-style=\"line-height: 1.47059; font-family: Manzanares; font-size: 16.2px;\"><span style=\"font-family: Manzanares;font-size: 16.2px\" data-mce-style=\"font-family: Manzanares; font-size: 16.2px;\">Fabricada en 100% poli\u00e9ster, ofrece ligereza, durabilidad y libertad de movimiento.<\/span><br style=\"line-height: 1.47059;font-family: Manzanares;font-size: 16.2px\" data-mce-style=\"line-height: 1.47059; font-family: Manzanares; font-size: 16.2px;\"><span style=\"font-family: Manzanares;font-size: 16.2px\" data-mce-style=\"font-family: Manzanares; font-size: 16.2px;\">Adem\u00e1s, puedes personalizarla con el nombre y n\u00famero de tu jugador favorito o el tuyo, para hacerla verdaderamente \u00fanica.<\/span><br style=\"line-height: 1.47059;font-family: Manzanares;font-size: 16.2px\" data-mce-style=\"line-height: 1.47059; font-family: Manzanares; font-size: 16.2px;\"><span style=\"font-family: Manzanares;font-size: 16.2px\" data-mce-style=\"font-family: Manzanares; font-size: 16.2px;\">Esta edici\u00f3n jugador presenta un corte slim fit, m\u00e1s entallado para un ajuste ce\u00f1ido al cuerpo.<\/span><br style=\"line-height: 1.47059;font-family: Manzanares;font-size: 16.2px\" data-mce-style=\"line-height: 1.47059; font-family: Manzanares; font-size: 16.2px;\"><span style=\"font-family: Manzanares;font-size: 16.2px\" data-mce-style=\"font-family: Manzanares; font-size: 16.2px;\">Detalles t\u00e9cnicos:<\/span><br style=\"line-height: 1.47059;font-family: Manzanares;font-size: 16.2px\" data-mce-style=\"line-height: 1.47059; font-family: Manzanares; font-size: 16.2px;\"><span style=\"font-family: Manzanares;font-size: 16.2px\" data-mce-style=\"font-family: Manzanares; font-size: 16.2px;\">&#8211; Tecnolog\u00eda Nike Dri-FIT ADV para una mayor transpirabilidad.<\/span><br style=\"line-height: 1.47059;font-family: Manzanares;font-size: 16.2px\" data-mce-style=\"line-height: 1.47059; font-family: Manzanares; font-size: 16.2px;\"><span style=\"font-family: Manzanares;font-size: 16.2px\" data-mce-style=\"font-family: Manzanares; font-size: 16.2px;\">&#8211; Dise\u00f1o profesional, tal como lo usan los jugadores.<\/span><br style=\"line-height: 1.47059;font-family: Manzanares;font-size: 16.2px\" data-mce-style=\"line-height: 1.47059; font-family: Manzanares; font-size: 16.2px;\"><span style=\"font-family: Manzanares;font-size: 16.2px\" data-mce-style=\"font-family: Manzanares; font-size: 16.2px;\">&#8211; Etiqueta interior termosellada.<\/span><br style=\"line-height: 1.47059;font-family: Manzanares;font-size: 16.2px\" data-mce-style=\"line-height: 1.47059; font-family: Manzanares; font-size: 16.2px;\"><span style=\"font-family: Manzanares;font-size: 16.2px\" data-mce-style=\"font-family: Manzanares; font-size: 16.2px;\">&#8211; Composici\u00f3n: 100% poli\u00e9ster.<\/span><br style=\"line-height: 1.47059;font-family: Manzanares;font-size: 16.2px\" data-mce-style=\"line-height: 1.47059; font-family: Manzanares; font-size: 16.2px;\"><span style=\"font-family: Manzanares;font-size: 16.2px\" data-mce-style=\"font-family: Manzanares; font-size: 16.2px;\">Cuidados:<\/span><br style=\"line-height: 1.47059;font-family: Manzanares;font-size: 16.2px\" data-mce-style=\"line-height: 1.47059; font-family: Manzanares; font-size: 16.2px;\"><span style=\"font-family: Manzanares;font-size: 16.2px\" data-mce-style=\"font-family: Manzanares; font-size: 16.2px;\">&#8211; Lavar a m\u00e1quina con colores similares y del rev\u00e9s.<\/span><br style=\"line-height: 1.47059;font-family: Manzanares;font-size: 16.2px\" data-mce-style=\"line-height: 1.47059; font-family: Manzanares; font-size: 16.2px;\"><span style=\"font-family: Manzanares;font-size: 16.2px\" data-mce-style=\"font-family: Manzanares; font-size: 16.2px;\">&#8211; No utilizar secadora.<\/span><br style=\"line-height: 1.47059;font-family: Manzanares;font-size: 16.2px\" data-mce-style=\"line-height: 1.47059; font-family: Manzanares; font-size: 16.2px;\"><span style=\"font-family: Manzanares;font-size: 16.2px\" data-mce-style=\"font-family: Manzanares; font-size: 16.2px;\">Con esta camiseta de manga larga edici\u00f3n jugador, estar\u00e1s listo para vivir cada partido con la intensidad y el orgullo del Atl\u00e9tico de Madrid.<\/span><br style=\"line-height: 1.47059;font-family: Manzanares;font-size: 16.2px\" data-mce-style=\"line-height: 1.47059; font-family: Manzanares; font-size: 16.2px;\"><br style=\"line-height: 1.47059;font-family: Manzanares;font-size: 16.2px\" data-mce-style=\"line-height: 1.47059; font-family: Manzanares; font-size: 16.2px;\"><span style=\"font-family: Manzanares;font-size: 16.2px\" data-mce-style=\"font-family: Manzanares; font-size: 16.2px;\">* El plazo de entrega de los productos personalizados puede incrementarse entre 4 y 6 d\u00edas laborables. Este plazo se suma a los tiempos indicados en nuestro apartado de entregas y env\u00edos.<\/span><\/p>\n<div class=\"wcfm_custom_field_display wcfm_custom_field_display_video-de-producto\"><h4 class='wcfm_custom_field_display_heading'>\u4ea7\u54c1\u89c6\u9891<\/h4><\/div><div class=\"wcfm-clearfix\"><\/div><br \/>","protected":false},"excerpt":{"rendered":"<p data-start=\"1017\" data-end=\"1480\">\u8fd9\u4ef6Atletico\u9a6c\u5fb7\u91cc\u7684\u7403\u8863\u4ee3\u8868\u4e86\u611f\u52a8\u4e86\u51e0\u4ee3\u7ea2\u767d\u7403\u8ff7\u7684\u7cbe\u795e\u548c\u989c\u8272\u3002\u4e00\u4e2a\u4f20\u8fbe\u8eab\u4efd\u3001\u6fc0\u60c5\u548c\u4ff1\u4e50\u90e8\u81ea\u8c6a\u611f\u7684\u8bbe\u8ba1\u3002\u5b8c\u7f8e\u7684\u643a\u5e26\u5728\u4f53\u80b2\u573a\uff0c\u5728\u65e5\u5e38\u751f\u6d3b\u4e2d\uff0c\u6216\u4efb\u4f55\u65f6\u5019\uff0c\u4f60\u60f3\u611f\u89c9\u81ea\u5df1\u662fAtleti\u7684\u4e00\u90e8\u5206\u3002.<br data-start=\"1339\" data-end=\"1342\"><br \/>\u5728Spacemall\u7684\u4ff1\u4e50\u90e8\u7a7a\u95f4\u5185\uff0c\u60a8\u53ef\u4ee5\u63a2\u7d22\u66f4\u591aAtletico de Madrid\u7684\u4ea7\u54c1\u3001\u4f53\u9a8c\u548c\u5185\u5bb9\u3002.<\/p>\n<p><\/p>","protected":false},"featured_media":6123,"template":"","meta":{"_acf_changed":false},"product_cat":[425,406],"product_tag":[875,860,872,871,877,863,876,873,869,874],"product_brand":[878],"class_list":{"0":"post-6124","1":"product","2":"type-product","3":"status-publish","4":"has-post-thumbnail","6":"product_cat-deporte-y-ocio","7":"product_cat-productos","8":"product_tag-aficion-atletica","9":"product_tag-atletico-de-madrid","10":"product_tag-camiseta-atleti","11":"product_tag-camiseta-atletico","12":"product_tag-camiseta-futbol","13":"product_tag-futbol-espana","14":"product_tag-merch-atletico","15":"product_tag-rojiblanco","16":"product_tag-spacemall-atleti","17":"product_tag-tienda-atleti","18":"product_brand-riyadh-air-kraken-hyundai-visit-rwanda-comave-mahou-caixabank-easports-coca-cola-movistar","20":"first","21":"instock","22":"taxable","23":"shipping-taxable","24":"purchasable","25":"product-type-variable","26":"has-default-attributes"},"acf":[],"_links":{"self":[{"href":"https:\/\/spacemall.asia\/zh\/wp-json\/wp\/v2\/product\/6124","targetHints":{"allow":["GET"]}}],"collection":[{"href":"https:\/\/spacemall.asia\/zh\/wp-json\/wp\/v2\/product"}],"about":[{"href":"https:\/\/spacemall.asia\/zh\/wp-json\/wp\/v2\/types\/product"}],"version-history":[{"count":2,"href":"https:\/\/spacemall.asia\/zh\/wp-json\/wp\/v2\/product\/6124\/revisions"}],"predecessor-version":[{"id":6134,"href":"https:\/\/spacemall.asia\/zh\/wp-json\/wp\/v2\/product\/6124\/revisions\/6134"}],"wp:featuredmedia":[{"embeddable":true,"href":"https:\/\/spacemall.asia\/zh\/wp-json\/wp\/v2\/media\/6123"}],"wp:attachment":[{"href":"https:\/\/spacemall.asia\/zh\/wp-json\/wp\/v2\/media?parent=6124"}],"wp:term":[{"taxonomy":"product_cat","embeddable":true,"href":"https:\/\/spacemall.asia\/zh\/wp-json\/wp\/v2\/product_cat?post=6124"},{"taxonomy":"product_tag","embeddable":true,"href":"https:\/\/spacemall.asia\/zh\/wp-json\/wp\/v2\/product_tag?post=6124"},{"taxonomy":"product_brand","embeddable":true,"href":"https:\/\/spacemall.asia\/zh\/wp-json\/wp\/v2\/product_brand?post=6124"}],"curies":[{"name":"wp","href":"https:\/\/api.w.org\/{rel}","templated":true}]}}