
{"id":5714,"date":"2025-09-22T16:32:15","date_gmt":"2025-09-22T14:32:15","guid":{"rendered":"https:\/\/spacemall.es\/producto\/pulsera-artesanal-con-cristal\/"},"modified":"2025-09-23T11:33:06","modified_gmt":"2025-09-23T09:33:06","slug":"pulsera-artesanal-con-cristal","status":"publish","type":"product","link":"https:\/\/spacemall.asia\/zh\/product\/pulsera-artesanal-con-cristal\/","title":{"rendered":"\u624b\u5de5\u73bb\u7483\u624b\u956f"},"content":{"rendered":"<p>Esta pulsera artesanal combina la suavidad del azul cielo con la pureza de las cuentas Miyuki en tonos perlados, logrando un dise\u00f1o fresco y armonioso. En el centro, un detalle de perlas redondeadas aporta equilibrio y un aire atemporal.<\/p>\n<p><\/p>\n<p>Los accesorios met\u00e1licos est\u00e1n elaborados en acero inoxidable 316L &amp; 304L, conocidos por su durabilidad, resistencia y acabado brillante que se mantiene con el tiempo, evitando la p\u00e9rdida de color.<\/p>\n<p><\/p>\n<p>Ligera, vers\u00e1til y c\u00f3moda de llevar, esta pulsera es perfecta para realzar tanto looks casuales como conjuntos m\u00e1s elegantes. Una joya delicada que se adapta a cada estilo y ocasi\u00f3n.<\/p>\n<p><\/p>\n<p>\u2728 Hecha a mano con cristal \u00d7 cuentas Miyuki.<\/p>\n<p>\u2728 Accesorios en acero inoxidable 316L &amp; 304L, resistentes y duraderos.<\/p>\n<p>\u2728 Dise\u00f1o minimalista, fresco y femenino.<\/p>\n<p>\u2728 Ideal como regalo especial o para tu d\u00eda a d\u00eda.<\/p>\n<p><\/p>\n<div class=\"wcfm_custom_field_display wcfm_custom_field_display_video-de-producto\"><h4 class='wcfm_custom_field_display_heading'>\u4ea7\u54c1\u89c6\u9891<\/h4><\/div><div class=\"wcfm-clearfix\"><\/div><br \/>","protected":false},"excerpt":{"rendered":"<p>\u624b\u5de5\u624b\u956f\u4e0e\u6c34\u6676\u00d7 Miyuki\u73e0\u5b50\u5728\u5929\u84dd\u8272\u548c\u73cd\u73e0\u767d\u8272\u7684\u8272\u8c03\u3002\u4e0e316L\u548c304L\u4e0d\u9508\u94a2\u914d\u4ef6\u76f8\u7ed3\u5408\uff0c\u575a\u56fa\uff0c\u989c\u8272\u660e\u4eae\uff0c\u4e0d\u892a\u8272\u3002\u4e00\u4e2a\u65b0\u9c9c\uff0c\u7cbe\u81f4\u548c\u4f18\u96c5\u7684\u4e00\u5757\u3002.<\/p>\n<p>\u5468\u8fb9:19.7cm<\/p>","protected":false},"featured_media":5709,"template":"","meta":{"_acf_changed":false},"product_cat":[20],"product_tag":[599,598,597,604,596,603,594,591,601,595,593,602,592,600],"product_brand":[],"class_list":{"0":"post-5714","1":"product","2":"type-product","3":"status-publish","4":"has-post-thumbnail","6":"product_cat-tiendas","7":"product_tag-accesorios-duraderos","8":"product_tag-acero-inoxidable-304l","9":"product_tag-acero-inoxidable-316l","10":"product_tag-bisuteria-elegante","11":"product_tag-cuentas-miyuki","12":"product_tag-joyeria-delicada","13":"product_tag-joyeria-hecha-a-mano","14":"product_tag-pulsera-artesanal","15":"product_tag-pulsera-azul","16":"product_tag-pulsera-cristal","17":"product_tag-pulsera-elegante","18":"product_tag-pulsera-fresca","19":"product_tag-pulsera-minimalista","20":"product_tag-regalo-para-mujer","22":"first","23":"instock","24":"taxable","25":"shipping-taxable","26":"purchasable","27":"product-type-simple"},"acf":[],"_links":{"self":[{"href":"https:\/\/spacemall.asia\/zh\/wp-json\/wp\/v2\/product\/5714","targetHints":{"allow":["GET"]}}],"collection":[{"href":"https:\/\/spacemall.asia\/zh\/wp-json\/wp\/v2\/product"}],"about":[{"href":"https:\/\/spacemall.asia\/zh\/wp-json\/wp\/v2\/types\/product"}],"version-history":[{"count":1,"href":"https:\/\/spacemall.asia\/zh\/wp-json\/wp\/v2\/product\/5714\/revisions"}],"predecessor-version":[{"id":5715,"href":"https:\/\/spacemall.asia\/zh\/wp-json\/wp\/v2\/product\/5714\/revisions\/5715"}],"wp:featuredmedia":[{"embeddable":true,"href":"https:\/\/spacemall.asia\/zh\/wp-json\/wp\/v2\/media\/5709"}],"wp:attachment":[{"href":"https:\/\/spacemall.asia\/zh\/wp-json\/wp\/v2\/media?parent=5714"}],"wp:term":[{"taxonomy":"product_cat","embeddable":true,"href":"https:\/\/spacemall.asia\/zh\/wp-json\/wp\/v2\/product_cat?post=5714"},{"taxonomy":"product_tag","embeddable":true,"href":"https:\/\/spacemall.asia\/zh\/wp-json\/wp\/v2\/product_tag?post=5714"},{"taxonomy":"product_brand","embeddable":true,"href":"https:\/\/spacemall.asia\/zh\/wp-json\/wp\/v2\/product_brand?post=5714"}],"curies":[{"name":"wp","href":"https:\/\/api.w.org\/{rel}","templated":true}]}}