
{"id":5678,"date":"2025-09-15T13:50:32","date_gmt":"2025-09-15T11:50:32","guid":{"rendered":"https:\/\/spacemall.es\/producto\/buda-espiritual-27cm-x-13cm-x-20cm\/"},"modified":"2025-09-15T13:50:32","modified_gmt":"2025-09-15T11:50:32","slug":"buda-espiritual-27cm-x-13cm-x-20cm","status":"publish","type":"product","link":"https:\/\/spacemall.asia\/zh\/product\/buda-espiritual-27cm-x-13cm-x-20cm\/","title":{"rendered":"Buda Espiritual 27cm x 13cm x 20cm"},"content":{"rendered":"<h3>Buda Espiritual 27cm x 13cm x 20cm<\/h3>\n<p>Esta estatua representa a Buda cuando comprendi\u00f3 y se ilumin\u00f3 bajo el \u00e1rbol de Bodhi. Alcanzo el Nirvana.<\/p>\n<p>\u5b83\u91cd\u7ea63\u516c\u65a4\uff0c\u9ad827\u5398\u7c73\uff0c\u7531\u9752\u94dc\u624b\u5de5\u5236\u4f5c\uff0c\u4f7f\u5176\u6210\u4e3a\u540c\u7c7b\u4e2d\u72ec\u4e00\u65e0\u4e8c\u7684\u4eba\u7269\u3002<\/p>\n<div class=\"wcfm_custom_field_display wcfm_custom_field_display_video-de-producto\"><h4 class='wcfm_custom_field_display_heading'>\u4ea7\u54c1\u89c6\u9891<\/h4><\/div><div class=\"wcfm-clearfix\"><\/div><br \/>","protected":false},"excerpt":{"rendered":"<p>\u9752\u94dc\u7cbe\u795e\u4f5b\u3002\u5b83\u4ee3\u8868\u7684\u662f\u5728\u83e9\u63d0\u6811\u4e0b\u901a\u8fc7\u51a5\u60f3\u5f97\u5230\u542f\u8fea\u7684\u4f5b\u3002<\/p>\n<p>\u5b83\u91cd\u7ea63\u516c\u65a4\uff0c\u9ad827\u5398\u7c73\uff0c\u7531\u9752\u94dc\u624b\u5de5\u5236\u4f5c\uff0c\u4f7f\u5176\u6210\u4e3a\u540c\u7c7b\u4e2d\u72ec\u4e00\u65e0\u4e8c\u7684\u4eba\u7269\u3002<\/p>","protected":false},"featured_media":5677,"template":"","meta":{"_acf_changed":false},"product_cat":[279,21,273,423],"product_tag":[575,584,581,585,555,583],"product_brand":[],"class_list":{"0":"post-5678","1":"product","2":"type-product","3":"status-publish","4":"has-post-thumbnail","6":"product_cat-aromaterapia-y-bienestar","7":"product_cat-arte-y-manualidades","8":"product_cat-articulos-y-accesorios","9":"product_cat-hogar-y-decoracion","10":"product_tag-artesania","11":"product_tag-comercio-justo","12":"product_tag-decoracion","13":"product_tag-estatua-bronce","14":"product_tag-nepal","15":"product_tag-tibet","16":"product_shipping_class-productos-sin-trato-especial","18":"first","19":"instock","20":"taxable","21":"shipping-taxable","22":"purchasable","23":"product-type-simple"},"acf":[],"_links":{"self":[{"href":"https:\/\/spacemall.asia\/zh\/wp-json\/wp\/v2\/product\/5678","targetHints":{"allow":["GET"]}}],"collection":[{"href":"https:\/\/spacemall.asia\/zh\/wp-json\/wp\/v2\/product"}],"about":[{"href":"https:\/\/spacemall.asia\/zh\/wp-json\/wp\/v2\/types\/product"}],"version-history":[{"count":1,"href":"https:\/\/spacemall.asia\/zh\/wp-json\/wp\/v2\/product\/5678\/revisions"}],"predecessor-version":[{"id":5679,"href":"https:\/\/spacemall.asia\/zh\/wp-json\/wp\/v2\/product\/5678\/revisions\/5679"}],"wp:featuredmedia":[{"embeddable":true,"href":"https:\/\/spacemall.asia\/zh\/wp-json\/wp\/v2\/media\/5677"}],"wp:attachment":[{"href":"https:\/\/spacemall.asia\/zh\/wp-json\/wp\/v2\/media?parent=5678"}],"wp:term":[{"taxonomy":"product_cat","embeddable":true,"href":"https:\/\/spacemall.asia\/zh\/wp-json\/wp\/v2\/product_cat?post=5678"},{"taxonomy":"product_tag","embeddable":true,"href":"https:\/\/spacemall.asia\/zh\/wp-json\/wp\/v2\/product_tag?post=5678"},{"taxonomy":"product_brand","embeddable":true,"href":"https:\/\/spacemall.asia\/zh\/wp-json\/wp\/v2\/product_brand?post=5678"}],"curies":[{"name":"wp","href":"https:\/\/api.w.org\/{rel}","templated":true}]}}