
{"id":5675,"date":"2025-09-15T13:47:25","date_gmt":"2025-09-15T11:47:25","guid":{"rendered":"https:\/\/spacemall.es\/producto\/concha-manjushri-17cm-x-9cm-x-8cm\/"},"modified":"2025-09-15T13:47:25","modified_gmt":"2025-09-15T11:47:25","slug":"concha-manjushri-17cm-x-9cm-x-8cm","status":"publish","type":"product","link":"https:\/\/spacemall.asia\/zh\/product\/concha-manjushri-17cm-x-9cm-x-8cm\/","title":{"rendered":"Concha Manjushri 17cm x 9cm x 8cm"},"content":{"rendered":"<h3>Caracola Manjushri (sin soporte) 17cmx9cmx8cm<\/h3>\n<p>Concha o caracola esculpida de forma artesanal.<\/p>\n<p>La caracola simboliza la verdad del dharma. La verdad del dharma se extiende como el sonido de una caracola.<\/p>\n<p>Manjushri es posiblemente el bodhisattva m\u00e1s antiguo y uno de los m\u00e1s importante de la literatura mah\u0101y\u0101na<\/p>\n<div class=\"wcfm_custom_field_display wcfm_custom_field_display_video-de-producto\"><h4 class='wcfm_custom_field_display_heading'>\u4ea7\u54c1\u89c6\u9891<\/h4><\/div><div class=\"wcfm-clearfix\"><\/div><br \/>","protected":false},"excerpt":{"rendered":"<p>\u7528\u6587\u6b8a\u624b\u5de5\u96d5\u523b\u7684\u58c1\u753b\u3002<\/p>\n<p>\u6d77\u87ba\u662f\u4f5b\u6559\u5f92\u7684\u516b\u5927\u5409\u7965\u7b26\u53f7\u4e4b\u4e00\u3002\u8fd9\u662f\u4f5b\u9640\u7684\u58f0\u97f3\uff0c\u4f20\u64ad\u5230\u6240\u6709\u5730\u65b9\u3002<\/p>\n<p>\u9664\u4e86\u6587\u6b8a\uff0c\u4ed6\u88ab\u63cf\u7ed8\u6210\u4e00\u4e2a\u5e74\u8f7b\u4eba\u5750\u5728\u83b2\u82b1<\/p>","protected":false},"featured_media":5674,"template":"","meta":{"_acf_changed":false},"product_cat":[279,21,273,424,423,427],"product_tag":[575,582,584,581,555,583],"product_brand":[],"class_list":{"0":"post-5675","1":"product","2":"type-product","3":"status-publish","4":"has-post-thumbnail","6":"product_cat-aromaterapia-y-bienestar","7":"product_cat-arte-y-manualidades","8":"product_cat-articulos-y-accesorios","9":"product_cat-belleza-y-cuidado-personal","10":"product_cat-hogar-y-decoracion","11":"product_cat-joyeria-y-relojeria","12":"product_tag-artesania","13":"product_tag-caracola","14":"product_tag-comercio-justo","15":"product_tag-decoracion","16":"product_tag-nepal","17":"product_tag-tibet","18":"product_shipping_class-productos-sin-trato-especial","20":"first","21":"instock","22":"sold-individually","23":"taxable","24":"shipping-taxable","25":"purchasable","26":"product-type-simple"},"acf":[],"_links":{"self":[{"href":"https:\/\/spacemall.asia\/zh\/wp-json\/wp\/v2\/product\/5675","targetHints":{"allow":["GET"]}}],"collection":[{"href":"https:\/\/spacemall.asia\/zh\/wp-json\/wp\/v2\/product"}],"about":[{"href":"https:\/\/spacemall.asia\/zh\/wp-json\/wp\/v2\/types\/product"}],"version-history":[{"count":1,"href":"https:\/\/spacemall.asia\/zh\/wp-json\/wp\/v2\/product\/5675\/revisions"}],"predecessor-version":[{"id":5676,"href":"https:\/\/spacemall.asia\/zh\/wp-json\/wp\/v2\/product\/5675\/revisions\/5676"}],"wp:featuredmedia":[{"embeddable":true,"href":"https:\/\/spacemall.asia\/zh\/wp-json\/wp\/v2\/media\/5674"}],"wp:attachment":[{"href":"https:\/\/spacemall.asia\/zh\/wp-json\/wp\/v2\/media?parent=5675"}],"wp:term":[{"taxonomy":"product_cat","embeddable":true,"href":"https:\/\/spacemall.asia\/zh\/wp-json\/wp\/v2\/product_cat?post=5675"},{"taxonomy":"product_tag","embeddable":true,"href":"https:\/\/spacemall.asia\/zh\/wp-json\/wp\/v2\/product_tag?post=5675"},{"taxonomy":"product_brand","embeddable":true,"href":"https:\/\/spacemall.asia\/zh\/wp-json\/wp\/v2\/product_brand?post=5675"}],"curies":[{"name":"wp","href":"https:\/\/api.w.org\/{rel}","templated":true}]}}