
{"id":5671,"date":"2025-09-15T13:39:42","date_gmt":"2025-09-15T11:39:42","guid":{"rendered":"https:\/\/spacemall.es\/producto\/mala-con-cuentas-de-malaquita\/"},"modified":"2025-09-15T13:39:42","modified_gmt":"2025-09-15T11:39:42","slug":"mala-con-cuentas-de-malaquita","status":"publish","type":"product","link":"https:\/\/spacemall.asia\/zh\/product\/mala-con-cuentas-de-malaquita\/","title":{"rendered":"\u7cdf\u7cd5\u7684\u5b54\u96c0\u8d26\u6237"},"content":{"rendered":"<h3>\u7cdf\u7cd5\u7684\u5b54\u96c0\u8d26\u6237<\/h3>\n<p>Descubre el\u00a0<span style=\"margin: 0px;padding: 0px;border: 0px;font-style: inherit;font-variant: inherit;font-weight: 700;font-size: inherit;line-height: inherit;font-family: inherit;vertical-align: baseline\">Mala con cuentas de malaquita.<\/span>\u00a0Una pieza artesanal hecha con\u00a0<span style=\"margin: 0px;padding: 0px;border: 0px;font-style: inherit;font-variant: inherit;font-weight: 700;font-size: inherit;line-height: inherit;font-family: inherit;vertical-align: baseline\">piedra malaquita<\/span><span style=\"margin: 0px;padding: 0px;border: 0px;font-style: inherit;font-variant: inherit;font-weight: 700;font-size: inherit;line-height: inherit;font-family: inherit;vertical-align: baseline\">\u00a0natural<\/span> cuidadosamente seleccionadas para potenciar tu energ\u00eda y acompa\u00f1arte en tu pr\u00e1ctica de meditaci\u00f3n, yoga o mindfulness o simplemente en tu outfit.<\/p>\n<div class=\"wcfm_custom_field_display wcfm_custom_field_display_video-de-producto\"><h4 class='wcfm_custom_field_display_heading'>\u4ea7\u54c1\u89c6\u9891<\/h4><\/div><div class=\"wcfm-clearfix\"><\/div><br \/>","protected":false},"excerpt":{"rendered":"<p><span>\u6bcf\u4e2a\u5e10\u6237\u7684\u00a0<\/span><span data-start=\"2822\" data-end=\"2843\">\u5929\u7136\u5b54\u96c0\u77f3<\/span><span>\u00a0\u5177\u6709\u72ec\u7279\u7684\u7eff\u8272\u6761\u7eb9\uff0c\u8c61\u5f81\u7740\u8f6c\u6362\u3002\u8fd9\u4e2a\u00a0<\/span><span data-start=\"2912\" data-end=\"2933\">\u5b54\u96c0<\/span><span>\u00a0\u5b83\u88ab\u8ba4\u4e3a\u662f\u4f34\u968f\u60c5\u611f\u6108\u5408\u8fc7\u7a0b\uff1a\u6253\u5f00\u5fc3\u810f\u8109\u8f6e\uff0c\u91ca\u653e\u8fc7\u53bb\u7684\u521b\u4f24\uff0c\u57f9\u517b\u540c\u60c5\u5fc3\u3002\u7406\u60f3\u7684\u5bbd\u6055\u51a5\u60f3\u548c\u4e2a\u4eba\u6210\u957f\u7684\u613f\u666f\u3002<\/span><\/p>","protected":false},"featured_media":5670,"template":"","meta":{"_acf_changed":false},"product_cat":[273,424,423,274,19],"product_tag":[579,578,580,576,577],"product_brand":[],"class_list":{"0":"post-5671","1":"product","2":"type-product","3":"status-publish","4":"has-post-thumbnail","6":"product_cat-articulos-y-accesorios","7":"product_cat-belleza-y-cuidado-personal","8":"product_cat-hogar-y-decoracion","9":"product_cat-minerales","10":"product_cat-sin-categorizar","11":"product_tag-collar","12":"product_tag-complementos","13":"product_tag-malaquita","14":"product_tag-meditacion","15":"product_tag-yoga","16":"product_shipping_class-productos-sin-trato-especial","18":"first","19":"instock","20":"sold-individually","21":"taxable","22":"shipping-taxable","23":"purchasable","24":"product-type-simple"},"acf":[],"_links":{"self":[{"href":"https:\/\/spacemall.asia\/zh\/wp-json\/wp\/v2\/product\/5671","targetHints":{"allow":["GET"]}}],"collection":[{"href":"https:\/\/spacemall.asia\/zh\/wp-json\/wp\/v2\/product"}],"about":[{"href":"https:\/\/spacemall.asia\/zh\/wp-json\/wp\/v2\/types\/product"}],"version-history":[{"count":1,"href":"https:\/\/spacemall.asia\/zh\/wp-json\/wp\/v2\/product\/5671\/revisions"}],"predecessor-version":[{"id":5672,"href":"https:\/\/spacemall.asia\/zh\/wp-json\/wp\/v2\/product\/5671\/revisions\/5672"}],"wp:featuredmedia":[{"embeddable":true,"href":"https:\/\/spacemall.asia\/zh\/wp-json\/wp\/v2\/media\/5670"}],"wp:attachment":[{"href":"https:\/\/spacemall.asia\/zh\/wp-json\/wp\/v2\/media?parent=5671"}],"wp:term":[{"taxonomy":"product_cat","embeddable":true,"href":"https:\/\/spacemall.asia\/zh\/wp-json\/wp\/v2\/product_cat?post=5671"},{"taxonomy":"product_tag","embeddable":true,"href":"https:\/\/spacemall.asia\/zh\/wp-json\/wp\/v2\/product_tag?post=5671"},{"taxonomy":"product_brand","embeddable":true,"href":"https:\/\/spacemall.asia\/zh\/wp-json\/wp\/v2\/product_brand?post=5671"}],"curies":[{"name":"wp","href":"https:\/\/api.w.org\/{rel}","templated":true}]}}