
{"id":5668,"date":"2025-09-15T13:36:30","date_gmt":"2025-09-15T11:36:30","guid":{"rendered":"https:\/\/spacemall.es\/producto\/mala-con-cuentas-de-amazonita\/"},"modified":"2025-09-15T13:36:30","modified_gmt":"2025-09-15T11:36:30","slug":"mala-con-cuentas-de-amazonita","status":"publish","type":"product","link":"https:\/\/spacemall.asia\/zh\/product\/mala-con-cuentas-de-amazonita\/","title":{"rendered":"\u7cdf\u7cd5\u7684\u4e9a\u9a6c\u900a\u8d26\u6237"},"content":{"rendered":"<p><span>Conocida por su capacidad para equilibrar las energ\u00edas masculinas y femeninas, la amazonita calma el sistema nervioso, disuelve tensiones emocionales y favorece la expresi\u00f3n aut\u00e9ntica del ser. Es una piedra profundamente conectada con el<\/span><span>\u00a0<\/span><span data-start=\"886\" data-end=\"908\" style=\"font-family: inherit;font-size: inherit;font-style: inherit;font-variant: inherit;margin: 0px;padding: 0px;border: 0px;font-weight: 700;line-height: inherit;vertical-align: baseline\">chakra del coraz\u00f3n<\/span><span>\u00a0<\/span><span>y el<\/span><span>\u00a0<\/span><span data-start=\"914\" data-end=\"939\" style=\"font-family: inherit;font-size: inherit;font-style: inherit;font-variant: inherit;margin: 0px;padding: 0px;border: 0px;font-weight: 700;line-height: inherit;vertical-align: baseline\">chakra de la garganta<\/span><span>, por lo que resulta perfecta para meditaciones enfocadas en el amor propio, la sinceridad y la resoluci\u00f3n de conflictos internos.<\/span><\/p>\n<p><span>Conocida por su capacidad para equilibrar las energ\u00edas masculinas y femeninas, la amazonita calma el sistema nervioso, disuelve tensiones emocionales y favorece la expresi\u00f3n aut\u00e9ntica del ser. Es una piedra profundamente conectada con el<\/span><span>\u00a0<\/span><span data-start=\"886\" data-end=\"908\" style=\"font-family: inherit;font-size: inherit;font-style: inherit;font-variant: inherit;margin: 0px;padding: 0px;border: 0px;font-weight: 700;line-height: inherit;vertical-align: baseline\">chakra del coraz\u00f3n<\/span><span>\u00a0<\/span><span>y el<\/span><span>\u00a0<\/span><span data-start=\"914\" data-end=\"939\" style=\"font-family: inherit;font-size: inherit;font-style: inherit;font-variant: inherit;margin: 0px;padding: 0px;border: 0px;font-weight: 700;line-height: inherit;vertical-align: baseline\">chakra de la garganta<\/span><span>, por lo que resulta perfecta para meditaciones enfocadas en el amor propio, la sinceridad y la resoluci\u00f3n de conflictos internos.<\/span><\/p>\n<div class=\"wcfm_custom_field_display wcfm_custom_field_display_video-de-producto\"><h4 class='wcfm_custom_field_display_heading'>\u4ea7\u54c1\u89c6\u9891<\/h4><\/div><div class=\"wcfm-clearfix\"><\/div><br \/>","protected":false},"excerpt":{"rendered":"<p data-start=\"328\" data-end=\"646\">Este\u00a0<span data-start=\"333\" data-end=\"376\" style=\"margin: 0px;padding: 0px;border: 0px;font-style: inherit;font-variant: inherit;font-weight: 700;font-size: inherit;line-height: inherit;font-family: inherit;vertical-align: baseline\">\u5c3c\u6cca\u5c14\u624b\u5de5\u5236\u4f5c\u7684\u4e9a\u9a6c\u900a<\/span>\u00a0\u5b83\u7531108\u9897\u7ecf\u8fc7\u7cbe\u5fc3\u6253\u78e8\u7684\u5929\u7136\u77f3\u73e0\u7ec4\u6210\uff0c\u9009\u62e9\u5b83\u4eec\u7684\u989c\u8272\u662f\u5f3a\u70c8\u7684\u84dd\u7eff\u8272\u3002\u7684\u00a0<span data-start=\"503\" data-end=\"516\" style=\"margin: 0px;padding: 0px;border: 0px;font-style: inherit;font-variant: inherit;font-weight: 700;font-size: inherit;line-height: inherit;font-family: inherit;vertical-align: baseline\">amazonita<\/span>\uff0c\u4e5f\u88ab\u79f0\u4e3a\u201c\u771f\u7406\u548c\u6c9f\u901a\u4e4b\u77f3\u201d\uff0c\u662f\u90a3\u4e9b\u5bfb\u6c42\u5fc3\u7075\u3001\u8eab\u4f53\u548c\u7cbe\u795e\u7edf\u4e00\u7684\u4eba\u7684\u7406\u60f3\u9009\u62e9\u3002<\/p>","protected":false},"featured_media":5667,"template":"","meta":{"_acf_changed":false},"product_cat":[256,423,66],"product_tag":[575,576,577],"product_brand":[],"class_list":{"0":"post-5668","1":"product","2":"type-product","3":"status-publish","4":"has-post-thumbnail","6":"product_cat-adivinacionalfaesoterismooraculo","7":"product_cat-hogar-y-decoracion","8":"product_cat-moda","9":"product_tag-artesania","10":"product_tag-meditacion","11":"product_tag-yoga","12":"product_shipping_class-productos-sin-trato-especial","14":"first","15":"instock","16":"sold-individually","17":"taxable","18":"shipping-taxable","19":"purchasable","20":"product-type-simple"},"acf":[],"_links":{"self":[{"href":"https:\/\/spacemall.asia\/zh\/wp-json\/wp\/v2\/product\/5668","targetHints":{"allow":["GET"]}}],"collection":[{"href":"https:\/\/spacemall.asia\/zh\/wp-json\/wp\/v2\/product"}],"about":[{"href":"https:\/\/spacemall.asia\/zh\/wp-json\/wp\/v2\/types\/product"}],"version-history":[{"count":1,"href":"https:\/\/spacemall.asia\/zh\/wp-json\/wp\/v2\/product\/5668\/revisions"}],"predecessor-version":[{"id":5669,"href":"https:\/\/spacemall.asia\/zh\/wp-json\/wp\/v2\/product\/5668\/revisions\/5669"}],"wp:featuredmedia":[{"embeddable":true,"href":"https:\/\/spacemall.asia\/zh\/wp-json\/wp\/v2\/media\/5667"}],"wp:attachment":[{"href":"https:\/\/spacemall.asia\/zh\/wp-json\/wp\/v2\/media?parent=5668"}],"wp:term":[{"taxonomy":"product_cat","embeddable":true,"href":"https:\/\/spacemall.asia\/zh\/wp-json\/wp\/v2\/product_cat?post=5668"},{"taxonomy":"product_tag","embeddable":true,"href":"https:\/\/spacemall.asia\/zh\/wp-json\/wp\/v2\/product_tag?post=5668"},{"taxonomy":"product_brand","embeddable":true,"href":"https:\/\/spacemall.asia\/zh\/wp-json\/wp\/v2\/product_brand?post=5668"}],"curies":[{"name":"wp","href":"https:\/\/api.w.org\/{rel}","templated":true}]}}