
{"id":5327,"date":"2025-08-08T14:38:02","date_gmt":"2025-08-08T12:38:02","guid":{"rendered":"https:\/\/spacemall.es\/producto\/traslados-y-tripulaciones\/"},"modified":"2025-08-08T14:38:02","modified_gmt":"2025-08-08T12:38:02","slug":"traslados-y-tripulaciones","status":"publish","type":"product","link":"https:\/\/spacemall.asia\/zh\/product\/traslados-y-tripulaciones\/","title":{"rendered":"\u8f6c\u8fd0\u548c\u673a\u7ec4\u4eba\u5458"},"content":{"rendered":"<div id=\"stacks_out_4\" class=\"stacks_out\">\n<div id=\"stacks_in_4\" class=\"stacks_in text_stack\">Mar<br \/>\n Infinito le ofrece la experiencia de sus profesionales para llevar su<br \/>\nembarcaci\u00f3n desde y hasta el punto de Espa\u00f1a o del mundo que usted<br \/>\nrequiera. No deje su preciada embarcaci\u00f3n en manos de patrones<br \/>\naficionados. Encargue los traslados de su barco a los patrones<br \/>\nprofesionales de Mar Infinito, que pueden darle todas las garant\u00edas<br \/>\nmediante un contrato a medida de sus requerimientos. Mar Infinito cuenta<br \/>\n con patrones y tripulantes especializados en cada uno de los tipos de<br \/>\nbarcos, para asegurar la m\u00e1xima efectividad durante el servicio sean<br \/>\ncuales sean las condiciones: veleros, moto-veleros, motoras fueraborda,<br \/>\nlanchas motoras, yates a motor, trawlers, llauts, embarcaciones<br \/>\nsemi-r\u00edgidas, motos de agua, barcos de desplazamiento, de<br \/>\nsemi-desplazamiento,&#8230;  Un ejemplo de este servicio a\u00f1adido de Mar<br \/>\nInfinito, es que para el traslado de los Llauts, contamos con los<br \/>\nprofesionales que trabajan habitualmente para el Astillero Menorquin.<br \/>\nPara los traslados de los barcos Belliure siempre contamos con personal<br \/>\ndel astillero que nos acompa\u00f1an por la remota eventualidad de que uno de<br \/>\n sus barcos den un m\u00ednimo fallo.<\/p>\n<p>Los profesionales de Mar<br \/>\nInfinito cuentan con muchas millas n\u00e1uticas a sus espaldas, en las que<br \/>\nhan sufrido, aguantado y solucionado multitud de vicisitudes de las que<br \/>\nel mar prepara a sus navegantes. Asimismo, Mar Infinito cuenta con<br \/>\npersonal t\u00e9cnico especializados en todas y cada una de las<br \/>\nmotorizaciones utilizadas habitualmente en las embarcaciones: Volvo<br \/>\nPenta, Yanmar, Cummins, Caterpillar, MTU, Mercedes, Sol\u00e9, etc., as\u00ed como<br \/>\n especialistas el\u00e9ctricos, electr\u00f3nicos, veleros, espcialistas en<br \/>\njarcias, etc.. Estos profesionales est\u00e1n a su servicio y pueden formar<br \/>\nparte de la tripulaci\u00f3n del barco si as\u00ed se requiere. Tanto Mar Infinito<br \/>\n como sus patrones cuentan con los contactos adecuados para solventar<br \/>\ncualquier incidencia en pr\u00e1cticamente cualquier punto del litoral<br \/>\nEspa\u00f1ol, y en muchos puntos del Mediterr\u00e1neo y Atl\u00e1ntico.<\/p>\n<\/div>\n<\/div>\n<div id=\"stacks_out_6\" class=\"stacks_out\">\n<div id=\"stacks_in_6\" class=\"stacks_in image_stack\">\n<div class=\"centered_image\">\n    <img decoding=\"async\" class=\"imageStyle\" src=\"https:\/\/marinfinito.com\/servicios\/traslado%20de%20embarcaciones\/files\/stacks-image-202f585-1200x900.jpg\" alt=\"Stacks Image 7\">\n<\/div>\n<\/div>\n<\/div>\n<div id=\"stacks_out_170\" class=\"stacks_out\">\n<div id=\"stacks_in_170\" class=\"stacks_in com_joeworkman_stacks_justifytext_stack\">\n<p>Mar<br \/>\n Infinito ofrece su servicio de Traslado de Embarcaciones a un precio<br \/>\naltamente competitivo y justo, con total transparencia. Se realizar\u00e1 un<br \/>\npresupuesto todo lo m\u00e1s claro y detallado posible, y posteriormente se<br \/>\njustificar\u00e1n todos los gastos mediante los correspondientes tickets y<br \/>\nfacturas. Mar Infinito no quiere tampoco riesgos ni sorpresas en el<br \/>\nsentido econ\u00f3mico.<\/p>\n<p>Si lo que necesita es trasladar el barco a<br \/>\notro continente en un barco transportador, o trasladarlo por tierra,<br \/>\np\u00f3ngase en contacto con nosotros y le asesoraremos gratuitamente. Mar<br \/>\nInfinito trabaja con las mejores empresas especializadas en este tipo de<br \/>\n transporte n\u00e1utico.<\/p>\n<\/div>\n<\/div>\n<div id=\"stacks_out_168\" class=\"stacks_out\">\n<div id=\"stacks_in_168\" class=\"stacks_in text_stack\">\n<p style=\"text-align:center\"><strong>UNA VEZ COMIENCE LA SINGLADURA<\/strong><\/p>\n<\/div>\n<\/div>\n<div id=\"stacks_out_166\" class=\"stacks_out\">\n<div id=\"stacks_in_166\" class=\"stacks_in com_joeworkman_stacks_justifytext_stack\">Los<br \/>\n profesionales llevar\u00e1n el barco desde el puerto de origen al de<br \/>\ndestino, pasando por los puertos previamente acordados con el armador.<br \/>\nPor motivos de seguridad, el viaje programado podr\u00e1 sufrir los cambios<br \/>\nque el patr\u00f3n estime oportunos, dentro de la l\u00f3gica, que deber\u00e1<br \/>\njustificar debidamente al armador del barco.<\/p>\n<p>El barco se<br \/>\nmantendr\u00e1 al r\u00e9gimen de vueltas de motor que se acuerde con el armador,<br \/>\npara economizar el combustible y mantenerlos tiempos marcados para la<br \/>\ncompleci\u00f3n del servicio de Traslado. En el caso del traslado de veleros,<br \/>\n el uso de las velas como medio de propulsi\u00f3n, se utilizar\u00e1 siempre que<br \/>\naporte velocidad y econom\u00eda al viaje, y siempre que no reste<br \/>\nprestaciones e impida ir en una trayectoria m\u00e1s o menos recta hacia el<br \/>\npuerto pr\u00f3ximo de destino. Esto aspectos tambi\u00e9n podr\u00e1n variarse por<br \/>\nmotivos t\u00e9cnicos o de meteorolog\u00eda, y tambi\u00e9n se justificar\u00e1n<br \/>\ndebidamente al armador del barco.<\/p>\n<\/div>\n<\/div>\n<div id=\"stacks_out_10\" class=\"stacks_out\">\n<div id=\"stacks_in_10\" class=\"stacks_in image_stack\">\n<div class=\"centered_image\">\n    <img decoding=\"async\" class=\"imageStyle\" src=\"https:\/\/marinfinito.com\/servicios\/traslado%20de%20embarcaciones\/files\/stacks-image-53f0849-1200x346.jpg\" alt=\"Stacks Image 11\">\n<\/div>\n<\/div>\n<\/div>\n<div id=\"stacks_out_12\" class=\"stacks_out\">\n<div id=\"stacks_in_12\" class=\"stacks_in text_stack\">\n<p>La<br \/>\n tripulaci\u00f3n de Mar Infinito que traslade su barco, mantendr\u00e1 contacto<br \/>\ncon el armador del barco, o con la persona que \u00e9ste designe durante el<br \/>\nservicio de Traslado. Necesariamente se pondr\u00e1n en contacto para<br \/>\ninformar de la llegada a puerto, cada vez que esto ocurra, de la salida<br \/>\nde puerto cada vez que esto ocurra, y cada vez que surja una incidencia.<br \/>\n En estas comunicaciones, el patr\u00f3n informar\u00e1 al armador de las<br \/>\nincidencias ocurridas en la etapa de navegaci\u00f3n concluida, mediante un<br \/>\nparte. Dicho parte contendr\u00e1 todos los aspectos que tanto armador como<br \/>\npatr\u00f3n consideren importantes y acuerden de antemano. Por ejemplo,<br \/>\nestado de sentinas, rendimiento del motor en velocidad o en autonom\u00eda.<\/p>\n<p>\u7684<br \/>\n servicio de traslado de Mar Infinito concluye cuando la tripulaci\u00f3n del<br \/>\n barco est\u00e1 de vuelta en casa. Antes de esto, habr\u00e1n dejado el barco<br \/>\nperfectamente amarrado en un atraque asignado en el puerto de destino,<br \/>\nhabr\u00e1n entregado la documentaci\u00f3n del barco a la capitan\u00eda del puerto, y<br \/>\n por \u00faltimo, habr\u00e1n dejado el barco por lo menos en el mismo estado de<br \/>\nlimpieza y de orden en el que se lo encontraron. Existe la posibilidad<br \/>\nde encargar una limpieza completa a nuestros profesionales a la llegada<br \/>\nal puerto de destino.<\/p>\n<p><\/div>\n<\/div>\n<div id=\"stacks_out_14\" class=\"stacks_out\">\n<div id=\"stacks_in_14\" class=\"stacks_in image_stack\">\n<div class=\"centered_image\">\n    <img decoding=\"async\" class=\"imageStyle\" src=\"https:\/\/marinfinito.com\/servicios\/traslado%20de%20embarcaciones\/files\/stacks-image-4dacebc.jpg\" alt=\"Stacks Image 15\">\n<\/div>\n<\/div>\n<\/div>\n<div id=\"stacks_out_16\" class=\"stacks_out\">\n<div id=\"stacks_in_16\" class=\"stacks_in text_stack\">\n<p style=\"text-align:center\"><strong>CONDICIONES<\/strong><\/p>\n<\/div>\n<\/div>\n<div id=\"stacks_out_172\" class=\"stacks_out\">\n<div id=\"stacks_in_172\" class=\"stacks_in com_joeworkman_stacks_justifytext_stack\">Mar<br \/>\n Infinito no quiere riesgos de ning\u00fan tipo. La seguridad es lo primero<br \/>\nque hay que mirar a la hora de zarpar con un barco, sobre todo si este<br \/>\nbarco es desconocido y pertenece a un desconocido. Por eso, Mar Infinito<br \/>\n marca las siguientes condiciones indispensables a la hora de plantear<br \/>\nun traslado a sus profesionales de la navegaci\u00f3n.<\/p>\n<p>\u2022 La<br \/>\nembarcaci\u00f3n deber\u00e1 contar con toda la documentaci\u00f3n en regla, seg\u00fan<br \/>\nexige la Direcci\u00f3n General de la Marina Mercante, y las autoridades de<br \/>\nlos pa\u00edses por donde haya que trasladar el barco. El barco y su<br \/>\nequipamiento deber\u00e1 estar al d\u00eda de inspecciones t\u00e9cnicas, y deber\u00e1<br \/>\ncontar con la documentaci\u00f3n que lo acredite.<br \/>\u2022 La embarcaci\u00f3n tendr\u00e1<br \/>\nel correspondiente seguro, que necesariamente cubrir\u00e1 el traslado a<br \/>\nrealizar, as\u00ed como a la tripulaci\u00f3n que se contratada a Mar Infinito<br \/>\npara realizar el traslado.<br \/>\u2022 La embarcaci\u00f3n deber\u00e1 contar con el<br \/>\nequipo de seguridad obligatorio para la navegaci\u00f3n que se requiera para<br \/>\nel traslado. Todo el equipo de seguridad deber\u00e1 estar al d\u00eda y en<br \/>\nperfecto estado de funcionamiento.<br \/>\u2022 La embarcaci\u00f3n estar\u00e1 en buenas<br \/>\ncondiciones de navegaci\u00f3n, con el\/los motor\/es y elementos t\u00e9cnicos<br \/>\ndebidamente revisados. Si se trata de un velero, la jarcia firme y de<br \/>\nlabor, as\u00ed como las velas, deber\u00e1n ser totalmente funcionales.<br \/>\u2022 Mar<br \/>\nInfinito redactar\u00e1 una autorizaci\u00f3n para que el armador oficial del<br \/>\nbarco autorice al patr\u00f3n y a su tripulaci\u00f3n para realizar el traslado y<br \/>\nlas gestiones necesarias para el mismo. Dependiendo del origen, el<br \/>\ndestino y los puertos de escala, es posible que sean necesarios otros<br \/>\ndocumentos de autorizaci\u00f3n. Por ejemplo, autorizaci\u00f3n de entrada a las<br \/>\ninstalaciones del puerto de origen.<br \/>\u2022 Mar Infinito redactar\u00e1 un<br \/>\ncontrato de servicio en el que constar\u00e1n las condiciones pactadas del<br \/>\nservicio, as\u00ed como las fechas estimadas de salida del puerto de origen y<br \/>\n llegada al puerto de destino.***<\/p>\n<p>Mar Infinito puede asesorarle<br \/>\nrespecto a los puntos anteriores antes de contratar el servicio, y puede<br \/>\n solventar muchas de las mencionadas necesidades, si el armador se lo<br \/>\nencarga. Este servicio adicional ser\u00e1 obligatorio para casos en los que<br \/>\nel barco objeto del traslado, sea un barco nuevo, o reci\u00e9n adquirido por<br \/>\n el armador que contrata nuestros servicios, ya que \u00e9l mismo no puede<br \/>\ndar fe de las condiciones del barco en los mencionados aspectos.<\/p>\n<p> \n<\/div>\n<\/div>\n<div id=\"stacks_out_18\" class=\"stacks_out\">\n<div id=\"stacks_in_18\" class=\"stacks_in image_stack\">\n<div class=\"centered_image\">\n    <img decoding=\"async\" class=\"imageStyle\" src=\"https:\/\/marinfinito.com\/servicios\/traslado%20de%20embarcaciones\/files\/stacks-image-325c5f0.jpg\" alt=\"Stacks Image 19\">\n<\/div>\n<\/div>\n<\/div>\n<div id=\"stacks_out_24\" class=\"stacks_out\">\n<div id=\"stacks_in_24\" class=\"stacks_in text_stack\">\n<p style=\"text-align:center\"><strong>COSTES<\/strong><\/p>\n<\/div>\n<\/div>\n<div id=\"stacks_out_174\" class=\"stacks_out\">\n<div id=\"stacks_in_174\" class=\"stacks_in com_joeworkman_stacks_justifytext_stack\">Los gastos ocasionados en el contexto del servicio de Traslados de Embarcaciones, que corren cargo del armador del barco, son:<\/p>\n<p>\u2022<br \/>\n Combustible necesario para el traslado y algo m\u00e1s. El armador dejar\u00e1<br \/>\nlleno el dep\u00f3sito de combustible, y dar\u00e1 al patr\u00f3n una provisi\u00f3n de<br \/>\ngastos, si la distancia del traslado a realizar supera la autonom\u00eda real<br \/>\n del barco.?<br \/>\u2022 Gastos de desplazamiento del patr\u00f3n desde su casa al<br \/>\npuerto de partida del traslado y\/o de vuelta a su casa desde el puerto<br \/>\nde destino. Para estos desplazamientos se estudiar\u00e1 la manera m\u00e1s<br \/>\neficiente de viajar teniendo en cuenta todas las opciones (autob\u00fas,<br \/>\navi\u00f3n, tren, coche de alquiler, barco).<br \/>\u2022 Los gastos de atraque y de<br \/>\nsuministros en los puertos en los que se haga escala durante el<br \/>\ntraslado, ser\u00e1n a cargo del armador del barco.<br \/>\u2022 Las dietas del<br \/>\npatr\u00f3n y tripulantes correr\u00e1n a cargo del armador, siendo el m\u00ednimo 35<br \/>\n\u20ac* por persona y d\u00eda. Estas dietas incluyen todos los gastos de<br \/>\nalimentaci\u00f3n de cada miembro de la tripulaci\u00f3n desde que abandonan su<br \/>\ncasa hasta que vuelven a ella.<br \/>\u2022 Los gastos de emergencia que surjan<br \/>\ndurante el traslado del barco, necesarios para mantener la seguridad<br \/>\nabordo y llevar el servicio a su compleci\u00f3n. Por ejemplo, servicios de<br \/>\nbuzo para liberar la h\u00e9lice de propulsi\u00f3n de un cabo enrollado durante<br \/>\nel atraque.<br \/>\u2022 En general, correr\u00e1 a cargo del armador cualquier gasto<br \/>\n que sea necesario hacer durante el traslado. La regla debe ser que ni<br \/>\nel patr\u00f3n ni la tripulaci\u00f3n deba poner dinero de su bolsillo, desde que<br \/>\nsalen de su casa, hasta que vuelven a ella, con motivo del traslado.<br \/>\nTodos los gastos realizados durante el traslado ser\u00e1n atribuibles al<br \/>\nmismo, y ser\u00e1n debidamente justificados mediante tickets y facturas,<br \/>\nmanteniendo total transparencia. Quedan excluidos todos los gastos<br \/>\nsuperfluos, de ropa, regalos y cualquier otro gasto no necesario. Patr\u00f3n<br \/>\n y tripulaci\u00f3n ir\u00e1n adecuadamente pertrechados para realizar el<br \/>\nTraslado.<\/p>\n<p style=\"text-align:center\"><strong>Cont\u00e1ctenos para solicitar el servicio de Traslado de Embarcaci\u00f3n que necesite.<\/strong><\/p>\n<\/div>\n<\/div>\n<div class=\"wcfm_custom_field_display wcfm_custom_field_display_video-de-producto\"><h4 class='wcfm_custom_field_display_heading'>\u4ea7\u54c1\u89c6\u9891<\/h4><\/div><div class=\"wcfm-clearfix\"><\/div><br \/>","protected":false},"excerpt":{"rendered":"<p>\u7531\u7ecf\u9a8c\u4e30\u5bcc\u7684\u8239\u957f\u63d0\u4f9b\u4e13\u4e1a\u7684\u8239\u8236\u8f6c\u79fb\u670d\u52a1\uff0c\u5408\u540c\u4fdd\u8bc1\u548c\u5168\u9762\u7684\u54a8\u8be2\u3002Mar Infinito\u5728\u897f\u73ed\u7259\u548c\u56fd\u9645\u4e0a\u63d0\u4f9b\u5b89\u5168\u3001\u900f\u660e\u548c\u4e2a\u6027\u5316\u7684\u8fd0\u8f93\u3002<\/p>","protected":false},"featured_media":5325,"template":"","meta":{"_acf_changed":false},"product_cat":[434],"product_tag":[522,516,520,515,517,523,521,514,518,519],"product_brand":[],"class_list":{"0":"post-5327","1":"product","2":"type-product","3":"status-publish","4":"has-post-thumbnail","6":"product_cat-servicios-tecnicos-y-mantenimiento","7":"product_tag-asesoramiento","8":"product_tag-garantia-contractual","9":"product_tag-motores-marinos","10":"product_tag-patrones-profesionales","11":"product_tag-seguridad-nautica","12":"product_tag-transparencia","13":"product_tag-transporte-nautico","14":"product_tag-traslado-de-embarcaciones","15":"product_tag-veleros","16":"product_tag-yates","18":"first","19":"instock","20":"taxable","21":"shipping-taxable","22":"purchasable","23":"product-type-simple"},"acf":[],"_links":{"self":[{"href":"https:\/\/spacemall.asia\/zh\/wp-json\/wp\/v2\/product\/5327","targetHints":{"allow":["GET"]}}],"collection":[{"href":"https:\/\/spacemall.asia\/zh\/wp-json\/wp\/v2\/product"}],"about":[{"href":"https:\/\/spacemall.asia\/zh\/wp-json\/wp\/v2\/types\/product"}],"version-history":[{"count":1,"href":"https:\/\/spacemall.asia\/zh\/wp-json\/wp\/v2\/product\/5327\/revisions"}],"predecessor-version":[{"id":5328,"href":"https:\/\/spacemall.asia\/zh\/wp-json\/wp\/v2\/product\/5327\/revisions\/5328"}],"wp:featuredmedia":[{"embeddable":true,"href":"https:\/\/spacemall.asia\/zh\/wp-json\/wp\/v2\/media\/5325"}],"wp:attachment":[{"href":"https:\/\/spacemall.asia\/zh\/wp-json\/wp\/v2\/media?parent=5327"}],"wp:term":[{"taxonomy":"product_cat","embeddable":true,"href":"https:\/\/spacemall.asia\/zh\/wp-json\/wp\/v2\/product_cat?post=5327"},{"taxonomy":"product_tag","embeddable":true,"href":"https:\/\/spacemall.asia\/zh\/wp-json\/wp\/v2\/product_tag?post=5327"},{"taxonomy":"product_brand","embeddable":true,"href":"https:\/\/spacemall.asia\/zh\/wp-json\/wp\/v2\/product_brand?post=5327"}],"curies":[{"name":"wp","href":"https:\/\/api.w.org\/{rel}","templated":true}]}}