
{"id":5323,"date":"2025-08-08T14:28:54","date_gmt":"2025-08-08T12:28:54","guid":{"rendered":"https:\/\/spacemall.es\/producto\/alquiler-charter-de-embarcaciones\/"},"modified":"2025-08-08T14:28:54","modified_gmt":"2025-08-08T12:28:54","slug":"alquiler-charter-de-embarcaciones","status":"publish","type":"product","link":"https:\/\/spacemall.asia\/zh\/product\/alquiler-charter-de-embarcaciones\/","title":{"rendered":"\u8239\u8236\u79df\u8d41\/\u79df\u8239"},"content":{"rendered":"<div id=\"stacks_out_307\" class=\"stacks_out\">\n<div id=\"stacks_in_307\" class=\"stacks_in text_stack\"><strong>CLAVES PARA ALQUILAR UN BARCO Y SABER D\u00d3NDE, C\u00d3MO Y A QUI\u00c9N<\/strong><\/p>\n<\/div>\n<\/div>\n<div id=\"stacks_out_333\" class=\"stacks_out\">\n<div id=\"stacks_in_333\" class=\"stacks_in com_joeworkman_stacks_justifytext_stack\">\u7684<br \/>\n alquiler de una embarcaci\u00f3n o ch\u00e1rter es una muy buena opci\u00f3n para<br \/>\naquellos que quieren disfrutar de un barco sin sufrir los gastos de<br \/>\ncompra y de mantenimiento. Ofrece la posibilidad de aprender a navegar<br \/>\nmientras se conocen diferentes costas, \u00e1reas de navegaci\u00f3n, calas,<br \/>\ncabos, etc., y se disfruta de la cocina marinera de la gastronom\u00eda<br \/>\nlocal, etc.<\/p>\n<p>En tiempos de Covid19, Mar Infinito constata que el<br \/>\nch\u00e1rter se ha consolidado como la opci\u00f3n vacacional m\u00e1s segura: vamos<br \/>\ncon nuestra familia en nuestro coche hasta el barco, embarcamos con todo<br \/>\n lo que necesitamos abordo, no nos mezclamos con nadie (hay suficientes<br \/>\nplanes como para no tener que desembarcar para nada en toda la semana),<br \/>\nvolvemos al puerto, nos subimos a nuestro coche y volvemos a casa. <\/p>\n<p>\u7684<br \/>\n ch\u00e1rter n\u00e1utico o alquiler de un barco, ya sea velero, motora o yates<br \/>\nde lujo a vela o motor por primera vez, es muy sencillo si conocemos a<br \/>\nalguien de confianza que nos recomiende una empresa o armador serio y<br \/>\nque nos facilite la b\u00fasqueda de las opciones que mejor se adapten a las<br \/>\nnecesidades. Si no contamos con esa ayuda, el proceso puede complicarse<br \/>\nhasta el punto de decidir no seguir adelante con la aventura.<\/p>\n<p>Dependiendo<br \/>\n del objetivo del alquiler, ya sea para un evento n\u00e1utico privado<br \/>\n(vacaciones, celebraciones de despedidas de soltero\/a, bodas,<br \/>\ncumplea\u00f1os, etc), o un evento n\u00e1utico para empresa (Marketing Mar\u00edtimo,<br \/>\nconvenciones a bordo, incentivos de empresa, formaci\u00f3n, team building<br \/>\nn\u00e1utico, detalles hacia nuestros mejores empleados, clientes, etc.), es<br \/>\nimportante seleccionar correctamente el tipo de barco.<\/p>\n<p>A<br \/>\ncontinuaci\u00f3n, Mar Infinito te presenta algunas recomendaciones a tener<br \/>\nen cuenta a la hora de contratar un ch\u00e1rter, decisi\u00f3n a decisi\u00f3n:<\/p>\n<p><strong>Decisi\u00f3n 1.- Zona de navegaci\u00f3n y puerto base del ch\u00e1rter<\/strong><\/p>\n<p>\u5728<br \/>\n Espa\u00f1a se pueden alquilar barcos de recreo en casi toda la Pen\u00ednsula,<br \/>\nBaleares y Canarias, siendo las zonas m\u00e1s populares las Islas Baleares,<br \/>\nLevante, Canarias y Catalu\u00f1a. Hay zonas donde se puede navegar<br \/>\npr\u00e1cticamente todo el a\u00f1o, zonas donde s\u00f3lo es factible en verano, y<br \/>\nzonas donde hay que mirar el tiempo con m\u00e1s cuidado. Por ejemplo, en<br \/>\nCanarias se puede navegar casi todo el a\u00f1o, as\u00ed como en Denia<br \/>\n(Alicante), Marbella (M\u00e1laga) y en Palma de Mallorca, cuya bah\u00eda est\u00e1<br \/>\nbastante protegida de los vientos predominantes. C\u00e1diz tiene el problema<br \/>\n de las Levanteras veraniegas por lo que hay que mirar el tiempo con<br \/>\ncuidado. Menorca es un paraje impresionante, pero los vientos tambi\u00e9n lo<br \/>\n son a veces, por lo que merece la pena elegir bien la temporada. La<br \/>\nclimatolog\u00eda en Espa\u00f1a es bastante regular, y existen fuentes para<br \/>\nconsultar el tiempo que puede hacer en un sitio, una semana determinada<br \/>\ndel a\u00f1o.<\/p>\n<p>Hay muchos aspectos a tener en cuenta a la hora de<br \/>\ndecidir el puerto base del ch\u00e1rter, como por ejemplo de d\u00f3nde vienen los<br \/>\n tripulantes y qu\u00e9 tienen que hacer para llegar a la zona donde quieren<br \/>\nnavegar. Es mucho m\u00e1s f\u00e1cil, r\u00e1pido y econ\u00f3mico acercarse por tierra al<br \/>\nlugar de destino que por mar. Lo m\u00e1s pr\u00e1ctico es partir del puerto base<br \/>\nque est\u00e9 lo m\u00e1s cerca posible del punto donde queremos navegar. Por<br \/>\nejemplo, si queremos navegar un d\u00eda por Cabrera, interesa alquilar el<br \/>\nbarco en Mallorca, y acordarse de reservar boya!.<\/p>\n<p>No obstante,<br \/>\nhay veces que puede ser m\u00e1s interesante alquilar el barco lejos y<br \/>\nnavegar hasta destino. Por ejemplo, si queremos navegar en Ibiza 5<br \/>\nmadrile\u00f1os, tenemos que calcular lo que nos cuesta llegar a Ibiza y<br \/>\nluego alquilar el barco. Suponiendo que el precio del alquiler del barco<br \/>\n sea el mismo, puede ser m\u00e1s interesante alquilar el barco en Denia, a<br \/>\n45 millas n\u00e1uticas de la isla. De esa manera, se cambian 5 billetes de<br \/>\navi\u00f3n por un viaje en coche de 4 horas y media, y las vacaciones pueden<br \/>\nsalir mucho m\u00e1s econ\u00f3micas. Otro caso puede ser un grupo de Barcelona<br \/>\nque quiera navegar en Menorca, donde no hay muchos barcos de alquiler.<br \/>\nUna opci\u00f3n interesante puede ser alquilar el barco en Barcelona y<br \/>\nnavegar hasta Menorca. El inconveniente de estos viajes es que se pierde<br \/>\n tiempo de estancia en el destino navegando desde el puerto base.<\/p>\n<p><strong>Decisi\u00f3n 2.- Alquiler de Barco completo o Alquiler de Barco Plaza a Plaza<\/strong><\/p>\n<p>La<br \/>\n decisi\u00f3n de alquilar un barco de vela o a motor depender\u00e1 del n\u00famero de<br \/>\n personas que se animen a disfrutar de la navegaci\u00f3n, del tiempo de que<br \/>\nse disponga, del gusto por la velocidad o la tranquilidad, y por<br \/>\nsupuesto, del presupuesto. Para que salga rentable es interesante formar<br \/>\n grupos de tantas personas como plazas tenga el barco. El m\u00e1ximo de<br \/>\nplazas en las embarcaciones de recreo suele ser de 12, incluyendo a<br \/>\npatr\u00f3n. En funci\u00f3n de esto se podr\u00e1 decidir si compensa alquilar un<br \/>\nbarco completo en exclusiva. En nuestra secci\u00f3n de Alquiler \/ Ch\u00e1rter<br \/>\npuedes consultar nuestra oferta. Si no encuentras el barco que buscas,<br \/>\np\u00eddenoslo y te lo encontraremos en las flotas de nuestros colaboradores.<\/p>\n<p>\u662f\u7684<br \/>\n no se consigue formar un grupo lo suficientemente grande hay otras<br \/>\nalternativas. Mar Infinito le ofrece barcos que ofrecen plazas en viajes<br \/>\n ya establecidos. Es una manera de conocer a gente nueva, amantes del<br \/>\nmar y de la navegaci\u00f3n, y con una filosof\u00eda de vida similar a la<br \/>\nnuestra. Mar Infinito le ofrece una buena selecci\u00f3n de viajes y<br \/>\nexperiencias Plaza-a-plaza<\/p>\n<p><strong>Decisi\u00f3n 3.- En qu\u00e9 temporada alquilar y cu\u00e1nto tiempo<\/strong><\/p>\n<p>Esta<br \/>\n decisi\u00f3n puede venir dada por la disponibilidad de tiempo y de cuando<br \/>\nse pueden coger las vacaciones. No obstante, merece la pena conocer el<br \/>\nahorro o el sobreprecio que se paga alquilando el mismo barco seg\u00fan la<br \/>\ntemporada. Si le es posible mover las vacaciones, puede ser la mejor<br \/>\nidea.<\/p>\n<p>Por regla general, las empresas de ch\u00e1rter ofrecen<br \/>\ndistintos precios para el mismo barco, dependiendo de la temporada.<br \/>\nNormalmente hay cuatro temporadas: la Alta es Agosto y Julio, y suele<br \/>\nincluir la Semana Santa (aunque a veces est\u00e1 considerada como Media<br \/>\nAlta), la Media Alta es Junio y Septiembre; y la Media Baja suele ser<br \/>\nAbril, Mayo y Octubre, y la baja es el resto del a\u00f1o. Hay empresas que<br \/>\ntienen hasta 9 temporadas distintas. En muchos casos el precio que se<br \/>\npaga en Temporada Alta es casi el doble de lo que se paga en Temporada<br \/>\nBaja, por lo que si no tienes problema de fechas y vas a un sitio con<br \/>\nbuen clima todo el a\u00f1o, merece la pena alquilar fuera de las temporadas<br \/>\ncaras.<\/p>\n<p>Existe una coincidencia entre las empresas de ch\u00e1rter<br \/>\nrespecto a los periodos de alquiler. Los barcos se pueden alquilar por<br \/>\nSemanas completas y D\u00edas sueltos, aunque algunas empresas ofrecen<br \/>\npaquetes de Fin de Semana, y el alquiler por Medios D\u00edas, e incluso por<br \/>\nHora.<\/p>\n<p>Por regla general, las Semanas de Ch\u00e1rter suelen contarse<br \/>\nde s\u00e1bado a viernes, aunque hay excepciones. Se embarca el s\u00e1bado por la<br \/>\n tarde y se desembarca el viernes siguiente a medio d\u00eda, de esta manera,<br \/>\n la empresa de ch\u00e1rter tiene tiempo para preparar el barco para el<br \/>\nsiguiente cliente. A veces es posible, si no est\u00e1 alquilado antes,<br \/>\nembarcar el viernes por la noche, pero esto es una cortes\u00eda que no se<br \/>\npuede exigir.<\/p>\n<p>El Ch\u00e1rter de D\u00eda o Day Ch\u00e1rter suele durar<br \/>\nentorno a las 8 horas (de 11:00 a 19:00 aproximadamente) y el de medio<br \/>\nd\u00eda suele ser 4 \u00f3 5 horas. La opci\u00f3n de alquiler de d\u00eda no suele incluir<br \/>\n la pernocta abordo. Es importante saber que, en temporada alta, es muy<br \/>\ncomplicado alquilar barcos por d\u00edas sueltos e incluso por fines de<br \/>\nsemana. Las empresas de ch\u00e1rter reservan sus barcos para alquileres de<br \/>\nsemana completa. Las excepciones son las embarcaciones espec\u00edficamente<br \/>\ndestinadas al Day Ch\u00e1rter, o las ofertas Last Minute lanzadas por<br \/>\nempresas a las que les han cancelado la semana de ch\u00e1rter, y tienen<br \/>\nbarco disponible para alquilar los d\u00edas de esa semana.<\/p>\n<p>Elegir<br \/>\ncon suficiente antelaci\u00f3n cu\u00e1ndo y d\u00f3nde se desea navegar, es muy<br \/>\nimportante ya que el n\u00famero de barcos es limitado. El sector n\u00e1utico en<br \/>\nEspa\u00f1a vive mucho del turismo internacional, especialmente del norte de<br \/>\nEuropa, que se caracterizan por contratar sus vacaciones con bastante<br \/>\nantelaci\u00f3n. Planificar las vacaciones n\u00e1uticas con tiempo es importante<br \/>\npara poder optar a mejores barcos y condiciones. Hay empresas que<br \/>\nofrecen descuentos por pronto pago. Merece la pena preguntar qu\u00e9<br \/>\ndescuentos tienen al contactar con ellas.<\/p>\n<p><strong>Decisi\u00f3n 4.- Barco de vela o de motor<\/strong><\/p>\n<p>La<br \/>\n elecci\u00f3n del tipo de embarcaci\u00f3n depender\u00e1 enormemente de las<br \/>\npreferencias de la tripulaci\u00f3n en la manera de disfrutar del mar y de<br \/>\nlas vacaciones de que dispong\u00e1is. Si os gusta la velocidad en el agua, o<br \/>\n lo que quer\u00e9is es aprovechar el tiempo al m\u00e1ximo, conocer muchas<br \/>\nplayas, calas y parajes, y no os interesa dedicarle mucho tiempo al<br \/>\ntrayecto, vuestra opci\u00f3n es alquilar un barco de motor. Si lo que<br \/>\nquer\u00e9is es disfrutar de la navegaci\u00f3n tranquila, disfrutando del<br \/>\ntrayecto, sin prisas, aprendiendo a navegar, haciendo deporte, la mejor<br \/>\nopci\u00f3n es alquilar un velero. Hay m\u00e1s veleros de alquiler que motoras en<br \/>\n el mercado del alquiler n\u00e1utico.<\/p>\n<p>El coste de una embarcaci\u00f3n a<br \/>\nvela casi siempre ser\u00e1 menor que el de uno a motor. En primer lugar, los<br \/>\n barcos de motor son veh\u00edculos m\u00e1s caros de adquirir, por lo que su<br \/>\nprecio de alquiler es mayor que el de un velero, a igualdad de tama\u00f1o.<br \/>\nEn esta l\u00ednea, la fianza tambi\u00e9n es mayor para un barco de motor que<br \/>\npara un velero. En segundo lugar, el barco de motor consume mucho m\u00e1s<br \/>\ncombustible que un velero, sin contar con que el velero puede navegar<br \/>\nexclusivamente a vela fuera de puerto.<\/p>\n<p>A igualdad de tama\u00f1o, los<br \/>\n veleros de alquiler son m\u00e1s espaciosos que las motoras de alquiler.<br \/>\nEsto se debe al espacio dedicado a la sala de motores de las motoras,<br \/>\npor un lado. Por otro, al volumen que ganan los veleros al ser m\u00e1s altos<br \/>\n (profundos), ya que est\u00e1n dise\u00f1ados para tener estabilidad dentro del<br \/>\nagua, y no para deslizarse por encima como las motoras. En t\u00e9rminos<br \/>\npr\u00e1cticos, esto quiere decir que, para los mismos tripulantes, la motora<br \/>\n que se necesite para el ch\u00e1rter ser\u00e1 m\u00e1s grande que el velero.<\/p>\n<p><strong>Decisi\u00f3n 5.- Barco con patr\u00f3n o sin patr\u00f3n (con tripulaci\u00f3n o sin tripulaci\u00f3n)<\/strong><\/p>\n<p>Es<br \/>\n obligatorio contar con los servicios de un patr\u00f3n si la tripulaci\u00f3n que<br \/>\n va a alquilar y disfrutar de un barco no cuenta con nadie con la<br \/>\ntitulaci\u00f3n y experiencia requerida. Nosotros recomendamos contratar un<br \/>\npatr\u00f3n con experiencia en ch\u00e1rter y que conozca perfectamente el barco y<br \/>\n la zona de navegaci\u00f3n. Las empresas de ch\u00e1rter suelen tener un n\u00famero<br \/>\nde estos profesionales disponibles. Tambi\u00e9n es interesante contar con<br \/>\nestos profesionales en los casos en los que el patr\u00f3n necesite aprender<br \/>\nm\u00e1s o acabe de obtener la titulaci\u00f3n requerida para el manejo del barco<br \/>\n(PER, Patr\u00f3n de Yate o Capit\u00e1n).<\/p>\n<p>Si contratamos a un patr\u00f3n<br \/>\ndebemos ser conscientes de que tenemos una persona m\u00e1s en el barco, y<br \/>\ntenemos que contar con \u00e9l para pr\u00e1cticamente todo. Normalmente, el<br \/>\npatr\u00f3n duerme con nosotros en el barco (a no ser que le contratemos s\u00f3lo<br \/>\n para navegar durante el d\u00eda, y volvamos a pernoctar a su puerto de<br \/>\nresidencia). Si el espacio lo permite, se le reserva un camarote. Si no,<br \/>\n puede compartir un camarote, aunque lo normal es que duerma en el<br \/>\nsal\u00f3n. Como persona que contratamos para nuestro viaje, va a gastos<br \/>\npagados, y come de lo que comemos nosotros en el barco.<\/p>\n<p>Aunque<br \/>\nno deja de ser tener a un extra\u00f1o abordo, los patrones profesionales<br \/>\nsuelen ser personas muy interesantes, agradables y con don de gentes,<br \/>\nque hacen que se superen las expectativas del viaje y se aprende mucho<br \/>\nde ellos. Suelen ser personas que saben estar y saben cuando sobran, y<br \/>\nact\u00faan en consecuencia.<\/p>\n<p>Aunque puede parecer obvio, es<br \/>\nimportante se\u00f1alar que el patr\u00f3n no es una persona del servicio<br \/>\ndom\u00e9stico, ni un camarero. Es un profesional n\u00e1utico titulado y<br \/>\nexperimentado. Se pueden contratar tripulantes profesionales adicionales<br \/>\n para los servicios que se requieran: limpieza, cocina, marineros, etc.<br \/>\nSi no se contratan a estos profesionales se supone que todo el trabajo<br \/>\nabordo se comparte entre todos los tripulantes. Tambi\u00e9n es importante<br \/>\nsaber que el patr\u00f3n de un barco de alquiler, ya sea de nuestro grupo o<br \/>\ncontratado, es el m\u00e1ximo responsable del barco y de las personas abordo,<br \/>\n con todo lo que ello supone.<\/p>\n<p><strong>Decisi\u00f3n 6: Contrataci\u00f3n de ch\u00e1rter. Tema de tarifas, precios y pagos.<\/strong><\/p>\n<p>Una<br \/>\n vez hemos tomado las 5 decisiones anteriores, es momento de estudiar el<br \/>\n mercado para contratar barco que necesitamos en el puerto de embarque o<br \/>\n en la zona de navegaci\u00f3n que queramos. Cuando sepamos lo que hay en el<br \/>\nmercado, tomaremos una decisi\u00f3n en base a la oferta que nos ofrezca m\u00e1s<br \/>\nvalor por el precio que paguemos. Este valor se traducir\u00e1 en tama\u00f1o del<br \/>\nbarco, n\u00famero de camarotes, de ba\u00f1os, etc.. Tambi\u00e9n tenemos que tener en<br \/>\n consideraci\u00f3n temas como la calidad que percibimos de la empresa, la<br \/>\nconfianza que nos da, etc. En este sentido, es interesante buscar<br \/>\nreferencias de la empresa en Internet, como valoraciones y cr\u00edticas,<br \/>\ntiempo que lleva operando, etc. Hay grandes diferencias en la antig\u00fcedad<br \/>\n de los barcos y del estado de conservaci\u00f3n. Si es nuestra primera vez<br \/>\nalquilando un barco, probablemente no valoremos las diferencias que hay<br \/>\nentre un barco nuevo y uno de hace 5, o incluso 10 a\u00f1os. Lo que si<br \/>\nnotaremos es que los nuevos son mucho m\u00e1s caros, por lo que merece la<br \/>\npena estudiar lo que pagamos y en concepto de qu\u00e9.<\/p>\n<p>En este punto<br \/>\n nos daremos cuenta de que cada empresa expone las tarifas y las ofertas<br \/>\n de una manera distinta, por lo que tenemos que extraer la informaci\u00f3n<br \/>\nque necesitamos para poderla comparar. La informaci\u00f3n que necesitamos es<br \/>\n muy sencilla pero no siempre es f\u00e1cil de recopilar:<\/p>\n<p>&#8211; Precio<br \/>\ndel alquiler del barco: Tenemos que saber si la oferta incluye impuestos<br \/>\n o no (la diferencia de precio es importante: 21% del IVA). Los barcos<br \/>\nm\u00e1s nuevos son los m\u00e1s caros, pero tambi\u00e9n los que mejores condiciones<br \/>\npresentan. Por lo general, las empresas de ch\u00e1rter ofrecen barcos con<br \/>\nantig\u00fcedades no superiores a los 4 a\u00f1os. Si los barcos son m\u00e1s antiguos,<br \/>\n eso deber\u00eda verse reflejado en el precio.<\/p>\n<p>&#8211; Fianza: El ch\u00e1rter<br \/>\nse parece mucho al alquiler de coches, donde la fianza es un dinero que<br \/>\nse entrega, que se devuelve si el barco se entrega tal y como nos lo han<br \/>\n alquilado, y si se ha repuesto el tanque de combustible. <\/p>\n<p>&#8211;<br \/>\nPrecio del patr\u00f3n, suponiendo que lo contratemos. Los precios oscilan<br \/>\nentre los 150 y los 200 \u20ac \/ d\u00eda dependiendo de las zonas y la duraci\u00f3n<br \/>\ndel ch\u00e1rter.<\/p>\n<p>&#8211; Precio de la limpieza final del barco, que a<br \/>\nveces est\u00e1 incluido en el precio del alquiler, pero muchas veces no lo<br \/>\nest\u00e1. Depender\u00e1 normalmente del tama\u00f1o y de la cantidad de camarotes y<br \/>\nba\u00f1os que tenga el barco.<\/p>\n<p>Si no tenemos clara alguna de estas<br \/>\ncosas, es interesante contactar a la empresa para asegurarnos de que<br \/>\ntenemos clara toda la informaci\u00f3n.<\/p>\n<p>&#8211; Extras necesarios: Hay<br \/>\nempresas que cobran por la ropa de cama y las toallas de ba\u00f1o. Otras lo<br \/>\nincluyen en el precio. Hay que consultar. Los barcos suelen estar<br \/>\nprovistos del menaje necesario para todas las personas para las que est\u00e1<br \/>\n despachado el barco.<\/p>\n<p>&#8211; Extras opcionales: Aunque la embarcaci\u00f3n<br \/>\n auxiliar, semirr\u00edgida o dinghy, suele estar incluida en el equipamiento<br \/>\n est\u00e1ndar, el motor fueraborda de la misma puede no estarlo. Algunas<br \/>\nempresas alquilan equipo de Snorkle o de buceo para sus barcos.<br \/>\n\u00daltimamente est\u00e1 de moda alquilar tablas de padel surf o kayaks, que<br \/>\nmuchas empresas de ch\u00e1rter ya ofrecen. Las motoras a veces pueden<br \/>\npedirse con multitud de juguetes n\u00e1uticos que se suelen pagar aparte:<br \/>\nSeaBobs, flotadores, o donuts, etc. Los veleros pueden tener opci\u00f3n de<br \/>\nalquiler de velas adicionales, como puedan ser Spinnakers o Gennakers.<\/p>\n<p>Una<br \/>\n vez que decidamos la oferta que queremos contratar, el paso siguiente<br \/>\nser\u00e1 reservar. La reserva de ch\u00e1rter suele ser un 50% del precio del<br \/>\nalquiler del barco. El 50% restante normalmente habr\u00e1 que abonarlo una<br \/>\nsemana antes del embarque. Puede haber diferencias m\u00ednimas en este<br \/>\nsentido de empresa a empresa. El d\u00eda del embarque se abonar\u00e1 lo que<br \/>\nquede pendiente del total contratado, que normalmente ser\u00e1 el salario<br \/>\ndel patr\u00f3n, la limpieza final, los extras contratados, y la fianza.<\/p>\n<p>Tenemos<br \/>\n que tener en cuenta que una vez tengamos el barco, lo tenemos que<br \/>\naprovisionar de alimentos y de productos de limpieza. Esto adem\u00e1s de<br \/>\nencarecer el ch\u00e1rter, complica un poco la log\u00edstica, sobre todo en<br \/>\npuertos en los que no conocemos la existencia de supermercados y menos<br \/>\nde horarios de fin de semana. Para esto, muchas empresas ofrecen el<br \/>\nservicio de aprovisionamiento del barco, para que cuando lleguen sus<br \/>\nclientes se lo encuentren con todo lo necesario, por un porcentaje<br \/>\nm\u00ednimo del importe de la compra. Hay muchos puertos de la pen\u00ednsula que<br \/>\ncuentan con un Mercadona o Carrefour cerca que ofrecen llevar la compra<br \/>\nal barco mediante la compra online en sus p\u00e1ginas. Esto ahorra mucho<br \/>\ntiempo y esfuerzo.<\/p>\n<p>Cada empresa tiene una pol\u00edtica distinta<br \/>\nrespecto a la cancelaci\u00f3n del ch\u00e1rter. Conviene consultar a la empresa<br \/>\nde ch\u00e1rter antes de hacer ning\u00fan pago. Tambi\u00e9n se puede recurrir a<br \/>\nseguros de cancelaci\u00f3n si pensamos que puede peligrar nuestra<br \/>\nasistencia.<\/p>\n<p>Ya s\u00f3lo te falta alquilar un barco. \u00a1An\u00edmate! Busca<br \/>\nla opci\u00f3n que m\u00e1s te guste en la flota de Mar Infinito, y si no te<br \/>\nencaja ninguna, cont\u00e1ctanos para busc\u00e1rtela.\u00a0\u00a0<\/p><\/div>\n<\/div>\n<div class=\"wcfm_custom_field_display wcfm_custom_field_display_video-de-producto\"><h4 class='wcfm_custom_field_display_heading'>\u4ea7\u54c1\u89c6\u9891<\/h4><\/div><div class=\"wcfm-clearfix\"><\/div><br \/>","protected":false},"excerpt":{"rendered":"<h1>\u65e0\u9650\u6d77\u56e2\u961f<\/h1>\n<p>www.marinfinito.com ,<br \/>\nwww.barcosventayalquiler.com , www.bluehorses.net y<br \/>\nwww.spainmarinecharter.com\u662f\u201c\u65e0\u9650\u4e4b\u6d77\u201d\u5021\u8bae\u7684\u4e00\u90e8\u5206<br \/>\n\u5168\u7403\u5316\u3001\u591a\u6587\u5316\u3001\u591a\u8bed\u8a00\uff0c\u751f\u6765\u5c31\u662f\u4e3a\u4e86<br \/>\n \u4e3a\u5ba2\u6237\u63d0\u4f9b\u4e16\u754c\u8303\u56f4\u5185\u7684\u6240\u6709\u822a\u6d77\u4ea7\u54c1<br \/>\n \u4ee5\u4e00\u79cd\u7b80\u5355\u800c\u5b9e\u60e0\u7684\u65b9\u5f0f\u3002<\/p>\n<p>\u540c\u6837\uff0c\u65e0\u9650\u6d77\u8bde\u751f<br \/>\n\u76ee\u6807\u662f\u4fc3\u8fdb\u897f\u73ed\u7259\u5728\u4e16\u754c\u4e0a<br \/>\n\u9ad8\u8d28\u91cf\u7684\u8239\uff0c\u4ed6\u4eec\u7684\u5de8\u5927\u7684\uff0c\u5947\u5999\u7684\uff0c\u591a\u6837\u7684<br \/>\n\u6d77\u5cb8\uff0c\u5176\u6587\u5316\u65c5\u6e38\u88ab\u5c11\u6570\u56fd\u5bb6\u6240\u8d85\u8d8a\uff0c\u5176\u65e0\u4e0e\u4f26\u6bd4\u7684<br \/>\n\u914d\u642d\u3002<\/p>\n<p>\u8fd9\u4e9b\u76ee\u6807\u4e4b\u6240\u4ee5\u6210\u4e3a\u53ef\u80fd\uff0c\u662f\u56e0\u4e3a\u2026\u2026<br \/>\nInfinito\u53ef\u4ee5\u752810\u79cd\u8bed\u8a00\u4e0e\u5ba2\u6237\u3001\u4f9b\u5e94\u5546\u3001<br \/>\n\u7ecf\u7eaa\u4eba\u3001\u7ecf\u7406\u3001\u884c\u653f\u90e8\u95e8\u3001\u8239\u957f\u3001\u8239\u5382\u3001<br \/>\n\u65c5\u6e38\u7ecf\u8425\u8005\u3001\u79df\u8239\u516c\u53f8\u7b49\u7b49\u3002<br \/>\n\u5728\u4e16\u754c\u4e0a\u5927\u591a\u6570\u56fd\u5bb6\u8fdb\u884c\u822a\u6d77\u7ba1\u7406\u3002<\/p>\n<p>\u7684<br \/>\n \u65e0\u9650\u6d77\u6d0b\u56e2\u961f\uff0c\u7531\u4e13\u4e1a\u4eba\u58eb\u7ec4\u6210<br \/>\n \u5728\u6bcf\u4e00\u4e2a\u4e0d\u540c\u7684\u822a\u6d77\u5b66\u79d1<br \/>\n\u4f53\u80b2\uff0c\u65e0\u8bba\u662f\u8239\u8236\u4fee\u7406\uff0c\u8bad\u7ec3<br \/>\n\u822a\u6d77\u3001\u8239\u8236\u7ef4\u4fee\u3001\u91c7\u8d2d\u54a8\u8be2<br \/>\n\u8239\u8236\u548c\u822a\u6d77\u8bbe\u5907\u7b49\u3002<\/p>\n<p>\u65e0\u9650\u6d77\u7ee7\u627f\u4e86www.spainmarinecharter.com\u548cwww.bluehorses.net\u5341\u591a\u5e74\u7684\u7ecf\u9a8c<\/p><\/p>","protected":false},"featured_media":5321,"template":"","meta":{"_acf_changed":false},"product_cat":[425,432,435],"product_tag":[493,503,504,512,511,513,497,507,510,494,496,506,509,495,505,508,498,502,499,501,500],"product_brand":[],"class_list":{"0":"post-5323","1":"product","2":"type-product","3":"status-publish","4":"has-post-thumbnail","6":"product_cat-deporte-y-ocio","7":"product_cat-marketing-digital-y-publicidad","8":"product_cat-organizacion-y-gestion-de-eventos","9":"product_tag-alquiler-de-barcos","10":"product_tag-alquiler-de-barcos-en-denia","11":"product_tag-alquiler-de-barcos-en-ibiza","12":"product_tag-alquiler-de-barcos-para-eventos-de-empresa","13":"product_tag-alquiler-de-barcos-para-eventos-particulares","14":"product_tag-alquiler-de-barcos-para-team-building-nautico","15":"product_tag-alquiler-de-catamaranes","16":"product_tag-alquiler-de-catamaranes-en-denia","17":"product_tag-alquiler-de-catamaranes-en-ibiza","18":"product_tag-alquiler-de-embarcaciones","19":"product_tag-alquiler-de-motoras","20":"product_tag-alquiler-de-motoras-en-denia","21":"product_tag-alquiler-de-motoras-en-ibiza","22":"product_tag-alquiler-de-veleros","23":"product_tag-alquiler-de-veleros-en-denia","24":"product_tag-alquiler-de-veleros-en-ibiza","25":"product_tag-charter-de-barcos","26":"product_tag-charter-de-catamaranes","27":"product_tag-charter-de-embarcaciones","28":"product_tag-charter-de-motoras","29":"product_tag-charter-de-veleros","31":"first","32":"instock","33":"taxable","34":"shipping-taxable","35":"purchasable","36":"product-type-simple"},"acf":[],"_links":{"self":[{"href":"https:\/\/spacemall.asia\/zh\/wp-json\/wp\/v2\/product\/5323","targetHints":{"allow":["GET"]}}],"collection":[{"href":"https:\/\/spacemall.asia\/zh\/wp-json\/wp\/v2\/product"}],"about":[{"href":"https:\/\/spacemall.asia\/zh\/wp-json\/wp\/v2\/types\/product"}],"version-history":[{"count":1,"href":"https:\/\/spacemall.asia\/zh\/wp-json\/wp\/v2\/product\/5323\/revisions"}],"predecessor-version":[{"id":5324,"href":"https:\/\/spacemall.asia\/zh\/wp-json\/wp\/v2\/product\/5323\/revisions\/5324"}],"wp:featuredmedia":[{"embeddable":true,"href":"https:\/\/spacemall.asia\/zh\/wp-json\/wp\/v2\/media\/5321"}],"wp:attachment":[{"href":"https:\/\/spacemall.asia\/zh\/wp-json\/wp\/v2\/media?parent=5323"}],"wp:term":[{"taxonomy":"product_cat","embeddable":true,"href":"https:\/\/spacemall.asia\/zh\/wp-json\/wp\/v2\/product_cat?post=5323"},{"taxonomy":"product_tag","embeddable":true,"href":"https:\/\/spacemall.asia\/zh\/wp-json\/wp\/v2\/product_tag?post=5323"},{"taxonomy":"product_brand","embeddable":true,"href":"https:\/\/spacemall.asia\/zh\/wp-json\/wp\/v2\/product_brand?post=5323"}],"curies":[{"name":"wp","href":"https:\/\/api.w.org\/{rel}","templated":true}]}}