
{"id":4530,"date":"2025-05-17T11:21:23","date_gmt":"2025-05-17T09:21:23","guid":{"rendered":"https:\/\/spacemall.es\/producto\/consultoria-en-optimizacion-y-ahorro-de-costes-para-empresas\/"},"modified":"2025-10-27T23:43:57","modified_gmt":"2025-10-27T22:43:57","slug":"consultoria-en-optimizacion-y-ahorro-de-costes-para-empresas","status":"publish","type":"product","link":"https:\/\/spacemall.asia\/zh\/product\/consultoria-en-optimizacion-y-ahorro-de-costes-para-empresas\/","title":{"rendered":"\u4e3a\u4f01\u4e1a\u63d0\u4f9b\u4f18\u5316\u548c\u8282\u7ea6\u6210\u672c\u7684\u54a8\u8be2"},"content":{"rendered":"<p>Dependiendo si eres un negocio de reciente creaci\u00f3n ( de 3 a\u00f1os), puedes optar a disponer de un responsable de compras a tu disposici\u00f3n para que te realice una Auditor\u00eda de las principales \u00e1reas de gasto generales de tu empresa.<\/p>\n<p>El servicio consiste en la optimizaci\u00f3n, gesti\u00f3n y seguimiento por el Consultor asignado, as\u00ed como la renegociaci\u00f3n con proveedores actuales del cliente o b\u00fasqueda y negociaci\u00f3n con los presentados por CAC, en el caso de ser un servicio nuevo.<\/p>\n<p>Negocio de reciente creaci\u00f3n (&lt; de 3 a\u00f1os) Hasta 3 \u00e1reas de actividad:\u00a0 85\u20ac \/ mes (1.020\u20ac \/ a\u00f1o)<\/p>\n<p>Facturaci\u00f3n de la empresa cliente (&gt; de 3 a\u00f1os) Hasta 5 \u00e1reas de actividad:\u00a0<\/p>\n<p>\u00a0 \u00a0&#8211; &lt; 100.000\u20ac \/ a\u00f1o:\u00a0 \u00a0 \u00a0 \u00a01.500\u20ac \/ mes (18.000\u20ac \/ a\u00f1o)<\/p>\n<p>\u00a0 \u00a0&#8211; &lt; 1.000.000\u20ac \/ a\u00f1o:\u00a0 \u00a0 2.500\u20ac \/ mes (30.000\u20ac \/ a\u00f1o)<\/p>\n<p>\u00a0 \u00a0&#8211; &lt; 10.000.000\u20ac \/ a\u00f1o:\u00a0 3.500\u20ac \/ mes (42.000\u20ac \/ a\u00f1o)<\/p>\n<p>\u00a0 \u00a0&#8211; &gt; 10.000.000\u20ac\/ a\u00f1o:\u00a0 \u00a04.500\u20ac \/ mes (54.000\u20ac \/ a\u00f1o)<\/p>\n<p>Adicionalmente, si a trav\u00e9s de la gesti\u00f3n de CAC los ahorros generados y demostrables en las \u00e1reas contratadas superan los 1.000\u20ac al a\u00f1o, se facturar\u00e1 al cliente adicionalmente el 10% sobre el ahorro en concepto de honorarios (\u2265100\u20ac), impuestos a parte.<\/p>\n<p>*Por cada \u00e1rea adicional a las 5 contratadas, consultar precio.\u00a0<\/p>\n<div class=\"wcfm_custom_field_display wcfm_custom_field_display_video-de-producto\"><h4 class='wcfm_custom_field_display_heading'>\u4ea7\u54c1\u89c6\u9891<\/h4><\/div><div class=\"wcfm-clearfix\"><\/div><br \/>","protected":false},"excerpt":{"rendered":"<p>\u884c\u653f\u534f\u8c03\u4f1a\u3002\u6210\u672c\u8282\u7ea6\u54a8\u8be2\u4e3a\u60a8\u63d0\u4f9b\u4e86\u4ee5\u975e\u5e38\u6709\u8da3\u7684\u4ef7\u683c\u5916\u5305\u91c7\u8d2d\u90e8\u95e8\u7684\u53ef\u80fd\u6027\uff0c\u65e0\u8bba\u60a8\u662f\u4e00\u5bb6\u65b0\u516c\u53f8\u8fd8\u662f\u5df2\u7ecf\u5728\u5e02\u573a\u4e0a\u8fd0\u8425\u4e863\u5e74\u4ee5\u4e0a\u3002<\/p>","protected":false},"featured_media":5953,"template":"","meta":{"_acf_changed":false},"product_cat":[65],"product_tag":[],"product_brand":[],"class_list":{"0":"post-4530","1":"product","2":"type-product","3":"status-publish","4":"has-post-thumbnail","6":"product_cat-servicios","8":"first","9":"instock","10":"taxable","11":"shipping-taxable","12":"purchasable","13":"product-type-simple"},"acf":[],"_links":{"self":[{"href":"https:\/\/spacemall.asia\/zh\/wp-json\/wp\/v2\/product\/4530","targetHints":{"allow":["GET"]}}],"collection":[{"href":"https:\/\/spacemall.asia\/zh\/wp-json\/wp\/v2\/product"}],"about":[{"href":"https:\/\/spacemall.asia\/zh\/wp-json\/wp\/v2\/types\/product"}],"version-history":[{"count":2,"href":"https:\/\/spacemall.asia\/zh\/wp-json\/wp\/v2\/product\/4530\/revisions"}],"predecessor-version":[{"id":4616,"href":"https:\/\/spacemall.asia\/zh\/wp-json\/wp\/v2\/product\/4530\/revisions\/4616"}],"wp:featuredmedia":[{"embeddable":true,"href":"https:\/\/spacemall.asia\/zh\/wp-json\/wp\/v2\/media\/5953"}],"wp:attachment":[{"href":"https:\/\/spacemall.asia\/zh\/wp-json\/wp\/v2\/media?parent=4530"}],"wp:term":[{"taxonomy":"product_cat","embeddable":true,"href":"https:\/\/spacemall.asia\/zh\/wp-json\/wp\/v2\/product_cat?post=4530"},{"taxonomy":"product_tag","embeddable":true,"href":"https:\/\/spacemall.asia\/zh\/wp-json\/wp\/v2\/product_tag?post=4530"},{"taxonomy":"product_brand","embeddable":true,"href":"https:\/\/spacemall.asia\/zh\/wp-json\/wp\/v2\/product_brand?post=4530"}],"curies":[{"name":"wp","href":"https:\/\/api.w.org\/{rel}","templated":true}]}}