
{"id":4517,"date":"2025-05-16T20:47:56","date_gmt":"2025-05-16T18:47:56","guid":{"rendered":"https:\/\/spacemall.es\/producto\/consultoria-en-eficiencia-energetica\/"},"modified":"2025-05-19T20:08:39","modified_gmt":"2025-05-19T18:08:39","slug":"consultoria-en-eficiencia-energetica","status":"publish","type":"product","link":"https:\/\/spacemall.asia\/zh\/product\/consultoria-en-eficiencia-energetica\/","title":{"rendered":"\u80fd\u6e90\u6548\u7387\u54a8\u8be2"},"content":{"rendered":"<p>Desde CAC, Consultor\u00eda en Ahorro de Costes ofrecemos la posibilidad de realizar estudios comparativos y asesoramos a nuestros clientes de manera que puedan estar informados y respaldados sobre las novedades del mercado y poder as\u00ed poder tomar decisiones correctas.<\/p>\n<p><\/p>\n<p>Tambi\u00e9n damos la posibilidad de estudiarles las ofertas que reciben de comercializadoras. Siempre recomendamos que no acepten ofertas telef\u00f3nicas y que soliciten que se las env\u00eden por escrito. De esta manera podremos estudiar la letra peque\u00f1a y ver si es una propuesta mejor que la que tiene en la actualidad.<\/p>\n<p><\/p>\n<p>Tambi\u00e9n desarrollamos cualquier tipo de proyecto energ\u00e9tico que el cliente necesite para optimizar sus instalaciones.<\/p>\n<div class=\"wcfm_custom_field_display wcfm_custom_field_display_video-de-producto\"><h4 class='wcfm_custom_field_display_heading'>\u4ea7\u54c1\u89c6\u9891<\/h4><\/div><div class=\"wcfm-clearfix\"><\/div><br \/>","protected":false},"excerpt":{"rendered":"<p>\u80fd\u6e90\u6548\u7387\u548c\u80fd\u6e90\u8282\u7ea6\u54a8\u8be2<\/p>","protected":false},"featured_media":4527,"template":"","meta":{"_acf_changed":false},"product_cat":[434],"product_tag":[446,449,447,454,448,453,451,452,450],"product_brand":[],"class_list":{"0":"post-4517","1":"product","2":"type-product","3":"status-publish","4":"has-post-thumbnail","6":"product_cat-servicios-tecnicos-y-mantenimiento","7":"product_tag-ahorro-energetico","8":"product_tag-comercializadoras-energeticas","9":"product_tag-consultoria-en-eficiencia-energetica","10":"product_tag-contratos","11":"product_tag-eficiencia-energetica","12":"product_tag-estudios","13":"product_tag-estudios-energeticos","14":"product_tag-facturas","15":"product_tag-instalacion-fotovoltaica","17":"first","18":"instock","19":"taxable","20":"shipping-taxable","21":"purchasable","22":"product-type-simple"},"acf":[],"_links":{"self":[{"href":"https:\/\/spacemall.asia\/zh\/wp-json\/wp\/v2\/product\/4517","targetHints":{"allow":["GET"]}}],"collection":[{"href":"https:\/\/spacemall.asia\/zh\/wp-json\/wp\/v2\/product"}],"about":[{"href":"https:\/\/spacemall.asia\/zh\/wp-json\/wp\/v2\/types\/product"}],"version-history":[{"count":2,"href":"https:\/\/spacemall.asia\/zh\/wp-json\/wp\/v2\/product\/4517\/revisions"}],"predecessor-version":[{"id":4617,"href":"https:\/\/spacemall.asia\/zh\/wp-json\/wp\/v2\/product\/4517\/revisions\/4617"}],"wp:featuredmedia":[{"embeddable":true,"href":"https:\/\/spacemall.asia\/zh\/wp-json\/wp\/v2\/media\/4527"}],"wp:attachment":[{"href":"https:\/\/spacemall.asia\/zh\/wp-json\/wp\/v2\/media?parent=4517"}],"wp:term":[{"taxonomy":"product_cat","embeddable":true,"href":"https:\/\/spacemall.asia\/zh\/wp-json\/wp\/v2\/product_cat?post=4517"},{"taxonomy":"product_tag","embeddable":true,"href":"https:\/\/spacemall.asia\/zh\/wp-json\/wp\/v2\/product_tag?post=4517"},{"taxonomy":"product_brand","embeddable":true,"href":"https:\/\/spacemall.asia\/zh\/wp-json\/wp\/v2\/product_brand?post=4517"}],"curies":[{"name":"wp","href":"https:\/\/api.w.org\/{rel}","templated":true}]}}