
{"id":3689,"date":"2025-02-23T13:56:15","date_gmt":"2025-02-23T12:56:15","guid":{"rendered":"https:\/\/spacemall.es\/producto\/elegante-juego-de-copas-de-plata-con-bano-dorado-diseno-floral-en-relieve-88g\/"},"modified":"2025-02-23T14:11:11","modified_gmt":"2025-02-23T13:11:11","slug":"elegante-juego-de-copas-de-plata-con-bano-dorado-diseno-floral-en-relieve-88g","status":"publish","type":"product","link":"https:\/\/spacemall.asia\/zh\/product\/elegante-juego-de-copas-de-plata-con-bano-dorado-diseno-floral-en-relieve-88g\/","title":{"rendered":"\u4f18\u96c5\u7684\u94f6\u676f\u5957\u88c5\uff0c\u91d1\u8272\u6d74\u7f38\uff0c\u82b1\u5349\u6d6e\u96d5\u8bbe\u8ba1\uff0c88\u514b\u3002"},"content":{"rendered":"<p data-start=\"688\" data-end=\"1093\">Este hermoso juego de copas de plata antigua es una verdadera obra de arte. Con un peso total de <strong data-start=\"785\" data-end=\"798\">88 gramos<\/strong>, sus copas presentan un exquisito dise\u00f1o en relieve con motivos florales, destacando un acabado dorado en su interior que aporta elegancia y exclusividad. Miden aproximadamente <strong data-start=\"976\" data-end=\"1012\">14.5 cm de alto y 12 cm de ancho<\/strong>, siendo piezas perfectas para exhibici\u00f3n o para su uso en ocasiones especiales.<\/p>\n<p data-start=\"1095\" data-end=\"1353\">El juego muestra la p\u00e1tina natural de la plata con el paso del tiempo, lo que realza su autenticidad y antig\u00fcedad. Puede ser utilizado como copas para huevos, peque\u00f1os recipientes decorativos o como una refinada adici\u00f3n a una colecci\u00f3n de cuberter\u00eda de lujo.<\/p>\n<p data-start=\"1355\" data-end=\"1483\">Un art\u00edculo imprescindible para los amantes de la <strong data-start=\"1405\" data-end=\"1422\">\u53e4\u8001\u7684\u94f6<\/strong>, la vajilla vintage y la artesan\u00eda europea de alta calidad.<\/p>\n<div class=\"wcfm_custom_field_display wcfm_custom_field_display_video-de-producto\"><h4 class='wcfm_custom_field_display_heading'>\u4ea7\u54c1\u89c6\u9891<\/h4><\/div><div class=\"wcfm-clearfix\"><\/div><br \/>","protected":false},"excerpt":{"rendered":"<p>\u4e00\u5957\u53e4\u8463\u94f6\u676f\u4e0e\u6d6e\u96d5\u8bbe\u8ba1\u548c\u91d1\u8272\u5b8c\u6210\u5728\u5185\u90e8\u3002\u91cd\u91cf88\u514b\uff0c\u5c3a\u5bf8\u7ea614.5\u5398\u7c73\u9ad8\uff0c12\u5398\u7c73\u5bbd\u3002\u9002\u5408\u6536\u85cf\u5bb6\u6216\u4f5c\u4e3a\u8c6a\u534e\u88c5\u9970\u3002<\/p>","protected":false},"featured_media":3688,"template":"","meta":{"_acf_changed":false},"product_cat":[19],"product_tag":[395,392,389,396,388,393,394,387,390,391],"product_brand":[],"class_list":{"0":"post-3689","1":"product","2":"type-product","3":"status-publish","4":"has-post-thumbnail","6":"product_cat-sin-categorizar","7":"product_tag-antiguedades-europeas","8":"product_tag-coleccion-de-plata","9":"product_tag-copa-para-huevo","10":"product_tag-copas-artesanales","11":"product_tag-copas-de-plata","12":"product_tag-cuberteria-de-lujo","13":"product_tag-decoracion-vintage","14":"product_tag-plata-antigua","15":"product_tag-plata-maciza","16":"product_tag-vajilla-vintage","18":"first","19":"instock","20":"taxable","21":"shipping-taxable","22":"purchasable","23":"product-type-simple"},"acf":[],"_links":{"self":[{"href":"https:\/\/spacemall.asia\/zh\/wp-json\/wp\/v2\/product\/3689","targetHints":{"allow":["GET"]}}],"collection":[{"href":"https:\/\/spacemall.asia\/zh\/wp-json\/wp\/v2\/product"}],"about":[{"href":"https:\/\/spacemall.asia\/zh\/wp-json\/wp\/v2\/types\/product"}],"version-history":[{"count":1,"href":"https:\/\/spacemall.asia\/zh\/wp-json\/wp\/v2\/product\/3689\/revisions"}],"predecessor-version":[{"id":3690,"href":"https:\/\/spacemall.asia\/zh\/wp-json\/wp\/v2\/product\/3689\/revisions\/3690"}],"wp:featuredmedia":[{"embeddable":true,"href":"https:\/\/spacemall.asia\/zh\/wp-json\/wp\/v2\/media\/3688"}],"wp:attachment":[{"href":"https:\/\/spacemall.asia\/zh\/wp-json\/wp\/v2\/media?parent=3689"}],"wp:term":[{"taxonomy":"product_cat","embeddable":true,"href":"https:\/\/spacemall.asia\/zh\/wp-json\/wp\/v2\/product_cat?post=3689"},{"taxonomy":"product_tag","embeddable":true,"href":"https:\/\/spacemall.asia\/zh\/wp-json\/wp\/v2\/product_tag?post=3689"},{"taxonomy":"product_brand","embeddable":true,"href":"https:\/\/spacemall.asia\/zh\/wp-json\/wp\/v2\/product_brand?post=3689"}],"curies":[{"name":"wp","href":"https:\/\/api.w.org\/{rel}","templated":true}]}}