
{"id":3670,"date":"2025-02-23T13:28:04","date_gmt":"2025-02-23T12:28:04","guid":{"rendered":"https:\/\/spacemall.es\/producto\/antiguo-colgante-de-oro-8k-y-diamantes-con-emblema-noble-3-de-mayo-de-1930\/"},"modified":"2025-02-23T13:28:04","modified_gmt":"2025-02-23T12:28:04","slug":"antiguo-colgante-de-oro-8k-y-diamantes-con-emblema-noble-3-de-mayo-de-1930","status":"publish","type":"product","link":"https:\/\/spacemall.asia\/zh\/product\/antiguo-colgante-de-oro-8k-y-diamantes-con-emblema-noble-3-de-mayo-de-1930\/","title":{"rendered":"1930\u5e745\u67083\u65e5\u5236\u4f5c\u76848K\u91d1\u9970\u94bb\u77f3\u540a\u5760"},"content":{"rendered":"<p data-start=\"701\" data-end=\"1207\">Este impresionante colgante de los a\u00f1os 30 es una pieza \u00fanica de la era Art Deco, elaborada en oro de 8 quilates con detalles en diamantes engastados. En el centro, destaca un emblema nobiliario grabado con gran precisi\u00f3n, reflejando el refinamiento y la distinci\u00f3n de la \u00e9poca. La parte posterior del colgante presenta marcas y perforaciones que pueden indicar una personalizaci\u00f3n o adaptaci\u00f3n posterior.<br data-start=\"1106\" data-end=\"1109\">Una joya de colecci\u00f3n perfecta para amantes de la historia, la nobleza y la elegancia atemporal.<\/p>\n<p data-start=\"1209\" data-end=\"1237\"><strong data-start=\"1209\" data-end=\"1235\">Detalles del producto:<\/strong><\/p>\n<ul data-start=\"1238\" data-end=\"1422\">\n<li data-start=\"1238\" data-end=\"1274\"><strong data-start=\"1240\" data-end=\"1253\">Material:<\/strong> Oro 8K y diamantes<\/li>\n<li data-start=\"1275\" data-end=\"1307\"><strong data-start=\"1277\" data-end=\"1287\">\u00c9poca:<\/strong> 3 de mayo de 1930<\/li>\n<li data-start=\"1308\" data-end=\"1332\"><strong data-start=\"1310\" data-end=\"1321\">Estilo:<\/strong> Art Deco<\/li>\n<li data-start=\"1333\" data-end=\"1400\"><strong data-start=\"1335\" data-end=\"1346\">Estado:<\/strong> Excelente estado de conservaci\u00f3n para su antig\u00fcedad<\/li>\n<\/ul>\n<div class=\"wcfm_custom_field_display wcfm_custom_field_display_video-de-producto\"><h4 class='wcfm_custom_field_display_heading'>\u4ea7\u54c1\u89c6\u9891<\/h4><\/div><div class=\"wcfm-clearfix\"><\/div><br \/>","protected":false},"excerpt":{"rendered":"<p>\u7cbe\u81f4\u76841930\u5e74\u53e4\u8463\u540a\u5760\uff0c8\u514b\u62c9\u9ec4\u91d1\u9576\u5d4c\u94bb\u77f3\uff0c\u8bbe\u8ba1\u4e0e\u4e00\u4e2a\u9ad8\u8d35\u7684\u5fbd\u7ae0\u3002\u4e00\u4ef6\u72ec\u7279\u7684\u88c5\u9970\u827a\u672f\u65f6\u4ee3\u7684\u4f5c\u54c1\uff0c\u878d\u5408\u4e86\u4f18\u96c5\u548c\u5386\u53f2\u4ef7\u503c\u3002<\/p>","protected":false},"featured_media":3664,"template":"","meta":{"_acf_changed":false},"product_cat":[19],"product_tag":[368,372,376,369,374,375,377,373,371,370],"product_brand":[],"class_list":{"0":"post-3670","1":"product","2":"type-product","3":"status-publish","4":"has-post-thumbnail","6":"product_cat-sin-categorizar","7":"product_tag-antiguo-colgante-de-oro","8":"product_tag-colgante-art-deco","9":"product_tag-colgante-con-inicial","10":"product_tag-colgante-de-diamantes","11":"product_tag-colgante-de-oro-8k","12":"product_tag-colgante-grabado","13":"product_tag-colgante-historico","14":"product_tag-joyas-de-los-anos-30","15":"product_tag-joyeria-noble","16":"product_tag-joyeria-vintage","18":"first","19":"instock","20":"taxable","21":"shipping-taxable","22":"purchasable","23":"product-type-simple"},"acf":[],"_links":{"self":[{"href":"https:\/\/spacemall.asia\/zh\/wp-json\/wp\/v2\/product\/3670","targetHints":{"allow":["GET"]}}],"collection":[{"href":"https:\/\/spacemall.asia\/zh\/wp-json\/wp\/v2\/product"}],"about":[{"href":"https:\/\/spacemall.asia\/zh\/wp-json\/wp\/v2\/types\/product"}],"version-history":[{"count":1,"href":"https:\/\/spacemall.asia\/zh\/wp-json\/wp\/v2\/product\/3670\/revisions"}],"predecessor-version":[{"id":3671,"href":"https:\/\/spacemall.asia\/zh\/wp-json\/wp\/v2\/product\/3670\/revisions\/3671"}],"wp:featuredmedia":[{"embeddable":true,"href":"https:\/\/spacemall.asia\/zh\/wp-json\/wp\/v2\/media\/3664"}],"wp:attachment":[{"href":"https:\/\/spacemall.asia\/zh\/wp-json\/wp\/v2\/media?parent=3670"}],"wp:term":[{"taxonomy":"product_cat","embeddable":true,"href":"https:\/\/spacemall.asia\/zh\/wp-json\/wp\/v2\/product_cat?post=3670"},{"taxonomy":"product_tag","embeddable":true,"href":"https:\/\/spacemall.asia\/zh\/wp-json\/wp\/v2\/product_tag?post=3670"},{"taxonomy":"product_brand","embeddable":true,"href":"https:\/\/spacemall.asia\/zh\/wp-json\/wp\/v2\/product_brand?post=3670"}],"curies":[{"name":"wp","href":"https:\/\/api.w.org\/{rel}","templated":true}]}}