
{"id":3627,"date":"2025-02-19T21:36:00","date_gmt":"2025-02-19T20:36:00","guid":{"rendered":"https:\/\/spacemall.es\/producto\/brazalete-del-siglo-xix-en-oro-18k-con-esmeraldas-y-diamantes-un-tesoro-de-coleccion\/"},"modified":"2025-02-19T22:00:01","modified_gmt":"2025-02-19T21:00:01","slug":"brazalete-del-siglo-xix-en-oro-18k-con-esmeraldas-y-diamantes-un-tesoro-de-coleccion","status":"publish","type":"product","link":"https:\/\/spacemall.asia\/zh\/product\/brazalete-del-siglo-xix-en-oro-18k-con-esmeraldas-y-diamantes-un-tesoro-de-coleccion\/","title":{"rendered":"19\u4e16\u7eaa18K\u91d1\u624b\u956f\uff0c\u9576\u5d4c\u7956\u6bcd\u7eff\u548c\u94bb\u77f3\u2014\u2014\u73cd\u85cf"},"content":{"rendered":"<p data-start=\"553\" data-end=\"718\">Este impresionante brazalete del <strong data-start=\"586\" data-end=\"599\">siglo XIX<\/strong>, confeccionado en <strong data-start=\"618\" data-end=\"640\">oro de 18 quilates<\/strong>, es una pieza de museo con una combinaci\u00f3n perfecta de materiales y dise\u00f1o.<\/p>\n<p data-start=\"720\" data-end=\"1034\">Las esmeraldas, de un color vibrante <strong data-start=\"757\" data-end=\"770\">tipo Muzo<\/strong> y con una claridad excepcional que roza la calidad de cristal, destacan como protagonistas de esta joya. Su montura en plata resalta el brillo natural de las gemas, mientras que los delicados <strong data-start=\"963\" data-end=\"985\">diamantes antiguos<\/strong> a\u00f1aden un toque de luminosidad y refinamiento.<\/p>\n<p data-start=\"1036\" data-end=\"1340\">Cada detalle del brazalete est\u00e1 meticulosamente trabajado con <strong data-start=\"1098\" data-end=\"1155\">grabados a mano en toda la circunferencia y laterales<\/strong>, demostrando la maestr\u00eda orfebre de la \u00e9poca. Adem\u00e1s, conserva <strong data-start=\"1219\" data-end=\"1264\">m\u00faltiples marcas de autenticidad antiguas<\/strong>, lo que lo convierte en una joya de gran valor hist\u00f3rico y coleccionista.<\/p>\n<p data-start=\"1342\" data-end=\"1480\">Con un peso de <strong data-start=\"1357\" data-end=\"1370\">38 gramos<\/strong>, este brazalete no solo es una pieza de lujo, sino tambi\u00e9n una inversi\u00f3n en la historia de la alta joyer\u00eda.<\/p>\n<div class=\"wcfm_custom_field_display wcfm_custom_field_display_video-de-producto\"><h4 class='wcfm_custom_field_display_heading'>\u4ea7\u54c1\u89c6\u9891<\/h4><\/div><div class=\"wcfm-clearfix\"><\/div><br \/>","protected":false},"excerpt":{"rendered":"<p>19\u4e16\u7eaa\u624b\u956f\uff0c18K\u9ec4\u91d1\uff0c\u7956\u6bcd\u7eff\u548c\u94bb\u77f3\uff0c\u624b\u5de5\u96d5\u523b\u7ec6\u8282\u7684\u6536\u85cf\u5b9d\u77f3\u3002<\/p>","protected":false},"featured_media":3626,"template":"","meta":{"_acf_changed":false},"product_cat":[273],"product_tag":[341,346,343,345,348,344,349,342,325,347],"product_brand":[],"class_list":{"0":"post-3627","1":"product","2":"type-product","3":"status-publish","4":"has-post-thumbnail","6":"product_cat-articulos-y-accesorios","7":"product_tag-brazalete-antiguo-de-esmeraldas","8":"product_tag-brazalete-de-lujo-vintage","9":"product_tag-brazalete-de-oro-18k-con-diamantes","10":"product_tag-esmeraldas-muzo-de-alta-calidad","11":"product_tag-inversion-en-joyeria-de-epoca","12":"product_tag-joya-de-coleccion-con-esmeraldas","13":"product_tag-joyeria-con-marcas-antiguas","14":"product_tag-joyeria-del-siglo-xix","15":"product_tag-joyeria-grabada-a-mano","16":"product_tag-pulsera-antigua-con-diamantes","18":"first","19":"instock","20":"taxable","21":"shipping-taxable","22":"purchasable","23":"product-type-simple"},"acf":[],"_links":{"self":[{"href":"https:\/\/spacemall.asia\/zh\/wp-json\/wp\/v2\/product\/3627","targetHints":{"allow":["GET"]}}],"collection":[{"href":"https:\/\/spacemall.asia\/zh\/wp-json\/wp\/v2\/product"}],"about":[{"href":"https:\/\/spacemall.asia\/zh\/wp-json\/wp\/v2\/types\/product"}],"version-history":[{"count":2,"href":"https:\/\/spacemall.asia\/zh\/wp-json\/wp\/v2\/product\/3627\/revisions"}],"predecessor-version":[{"id":3651,"href":"https:\/\/spacemall.asia\/zh\/wp-json\/wp\/v2\/product\/3627\/revisions\/3651"}],"wp:featuredmedia":[{"embeddable":true,"href":"https:\/\/spacemall.asia\/zh\/wp-json\/wp\/v2\/media\/3626"}],"wp:attachment":[{"href":"https:\/\/spacemall.asia\/zh\/wp-json\/wp\/v2\/media?parent=3627"}],"wp:term":[{"taxonomy":"product_cat","embeddable":true,"href":"https:\/\/spacemall.asia\/zh\/wp-json\/wp\/v2\/product_cat?post=3627"},{"taxonomy":"product_tag","embeddable":true,"href":"https:\/\/spacemall.asia\/zh\/wp-json\/wp\/v2\/product_tag?post=3627"},{"taxonomy":"product_brand","embeddable":true,"href":"https:\/\/spacemall.asia\/zh\/wp-json\/wp\/v2\/product_brand?post=3627"}],"curies":[{"name":"wp","href":"https:\/\/api.w.org\/{rel}","templated":true}]}}