
{"id":3589,"date":"2025-02-19T20:08:18","date_gmt":"2025-02-19T19:08:18","guid":{"rendered":"https:\/\/spacemall.es\/producto\/pulsera-antigua-de-oro-22k-con-cuentas-datil-joya-unica-de-coleccion\/"},"modified":"2025-02-19T20:08:18","modified_gmt":"2025-02-19T19:08:18","slug":"pulsera-antigua-de-oro-22k-con-cuentas-datil-joya-unica-de-coleccion","status":"publish","type":"product","link":"https:\/\/spacemall.asia\/zh\/product\/pulsera-antigua-de-oro-22k-con-cuentas-datil-joya-unica-de-coleccion\/","title":{"rendered":"\u5e26\u65e5\u671f\u8d26\u6237\u768422K\u53e4\u8463\u91d1\u624b\u956f\u2014\u2014\u72ec\u4e00\u65e0\u4e8c\u7684\u73cd\u85cf\u73e0\u5b9d"},"content":{"rendered":"<p data-start=\"324\" data-end=\"534\">Esta pulsera antigua de oro de 22 quilates es una joya excepcional que destaca por su dise\u00f1o \u00fanico. Compuesta por cuentas en forma de d\u00e1til de aproximadamente 8 mm de di\u00e1metro, su peso total es de 9.4 gramos.<\/p>\n<p data-start=\"536\" data-end=\"877\">Las cuentas, de textura ligeramente granulada y brillo c\u00e1lido, reflejan el alto nivel de artesan\u00eda que define esta pieza. Su dise\u00f1o cl\u00e1sico y sofisticado la convierte en un accesorio ideal tanto para uso diario como para ocasiones especiales. Adem\u00e1s de su valor est\u00e9tico, esta pulsera representa una inversi\u00f3n s\u00f3lida en oro de alta pureza.<\/p>\n<div class=\"wcfm_custom_field_display wcfm_custom_field_display_video-de-producto\"><h4 class='wcfm_custom_field_display_heading'>\u4ea7\u54c1\u89c6\u9891<\/h4><\/div><div class=\"wcfm-clearfix\"><\/div><br \/>","protected":false},"excerpt":{"rendered":"<p>22K\u53e4\u8463\u91d1\u624b\u956f\uff0c\u65e5\u671f\u5f62\u72b6\u7684\u73e0\u5b50\uff0c9.4\u514b\uff0c\u6c38\u6052\u7684\u4f18\u96c5\u3002<br data-mce-bogus=\"1\"><\/p>","protected":false},"featured_media":3588,"template":"","meta":{"_acf_changed":false},"product_cat":[273],"product_tag":[319,320,313,299,316,314,318,312,315,317],"product_brand":[],"class_list":{"0":"post-3589","1":"product","2":"type-product","3":"status-publish","4":"has-post-thumbnail","6":"product_cat-articulos-y-accesorios","7":"product_tag-diseno-clasico-en-oro","8":"product_tag-inversion-en-oro","9":"product_tag-joyeria-antigua-de-oro","10":"product_tag-joyeria-de-coleccion","11":"product_tag-pulsera-artesanal-de-oro","12":"product_tag-pulsera-de-cuentas-de-oro","13":"product_tag-pulsera-de-lujo","14":"product_tag-pulsera-de-oro-22k","15":"product_tag-pulsera-de-oro-vintage","16":"product_tag-pulsera-elegante-de-oro","18":"first","19":"instock","20":"taxable","21":"shipping-taxable","22":"purchasable","23":"product-type-simple"},"acf":[],"_links":{"self":[{"href":"https:\/\/spacemall.asia\/zh\/wp-json\/wp\/v2\/product\/3589","targetHints":{"allow":["GET"]}}],"collection":[{"href":"https:\/\/spacemall.asia\/zh\/wp-json\/wp\/v2\/product"}],"about":[{"href":"https:\/\/spacemall.asia\/zh\/wp-json\/wp\/v2\/types\/product"}],"version-history":[{"count":1,"href":"https:\/\/spacemall.asia\/zh\/wp-json\/wp\/v2\/product\/3589\/revisions"}],"predecessor-version":[{"id":3590,"href":"https:\/\/spacemall.asia\/zh\/wp-json\/wp\/v2\/product\/3589\/revisions\/3590"}],"wp:featuredmedia":[{"embeddable":true,"href":"https:\/\/spacemall.asia\/zh\/wp-json\/wp\/v2\/media\/3588"}],"wp:attachment":[{"href":"https:\/\/spacemall.asia\/zh\/wp-json\/wp\/v2\/media?parent=3589"}],"wp:term":[{"taxonomy":"product_cat","embeddable":true,"href":"https:\/\/spacemall.asia\/zh\/wp-json\/wp\/v2\/product_cat?post=3589"},{"taxonomy":"product_tag","embeddable":true,"href":"https:\/\/spacemall.asia\/zh\/wp-json\/wp\/v2\/product_tag?post=3589"},{"taxonomy":"product_brand","embeddable":true,"href":"https:\/\/spacemall.asia\/zh\/wp-json\/wp\/v2\/product_brand?post=3589"}],"curies":[{"name":"wp","href":"https:\/\/api.w.org\/{rel}","templated":true}]}}