
{"id":3016,"date":"2025-02-10T08:58:43","date_gmt":"2025-02-10T07:58:43","guid":{"rendered":"https:\/\/spacemall.es\/producto\/blusa-blanca-con-volantes-y-manga-abullonada\/"},"modified":"2025-02-10T08:58:43","modified_gmt":"2025-02-10T07:58:43","slug":"blusa-blanca-con-volantes-y-manga-abullonada","status":"publish","type":"product","link":"https:\/\/spacemall.asia\/zh\/product\/blusa-blanca-con-volantes-y-manga-abullonada\/","title":{"rendered":"\u767d\u8272\u886c\u886b\u4e0e\u98d8\u9038\u548c\u6f2b\u753b"},"content":{"rendered":"<p>Esta blusa blanca presenta un dise\u00f1o asim\u00e9trico con volantes decorativos en el cuello y las mangas, a\u00f1adiendo un toque rom\u00e1ntico y moderno. Sus mangas abullonadas y detalles ajustables la hacen ideal para destacar en cualquier ocasi\u00f3n. Fabricada en materiales ligeros, es perfecta para combinar con pantalones o faldas, creando un look sofisticado y elegante.<br data-mce-bogus=\"1\"><\/p>\n<div class=\"wcfm_custom_field_display wcfm_custom_field_display_video-de-producto\"><h4 class='wcfm_custom_field_display_heading'>\u4ea7\u54c1\u89c6\u9891<\/h4><\/div><div class=\"wcfm-clearfix\"><\/div><br \/>","protected":false},"excerpt":{"rendered":"<p>\u767d\u8272\u886c\u886b\u6709\u8936\u8fb9\u548c\u4e30\u6ee1\u7684\u8896\u5b50\uff0c\u662f\u6d6a\u6f2b\u548c\u590d\u6742\u5916\u89c2\u7684\u7406\u60f3\u9009\u62e9\u3002<br data-mce-bogus=\"1\"><\/p>","protected":false},"featured_media":3014,"template":"","meta":{"_acf_changed":false},"product_cat":[66],"product_tag":[164,231,232,226,169,228,227,230,229,222],"product_brand":[],"class_list":{"0":"post-3016","1":"product","2":"type-product","3":"status-publish","4":"has-post-thumbnail","6":"product_cat-moda","7":"product_tag-blusa-blanca","8":"product_tag-blusa-casual-chic","9":"product_tag-blusa-con-estilo","10":"product_tag-blusa-con-volantes","11":"product_tag-blusa-elegante","12":"product_tag-diseno-romantico","13":"product_tag-manga-abullonada","14":"product_tag-moda-asimetrica","15":"product_tag-moda-contemporanea","16":"product_tag-ropa-femenina","18":"first","19":"instock","20":"taxable","21":"shipping-taxable","22":"purchasable","23":"product-type-simple"},"acf":[],"_links":{"self":[{"href":"https:\/\/spacemall.asia\/zh\/wp-json\/wp\/v2\/product\/3016","targetHints":{"allow":["GET"]}}],"collection":[{"href":"https:\/\/spacemall.asia\/zh\/wp-json\/wp\/v2\/product"}],"about":[{"href":"https:\/\/spacemall.asia\/zh\/wp-json\/wp\/v2\/types\/product"}],"version-history":[{"count":1,"href":"https:\/\/spacemall.asia\/zh\/wp-json\/wp\/v2\/product\/3016\/revisions"}],"predecessor-version":[{"id":3017,"href":"https:\/\/spacemall.asia\/zh\/wp-json\/wp\/v2\/product\/3016\/revisions\/3017"}],"wp:featuredmedia":[{"embeddable":true,"href":"https:\/\/spacemall.asia\/zh\/wp-json\/wp\/v2\/media\/3014"}],"wp:attachment":[{"href":"https:\/\/spacemall.asia\/zh\/wp-json\/wp\/v2\/media?parent=3016"}],"wp:term":[{"taxonomy":"product_cat","embeddable":true,"href":"https:\/\/spacemall.asia\/zh\/wp-json\/wp\/v2\/product_cat?post=3016"},{"taxonomy":"product_tag","embeddable":true,"href":"https:\/\/spacemall.asia\/zh\/wp-json\/wp\/v2\/product_tag?post=3016"},{"taxonomy":"product_brand","embeddable":true,"href":"https:\/\/spacemall.asia\/zh\/wp-json\/wp\/v2\/product_brand?post=3016"}],"curies":[{"name":"wp","href":"https:\/\/api.w.org\/{rel}","templated":true}]}}