
{"id":3000,"date":"2025-02-10T08:39:11","date_gmt":"2025-02-10T07:39:11","guid":{"rendered":"https:\/\/spacemall.es\/producto\/pantalon-disenado-con-camisas-recicladas\/"},"modified":"2025-02-10T08:39:24","modified_gmt":"2025-02-10T07:39:24","slug":"pantalon-disenado-con-camisas-recicladas","status":"publish","type":"product","link":"https:\/\/spacemall.asia\/zh\/product\/pantalon-disenado-con-camisas-recicladas\/","title":{"rendered":"\u7528\u56de\u6536\u886c\u886b\u8bbe\u8ba1\u7684\u88e4\u5b50"},"content":{"rendered":"<p>Este pantal\u00f3n exclusivo est\u00e1 confeccionado a partir de camisas recicladas, combinando estampados de rayas y cuadros en una mezcla creativa y \u00fanica. Los detalles de los bolsillos y los diferentes patrones le otorgan un estilo original, ideal para quienes buscan una pieza llamativa y sostenible. Perfecto para un look casual con personalidad y conciencia ambiental.<br data-mce-bogus=\"1\"><\/p>\n<div class=\"wcfm_custom_field_display wcfm_custom_field_display_video-de-producto\"><h4 class='wcfm_custom_field_display_heading'>\u4ea7\u54c1\u89c6\u9891<\/h4><\/div><div class=\"wcfm-clearfix\"><\/div><br \/>","protected":false},"excerpt":{"rendered":"<p>\u7531\u56de\u6536\u886c\u886b\u5236\u6210\u7684\u88e4\u5b50\uff0c\u5e26\u6709\u6761\u7eb9\u548c\u6846\u67b6\u5370\u82b1\uff0c\u662f\u521b\u610f\u548c\u53ef\u6301\u7eed\u5916\u89c2\u7684\u7406\u60f3\u9009\u62e9\u3002<br data-mce-bogus=\"1\"><\/p>","protected":false},"featured_media":2998,"template":"","meta":{"_acf_changed":false},"product_cat":[66],"product_tag":[191,192,196,190,195,189,193,187,188,194],"product_brand":[],"class_list":{"0":"post-3000","1":"product","2":"type-product","3":"status-publish","4":"has-post-thumbnail","6":"product_cat-moda","7":"product_tag-diseno-unico","8":"product_tag-moda-creativa","9":"product_tag-moda-ecologica","10":"product_tag-moda-reciclada","11":"product_tag-pantalon-casual","12":"product_tag-pantalon-con-estampados","13":"product_tag-pantalon-con-rayas-y-cuadros","14":"product_tag-pantalon-de-camisas-recicladas","15":"product_tag-pantalon-sostenible","16":"product_tag-ropa-upcycled","18":"first","19":"onbackorder","20":"sold-individually","21":"taxable","22":"shipping-taxable","23":"purchasable","24":"product-type-simple"},"acf":[],"_links":{"self":[{"href":"https:\/\/spacemall.asia\/zh\/wp-json\/wp\/v2\/product\/3000","targetHints":{"allow":["GET"]}}],"collection":[{"href":"https:\/\/spacemall.asia\/zh\/wp-json\/wp\/v2\/product"}],"about":[{"href":"https:\/\/spacemall.asia\/zh\/wp-json\/wp\/v2\/types\/product"}],"version-history":[{"count":1,"href":"https:\/\/spacemall.asia\/zh\/wp-json\/wp\/v2\/product\/3000\/revisions"}],"predecessor-version":[{"id":3001,"href":"https:\/\/spacemall.asia\/zh\/wp-json\/wp\/v2\/product\/3000\/revisions\/3001"}],"wp:featuredmedia":[{"embeddable":true,"href":"https:\/\/spacemall.asia\/zh\/wp-json\/wp\/v2\/media\/2998"}],"wp:attachment":[{"href":"https:\/\/spacemall.asia\/zh\/wp-json\/wp\/v2\/media?parent=3000"}],"wp:term":[{"taxonomy":"product_cat","embeddable":true,"href":"https:\/\/spacemall.asia\/zh\/wp-json\/wp\/v2\/product_cat?post=3000"},{"taxonomy":"product_tag","embeddable":true,"href":"https:\/\/spacemall.asia\/zh\/wp-json\/wp\/v2\/product_tag?post=3000"},{"taxonomy":"product_brand","embeddable":true,"href":"https:\/\/spacemall.asia\/zh\/wp-json\/wp\/v2\/product_brand?post=3000"}],"curies":[{"name":"wp","href":"https:\/\/api.w.org\/{rel}","templated":true}]}}