
{"id":2991,"date":"2025-02-10T08:26:55","date_gmt":"2025-02-10T07:26:55","guid":{"rendered":"https:\/\/spacemall.es\/producto\/blusa-con-capas-de-encaje-y-tirantes-fruncidos\/"},"modified":"2025-02-10T08:26:56","modified_gmt":"2025-02-10T07:26:56","slug":"blusa-con-capas-de-encaje-y-tirantes-fruncidos","status":"publish","type":"product","link":"https:\/\/spacemall.asia\/zh\/product\/blusa-con-capas-de-encaje-y-tirantes-fruncidos\/","title":{"rendered":"\u82b1\u8fb9\u4e0a\u8863\u548c\u8936\u8fb9\u886c\u886b"},"content":{"rendered":"<p>Esta blusa beige combina estilo y delicadeza con su dise\u00f1o de capas de encaje texturizado, que le aporta volumen y un toque rom\u00e1ntico. Los tirantes fruncidos a\u00f1aden un detalle femenino, ideal para complementar un look elegante y vers\u00e1til. Perfecta para combinar con pantalones o faldas en eventos formales o salidas especiales, esta prenda garantiza comodidad y sofisticaci\u00f3n en todo momento.<br data-mce-bogus=\"1\"><\/p>\n<div class=\"wcfm_custom_field_display wcfm_custom_field_display_video-de-producto\"><h4 class='wcfm_custom_field_display_heading'>\u4ea7\u54c1\u89c6\u9891<\/h4><\/div><div class=\"wcfm-clearfix\"><\/div><br \/>","protected":false},"excerpt":{"rendered":"<p>\u7c73\u8272\u886c\u886b\u642d\u914d\u5206\u5c42\u857e\u4e1d\u548c\u8936\u76b1\u540a\u5e26\uff0c\u5728\u7279\u6b8a\u573a\u5408\u770b\u8d77\u6765\u6d6a\u6f2b\u800c\u590d\u6742\u3002<br data-mce-bogus=\"1\"><\/p>","protected":false},"featured_media":2988,"template":"","meta":{"_acf_changed":false},"product_cat":[66],"product_tag":[175,176,174,177,169,171,180,178,179,181],"product_brand":[],"class_list":{"0":"post-2991","1":"product","2":"type-product","3":"status-publish","4":"has-post-thumbnail","6":"product_cat-moda","7":"product_tag-blusa-beige","8":"product_tag-blusa-con-capas","9":"product_tag-blusa-con-encaje","10":"product_tag-blusa-de-tirantes","11":"product_tag-blusa-elegante","12":"product_tag-blusa-femenina","13":"product_tag-blusa-para-ocasiones-especiales","14":"product_tag-blusa-romantica","15":"product_tag-blusa-texturizada","16":"product_tag-blusa-versatil","18":"first","19":"instock","20":"taxable","21":"shipping-taxable","22":"purchasable","23":"product-type-simple"},"acf":[],"_links":{"self":[{"href":"https:\/\/spacemall.asia\/zh\/wp-json\/wp\/v2\/product\/2991","targetHints":{"allow":["GET"]}}],"collection":[{"href":"https:\/\/spacemall.asia\/zh\/wp-json\/wp\/v2\/product"}],"about":[{"href":"https:\/\/spacemall.asia\/zh\/wp-json\/wp\/v2\/types\/product"}],"version-history":[{"count":1,"href":"https:\/\/spacemall.asia\/zh\/wp-json\/wp\/v2\/product\/2991\/revisions"}],"predecessor-version":[{"id":2992,"href":"https:\/\/spacemall.asia\/zh\/wp-json\/wp\/v2\/product\/2991\/revisions\/2992"}],"wp:featuredmedia":[{"embeddable":true,"href":"https:\/\/spacemall.asia\/zh\/wp-json\/wp\/v2\/media\/2988"}],"wp:attachment":[{"href":"https:\/\/spacemall.asia\/zh\/wp-json\/wp\/v2\/media?parent=2991"}],"wp:term":[{"taxonomy":"product_cat","embeddable":true,"href":"https:\/\/spacemall.asia\/zh\/wp-json\/wp\/v2\/product_cat?post=2991"},{"taxonomy":"product_tag","embeddable":true,"href":"https:\/\/spacemall.asia\/zh\/wp-json\/wp\/v2\/product_tag?post=2991"},{"taxonomy":"product_brand","embeddable":true,"href":"https:\/\/spacemall.asia\/zh\/wp-json\/wp\/v2\/product_brand?post=2991"}],"curies":[{"name":"wp","href":"https:\/\/api.w.org\/{rel}","templated":true}]}}