
{"id":2986,"date":"2025-02-10T08:22:18","date_gmt":"2025-02-10T07:22:18","guid":{"rendered":"https:\/\/spacemall.es\/producto\/blusa-blanca-con-detalles-de-manga-abullonada\/"},"modified":"2025-02-10T08:22:18","modified_gmt":"2025-02-10T07:22:18","slug":"blusa-blanca-con-detalles-de-manga-abullonada","status":"publish","type":"product","link":"https:\/\/spacemall.asia\/zh\/product\/blusa-blanca-con-detalles-de-manga-abullonada\/","title":{"rendered":"\u767d\u886c\u886b\u4e0e\u8896\u53e3\u6f2b\u753b\u7ec6\u8282"},"content":{"rendered":"<p>Esta blusa blanca destaca por sus mangas abullonadas que le otorgan un toque \u00fanico y moderno. Con un dise\u00f1o de fruncidos en el busto, la blusa a\u00f1ade un toque de volumen y sofisticaci\u00f3n, mientras que su estructura sencilla y ajustada en el cuerpo permite una gran versatilidad. Ideal para eventos informales o para una salida especial, esta prenda es perfecta para un look elegante pero relajado.<br data-mce-bogus=\"1\"><\/p>\n<div class=\"wcfm_custom_field_display wcfm_custom_field_display_video-de-producto\"><h4 class='wcfm_custom_field_display_heading'>\u4ea7\u54c1\u89c6\u9891<\/h4><\/div><div class=\"wcfm-clearfix\"><\/div><br \/>","protected":false},"excerpt":{"rendered":"<p>\u5bbd\u5927\u7684\u8896\u5b50\u548c\u8936\u76b1\u7684\u7ec6\u8282\u7684\u767d\u8272\u886c\u886b\uff0c\u5b8c\u7f8e\u7684\u73b0\u4ee3\u548c\u4f18\u96c5\u7684\u5916\u89c2\u3002\u9002\u5408\u4f11\u95f2\u6216\u7279\u6b8a\u573a\u5408\u3002<br data-mce-bogus=\"1\"><\/p>","protected":false},"featured_media":2983,"template":"","meta":{"_acf_changed":false},"product_cat":[66],"product_tag":[164,168,167,165,172,170,169,173,171,166],"product_brand":[],"class_list":{"0":"post-2986","1":"product","2":"type-product","3":"status-publish","4":"has-post-thumbnail","6":"product_cat-moda","7":"product_tag-blusa-blanca","8":"product_tag-blusa-casual","9":"product_tag-blusa-con-fruncidos","10":"product_tag-blusa-con-mangas-abullonadas","11":"product_tag-blusa-de-diseno-unico","12":"product_tag-blusa-de-verano","13":"product_tag-blusa-elegante","14":"product_tag-blusa-estilizada","15":"product_tag-blusa-femenina","16":"product_tag-blusa-moderna","18":"first","19":"instock","20":"taxable","21":"shipping-taxable","22":"purchasable","23":"product-type-simple"},"acf":[],"_links":{"self":[{"href":"https:\/\/spacemall.asia\/zh\/wp-json\/wp\/v2\/product\/2986","targetHints":{"allow":["GET"]}}],"collection":[{"href":"https:\/\/spacemall.asia\/zh\/wp-json\/wp\/v2\/product"}],"about":[{"href":"https:\/\/spacemall.asia\/zh\/wp-json\/wp\/v2\/types\/product"}],"version-history":[{"count":1,"href":"https:\/\/spacemall.asia\/zh\/wp-json\/wp\/v2\/product\/2986\/revisions"}],"predecessor-version":[{"id":2987,"href":"https:\/\/spacemall.asia\/zh\/wp-json\/wp\/v2\/product\/2986\/revisions\/2987"}],"wp:featuredmedia":[{"embeddable":true,"href":"https:\/\/spacemall.asia\/zh\/wp-json\/wp\/v2\/media\/2983"}],"wp:attachment":[{"href":"https:\/\/spacemall.asia\/zh\/wp-json\/wp\/v2\/media?parent=2986"}],"wp:term":[{"taxonomy":"product_cat","embeddable":true,"href":"https:\/\/spacemall.asia\/zh\/wp-json\/wp\/v2\/product_cat?post=2986"},{"taxonomy":"product_tag","embeddable":true,"href":"https:\/\/spacemall.asia\/zh\/wp-json\/wp\/v2\/product_tag?post=2986"},{"taxonomy":"product_brand","embeddable":true,"href":"https:\/\/spacemall.asia\/zh\/wp-json\/wp\/v2\/product_brand?post=2986"}],"curies":[{"name":"wp","href":"https:\/\/api.w.org\/{rel}","templated":true}]}}