
{"id":2981,"date":"2025-02-10T08:16:16","date_gmt":"2025-02-10T07:16:16","guid":{"rendered":"https:\/\/spacemall.es\/producto\/falda-de-mezclilla-con-diseno-de-cintas-y-cierre\/"},"modified":"2025-02-10T08:16:16","modified_gmt":"2025-02-10T07:16:16","slug":"falda-de-mezclilla-con-diseno-de-cintas-y-cierre","status":"publish","type":"product","link":"https:\/\/spacemall.asia\/zh\/product\/falda-de-mezclilla-con-diseno-de-cintas-y-cierre\/","title":{"rendered":"\u5e26\u56fe\u6848\u548c\u62c9\u94fe\u7684\u5939\u514b\u886b"},"content":{"rendered":"<p>Esta falda de mezclilla presenta un dise\u00f1o \u00fanico con cintas cruzadas en la parte frontal que le dan un toque moderno y llamativo. Con un cierre trasero, es f\u00e1cil de poner y quitar, adem\u00e1s de aportar comodidad al ajuste. Su estilo sencillo pero estilizado la convierte en una opci\u00f3n perfecta para looks casuales y outfits de verano, combinando con una amplia variedad de tops y zapatos para un toque vers\u00e1til.<\/p>\n<div class=\"wcfm_custom_field_display wcfm_custom_field_display_video-de-producto\"><h4 class='wcfm_custom_field_display_heading'>\u4ea7\u54c1\u89c6\u9891<\/h4><\/div><div class=\"wcfm-clearfix\"><\/div><br \/>","protected":false},"excerpt":{"rendered":"<p>\u8fd9\u6761\u675f\u8170\u88d9\u548c\u540e\u62c9\u94fe\u662f\u4f11\u95f2\u548c\u73b0\u4ee3\u5916\u89c2\u7684\u5b8c\u7f8e\u642d\u914d\uff0c\u662f\u590f\u5b63\u7684\u7406\u60f3\u9009\u62e9\u3002<br data-mce-bogus=\"1\"><\/p>","protected":false},"featured_media":2978,"template":"","meta":{"_acf_changed":false},"product_cat":[66],"product_tag":[142,158,160,159,157,161,162,146,163,145],"product_brand":[],"class_list":{"0":"post-2981","1":"product","2":"type-product","3":"status-publish","4":"has-post-thumbnail","6":"product_cat-moda","7":"product_tag-falda-casual","8":"product_tag-falda-con-cierre","9":"product_tag-falda-con-cintas","10":"product_tag-falda-de-cintura-alta","11":"product_tag-falda-de-mezclilla","12":"product_tag-falda-de-mezclilla-para-mujer","13":"product_tag-falda-de-tiro-alto","14":"product_tag-falda-de-verano","15":"product_tag-falda-estilizada","16":"product_tag-falda-moderna","18":"first","19":"instock","20":"taxable","21":"shipping-taxable","22":"purchasable","23":"product-type-simple"},"acf":[],"_links":{"self":[{"href":"https:\/\/spacemall.asia\/zh\/wp-json\/wp\/v2\/product\/2981","targetHints":{"allow":["GET"]}}],"collection":[{"href":"https:\/\/spacemall.asia\/zh\/wp-json\/wp\/v2\/product"}],"about":[{"href":"https:\/\/spacemall.asia\/zh\/wp-json\/wp\/v2\/types\/product"}],"version-history":[{"count":1,"href":"https:\/\/spacemall.asia\/zh\/wp-json\/wp\/v2\/product\/2981\/revisions"}],"predecessor-version":[{"id":2982,"href":"https:\/\/spacemall.asia\/zh\/wp-json\/wp\/v2\/product\/2981\/revisions\/2982"}],"wp:featuredmedia":[{"embeddable":true,"href":"https:\/\/spacemall.asia\/zh\/wp-json\/wp\/v2\/media\/2978"}],"wp:attachment":[{"href":"https:\/\/spacemall.asia\/zh\/wp-json\/wp\/v2\/media?parent=2981"}],"wp:term":[{"taxonomy":"product_cat","embeddable":true,"href":"https:\/\/spacemall.asia\/zh\/wp-json\/wp\/v2\/product_cat?post=2981"},{"taxonomy":"product_tag","embeddable":true,"href":"https:\/\/spacemall.asia\/zh\/wp-json\/wp\/v2\/product_tag?post=2981"},{"taxonomy":"product_brand","embeddable":true,"href":"https:\/\/spacemall.asia\/zh\/wp-json\/wp\/v2\/product_brand?post=2981"}],"curies":[{"name":"wp","href":"https:\/\/api.w.org\/{rel}","templated":true}]}}