
{"id":2976,"date":"2025-02-10T08:11:26","date_gmt":"2025-02-10T07:11:26","guid":{"rendered":"https:\/\/spacemall.es\/producto\/falda-corto-beig-con-cinturon-y-bolsillos\/"},"modified":"2025-02-10T08:11:26","modified_gmt":"2025-02-10T07:11:26","slug":"falda-corto-beig-con-cinturon-y-bolsillos","status":"publish","type":"product","link":"https:\/\/spacemall.asia\/zh\/product\/falda-corto-beig-con-cinturon-y-bolsillos\/","title":{"rendered":"\u5e26\u8170\u5e26\u548c\u53e3\u888b\u7684\u77ed\u88d9"},"content":{"rendered":"<p>Esta falda corto de color beig es ideal para el d\u00eda a d\u00eda, combinando estilo y funcionalidad. Con un cintur\u00f3n negro y bolsillos laterales, ofrece un toque moderno y pr\u00e1ctico. Perfecta para un look casual y relajado, esta falda es ideal para el verano, con un dise\u00f1o que permite libertad de movimiento y un toque de estilo \u00fanico. Su estructura sencilla la convierte en una pieza vers\u00e1til para combinar con distintas prendas.<br data-mce-bogus=\"1\"><\/p>\n<div class=\"wcfm_custom_field_display wcfm_custom_field_display_video-de-producto\"><h4 class='wcfm_custom_field_display_heading'>\u4ea7\u54c1\u89c6\u9891<\/h4><\/div><div class=\"wcfm-clearfix\"><\/div><br \/>","protected":false},"excerpt":{"rendered":"<p>\u8fd9\u6761\u7c73\u8272\u8170\u5e26\u548c\u53e3\u888b\u77ed\u88d9\u662f\u4f11\u95f2\u8212\u9002\u7684\u7406\u60f3\u9009\u62e9\uff0c\u9002\u5408\u590f\u5b63\u548c\u4f11\u95f2\u573a\u5408\u3002<br data-mce-bogus=\"1\"><\/p>","protected":false},"featured_media":2973,"template":"","meta":{"_acf_changed":false},"product_cat":[66],"product_tag":[154,142,148,143,141,153,155,146,156],"product_brand":[],"class_list":{"0":"post-2976","1":"product","2":"type-product","3":"status-publish","4":"has-post-thumbnail","6":"product_cat-moda","7":"product_tag-falda-beig","8":"product_tag-falda-casual","9":"product_tag-falda-comoda","10":"product_tag-falda-con-bolsillos","11":"product_tag-falda-con-cinturon","12":"product_tag-falda-corto","13":"product_tag-falda-de-estilo-utilitario","14":"product_tag-falda-de-verano","15":"product_tag-falda-versatil","17":"first","18":"instock","19":"taxable","20":"shipping-taxable","21":"purchasable","22":"product-type-simple"},"acf":[],"_links":{"self":[{"href":"https:\/\/spacemall.asia\/zh\/wp-json\/wp\/v2\/product\/2976","targetHints":{"allow":["GET"]}}],"collection":[{"href":"https:\/\/spacemall.asia\/zh\/wp-json\/wp\/v2\/product"}],"about":[{"href":"https:\/\/spacemall.asia\/zh\/wp-json\/wp\/v2\/types\/product"}],"version-history":[{"count":1,"href":"https:\/\/spacemall.asia\/zh\/wp-json\/wp\/v2\/product\/2976\/revisions"}],"predecessor-version":[{"id":2977,"href":"https:\/\/spacemall.asia\/zh\/wp-json\/wp\/v2\/product\/2976\/revisions\/2977"}],"wp:featuredmedia":[{"embeddable":true,"href":"https:\/\/spacemall.asia\/zh\/wp-json\/wp\/v2\/media\/2973"}],"wp:attachment":[{"href":"https:\/\/spacemall.asia\/zh\/wp-json\/wp\/v2\/media?parent=2976"}],"wp:term":[{"taxonomy":"product_cat","embeddable":true,"href":"https:\/\/spacemall.asia\/zh\/wp-json\/wp\/v2\/product_cat?post=2976"},{"taxonomy":"product_tag","embeddable":true,"href":"https:\/\/spacemall.asia\/zh\/wp-json\/wp\/v2\/product_tag?post=2976"},{"taxonomy":"product_brand","embeddable":true,"href":"https:\/\/spacemall.asia\/zh\/wp-json\/wp\/v2\/product_brand?post=2976"}],"curies":[{"name":"wp","href":"https:\/\/api.w.org\/{rel}","templated":true}]}}