
{"id":2971,"date":"2025-02-10T08:08:24","date_gmt":"2025-02-10T07:08:24","guid":{"rendered":"https:\/\/spacemall.es\/producto\/vestido-negro-con-flores-y-detalles-de-volantes\/"},"modified":"2025-02-10T08:08:24","modified_gmt":"2025-02-10T07:08:24","slug":"vestido-negro-con-flores-y-detalles-de-volantes","status":"publish","type":"product","link":"https:\/\/spacemall.asia\/zh\/product\/vestido-negro-con-flores-y-detalles-de-volantes\/","title":{"rendered":"\u9ed1\u8272\u8fde\u8863\u88d9\u4e0e\u9c9c\u82b1\u548c\u98de\u884c\u7ec6\u8282"},"content":{"rendered":"<p>Este vestido negro con estampado de flores blancas es la prenda perfecta para los d\u00edas soleados. Con un dise\u00f1o fluido y detalles de volantes en el borde, ofrece un estilo c\u00f3modo y femenino. El escote en la parte trasera con un toque fruncido agrega un toque especial a la prenda. Ideal para una tarde casual o una salida veraniega, este vestido es tanto elegante como relajado.<\/p>\n<div class=\"wcfm_custom_field_display wcfm_custom_field_display_video-de-producto\"><h4 class='wcfm_custom_field_display_heading'>\u4ea7\u54c1\u89c6\u9891<\/h4><\/div><div class=\"wcfm-clearfix\"><\/div><br \/>","protected":false},"excerpt":{"rendered":"<p>\u8fd9\u6b3e\u5e26\u6709\u82b1\u6735\u548c\u8936\u8fb9\u7ec6\u8282\u7684\u9ed1\u8272\u8fde\u8863\u88d9\u662f\u6e05\u65b0\u5973\u6027\u5316\u7684\u5b8c\u7f8e\u642d\u914d\uff0c\u9002\u5408\u590f\u5b63\u548c\u4f11\u95f2\u573a\u5408\u3002<br data-mce-bogus=\"1\"><\/p>","protected":false},"featured_media":2969,"template":"","meta":{"_acf_changed":false},"product_cat":[66],"product_tag":[123,151,152,150,100,120,137,138,127,149],"product_brand":[],"class_list":{"0":"post-2971","1":"product","2":"type-product","3":"status-publish","4":"has-post-thumbnail","6":"product_cat-moda","7":"product_tag-vestido-casual","8":"product_tag-vestido-con-detalles-fruncidos","9":"product_tag-vestido-con-estampado-floral","10":"product_tag-vestido-con-flores","11":"product_tag-vestido-con-volantes","12":"product_tag-vestido-de-verano","13":"product_tag-vestido-floral","14":"product_tag-vestido-fresco","15":"product_tag-vestido-ligero","16":"product_tag-vestido-negro","18":"first","19":"instock","20":"taxable","21":"shipping-taxable","22":"purchasable","23":"product-type-simple"},"acf":[],"_links":{"self":[{"href":"https:\/\/spacemall.asia\/zh\/wp-json\/wp\/v2\/product\/2971","targetHints":{"allow":["GET"]}}],"collection":[{"href":"https:\/\/spacemall.asia\/zh\/wp-json\/wp\/v2\/product"}],"about":[{"href":"https:\/\/spacemall.asia\/zh\/wp-json\/wp\/v2\/types\/product"}],"version-history":[{"count":1,"href":"https:\/\/spacemall.asia\/zh\/wp-json\/wp\/v2\/product\/2971\/revisions"}],"predecessor-version":[{"id":2972,"href":"https:\/\/spacemall.asia\/zh\/wp-json\/wp\/v2\/product\/2971\/revisions\/2972"}],"wp:featuredmedia":[{"embeddable":true,"href":"https:\/\/spacemall.asia\/zh\/wp-json\/wp\/v2\/media\/2969"}],"wp:attachment":[{"href":"https:\/\/spacemall.asia\/zh\/wp-json\/wp\/v2\/media?parent=2971"}],"wp:term":[{"taxonomy":"product_cat","embeddable":true,"href":"https:\/\/spacemall.asia\/zh\/wp-json\/wp\/v2\/product_cat?post=2971"},{"taxonomy":"product_tag","embeddable":true,"href":"https:\/\/spacemall.asia\/zh\/wp-json\/wp\/v2\/product_tag?post=2971"},{"taxonomy":"product_brand","embeddable":true,"href":"https:\/\/spacemall.asia\/zh\/wp-json\/wp\/v2\/product_brand?post=2971"}],"curies":[{"name":"wp","href":"https:\/\/api.w.org\/{rel}","templated":true}]}}