
{"id":2961,"date":"2025-02-10T07:57:56","date_gmt":"2025-02-10T06:57:56","guid":{"rendered":"https:\/\/spacemall.es\/producto\/vestido-blanco-con-bordados-y-detalles-de-botones\/"},"modified":"2025-02-10T07:57:56","modified_gmt":"2025-02-10T06:57:56","slug":"vestido-blanco-con-bordados-y-detalles-de-botones","status":"publish","type":"product","link":"https:\/\/spacemall.asia\/zh\/product\/vestido-blanco-con-bordados-y-detalles-de-botones\/","title":{"rendered":"\u5e26\u6709\u523a\u7ee3\u548c\u7ebd\u6263\u7ec6\u8282\u7684\u767d\u8272\u8fde\u8863\u88d9"},"content":{"rendered":"<p>Vestido blanco presenta bordados florales sutiles que le dan un toque elegante y \u00fanico. Con botones en la parte delantera y un dise\u00f1o de falda fluida, es ideal para d\u00edas soleados o eventos informales. Su estilo c\u00f3modo y ligero lo convierte en una excelente opci\u00f3n para una salida casual o una ocasi\u00f3n relajada en el verano. Los detalles de puntilla en las mangas a\u00f1aden un toque adicional de sofisticaci\u00f3n.<br data-mce-bogus=\"1\"><\/p>\n<div class=\"wcfm_custom_field_display wcfm_custom_field_display_video-de-producto\"><h4 class='wcfm_custom_field_display_heading'>\u4ea7\u54c1\u89c6\u9891<\/h4><\/div><div class=\"wcfm-clearfix\"><\/div><br \/>","protected":false},"excerpt":{"rendered":"<p>\u8fd9\u6761\u5e26\u6709\u82b1\u5349\u523a\u7ee3\u3001\u7ebd\u6263\u548c\u98d8\u9038\u88d9\u5b50\u7684\u767d\u8272\u8fde\u8863\u88d9\u662f\u6e05\u65b0\u4f18\u96c5\u7684\u5b8c\u7f8e\u642d\u914d\uff0c\u662f\u590f\u5b63\u548c\u4f11\u95f2\u573a\u5408\u7684\u7406\u60f3\u9009\u62e9\u3002<br data-mce-bogus=\"1\"><\/p>","protected":false},"featured_media":2958,"template":"","meta":{"_acf_changed":false},"product_cat":[66],"product_tag":[119,123,134,135,136,103,120,137,138,125],"product_brand":[],"class_list":{"0":"post-2961","1":"product","2":"type-product","3":"status-publish","4":"has-post-thumbnail","6":"product_cat-moda","7":"product_tag-vestido-blanco","8":"product_tag-vestido-casual","9":"product_tag-vestido-con-bordado","10":"product_tag-vestido-con-botones","11":"product_tag-vestido-con-puntilla","12":"product_tag-vestido-de-manga-corta","13":"product_tag-vestido-de-verano","14":"product_tag-vestido-floral","15":"product_tag-vestido-fresco","16":"product_tag-vestido-veraniego","18":"first","19":"instock","20":"taxable","21":"shipping-taxable","22":"purchasable","23":"product-type-simple"},"acf":[],"_links":{"self":[{"href":"https:\/\/spacemall.asia\/zh\/wp-json\/wp\/v2\/product\/2961","targetHints":{"allow":["GET"]}}],"collection":[{"href":"https:\/\/spacemall.asia\/zh\/wp-json\/wp\/v2\/product"}],"about":[{"href":"https:\/\/spacemall.asia\/zh\/wp-json\/wp\/v2\/types\/product"}],"version-history":[{"count":1,"href":"https:\/\/spacemall.asia\/zh\/wp-json\/wp\/v2\/product\/2961\/revisions"}],"predecessor-version":[{"id":2962,"href":"https:\/\/spacemall.asia\/zh\/wp-json\/wp\/v2\/product\/2961\/revisions\/2962"}],"wp:featuredmedia":[{"embeddable":true,"href":"https:\/\/spacemall.asia\/zh\/wp-json\/wp\/v2\/media\/2958"}],"wp:attachment":[{"href":"https:\/\/spacemall.asia\/zh\/wp-json\/wp\/v2\/media?parent=2961"}],"wp:term":[{"taxonomy":"product_cat","embeddable":true,"href":"https:\/\/spacemall.asia\/zh\/wp-json\/wp\/v2\/product_cat?post=2961"},{"taxonomy":"product_tag","embeddable":true,"href":"https:\/\/spacemall.asia\/zh\/wp-json\/wp\/v2\/product_tag?post=2961"},{"taxonomy":"product_brand","embeddable":true,"href":"https:\/\/spacemall.asia\/zh\/wp-json\/wp\/v2\/product_brand?post=2961"}],"curies":[{"name":"wp","href":"https:\/\/api.w.org\/{rel}","templated":true}]}}