
{"id":2652,"date":"2025-01-31T12:58:13","date_gmt":"2025-01-31T11:58:13","guid":{"rendered":"https:\/\/spacemall.es\/producto\/muneco-de-delfin-bebe\/"},"modified":"2025-12-18T23:10:58","modified_gmt":"2025-12-18T22:10:58","slug":"muneco-de-delfin-bebe","status":"publish","type":"product","link":"https:\/\/spacemall.asia\/zh\/product\/muneco-de-delfin-bebe\/","title":{"rendered":"mu\u00f1eco de delf\u00edn beb\u00e9"},"content":{"rendered":"<p>El mu\u00f1eco de delf\u00edn beb\u00e9 de crochet es una figura adorable y vivaz tejida a mano con una t\u00e9cnica de crochet suave, que presenta una forma juguetona de delf\u00edn. Su expresi\u00f3n c\u00e1lida y los detalles delicados lo hacen ideal como juguete para ni\u00f1os o decoraci\u00f3n. Se puede elegir en diferentes colores seg\u00fan las preferencias personales, como azul, rosa o morado, brindando alegr\u00eda y energ\u00eda.<br data-mce-bogus=\"1\"><\/p>\n<p>talla:12*14*8cm<\/p>\n<p><br data-mce-bogus=\"1\"><\/p>\n<div class=\"wcfm_custom_field_display wcfm_custom_field_display_video-de-producto\"><h4 class='wcfm_custom_field_display_heading'>\u4ea7\u54c1\u89c6\u9891<\/h4><\/div><div class=\"wcfm-clearfix\"><\/div><br \/>","protected":false},"excerpt":{"rendered":"<p>\u6750\u6599\uff1a100%\u805a\u916f\u3002<br data-mce-bogus=\"1\"><\/p>","protected":false},"featured_media":2648,"template":"","meta":{"_acf_changed":false},"product_cat":[66,20],"product_tag":[],"product_brand":[],"class_list":{"0":"post-2652","1":"product","2":"type-product","3":"status-publish","4":"has-post-thumbnail","6":"product_cat-moda","7":"product_cat-tiendas","9":"first","10":"instock","11":"sold-individually","12":"taxable","13":"shipping-taxable","14":"purchasable","15":"product-type-simple"},"acf":[],"_links":{"self":[{"href":"https:\/\/spacemall.asia\/zh\/wp-json\/wp\/v2\/product\/2652","targetHints":{"allow":["GET"]}}],"collection":[{"href":"https:\/\/spacemall.asia\/zh\/wp-json\/wp\/v2\/product"}],"about":[{"href":"https:\/\/spacemall.asia\/zh\/wp-json\/wp\/v2\/types\/product"}],"version-history":[{"count":1,"href":"https:\/\/spacemall.asia\/zh\/wp-json\/wp\/v2\/product\/2652\/revisions"}],"predecessor-version":[{"id":2653,"href":"https:\/\/spacemall.asia\/zh\/wp-json\/wp\/v2\/product\/2652\/revisions\/2653"}],"wp:featuredmedia":[{"embeddable":true,"href":"https:\/\/spacemall.asia\/zh\/wp-json\/wp\/v2\/media\/2648"}],"wp:attachment":[{"href":"https:\/\/spacemall.asia\/zh\/wp-json\/wp\/v2\/media?parent=2652"}],"wp:term":[{"taxonomy":"product_cat","embeddable":true,"href":"https:\/\/spacemall.asia\/zh\/wp-json\/wp\/v2\/product_cat?post=2652"},{"taxonomy":"product_tag","embeddable":true,"href":"https:\/\/spacemall.asia\/zh\/wp-json\/wp\/v2\/product_tag?post=2652"},{"taxonomy":"product_brand","embeddable":true,"href":"https:\/\/spacemall.asia\/zh\/wp-json\/wp\/v2\/product_brand?post=2652"}],"curies":[{"name":"wp","href":"https:\/\/api.w.org\/{rel}","templated":true}]}}