
{"id":2616,"date":"2025-01-31T12:15:33","date_gmt":"2025-01-31T11:15:33","guid":{"rendered":"https:\/\/spacemall.es\/producto\/rosa-rosa\/"},"modified":"2025-01-31T12:15:33","modified_gmt":"2025-01-31T11:15:33","slug":"rosa-rosa","status":"publish","type":"product","link":"https:\/\/spacemall.asia\/zh\/product\/rosa-rosa\/","title":{"rendered":"Rosa rosa"},"content":{"rendered":"<p><span style=\"font-size: medium\">La rosa de crochet es una artesan\u00eda delicada, con p\u00e9talos bien definidos y una forma elegante. Se puede elegir en diferentes colores seg\u00fan las preferencias personales, y es ideal como decoraci\u00f3n, regalo o parte de un proyecto artesanal. Tambi\u00e9n se puede hacer en forma de ramo.<\/span><br data-mce-bogus=\"1\"><\/p>\n<p>talla:8,5*30cm<\/p>\n<p>Material: 100% algod\u00f3n, alambre.<\/p>\n<div class=\"wcfm_custom_field_display wcfm_custom_field_display_video-de-producto\"><h4 class='wcfm_custom_field_display_heading'>\u4ea7\u54c1\u89c6\u9891<\/h4><\/div><div class=\"wcfm-clearfix\"><\/div><br \/>","protected":false},"excerpt":{"rendered":"<p>\u4e3b\u8981\u6750\u6599\u662f\u68c9\u82b1\u3002<br data-mce-bogus=\"1\"><\/p>\n<p>De Daisy\u2019s Margarita Handmade.<\/p>","protected":false},"featured_media":2615,"template":"","meta":{"_acf_changed":false},"product_cat":[66,20],"product_tag":[],"product_brand":[],"class_list":{"0":"post-2616","1":"product","2":"type-product","3":"status-publish","4":"has-post-thumbnail","6":"product_cat-moda","7":"product_cat-tiendas","9":"first","10":"instock","11":"taxable","12":"shipping-taxable","13":"purchasable","14":"product-type-simple"},"acf":[],"_links":{"self":[{"href":"https:\/\/spacemall.asia\/zh\/wp-json\/wp\/v2\/product\/2616","targetHints":{"allow":["GET"]}}],"collection":[{"href":"https:\/\/spacemall.asia\/zh\/wp-json\/wp\/v2\/product"}],"about":[{"href":"https:\/\/spacemall.asia\/zh\/wp-json\/wp\/v2\/types\/product"}],"version-history":[{"count":1,"href":"https:\/\/spacemall.asia\/zh\/wp-json\/wp\/v2\/product\/2616\/revisions"}],"predecessor-version":[{"id":2617,"href":"https:\/\/spacemall.asia\/zh\/wp-json\/wp\/v2\/product\/2616\/revisions\/2617"}],"wp:featuredmedia":[{"embeddable":true,"href":"https:\/\/spacemall.asia\/zh\/wp-json\/wp\/v2\/media\/2615"}],"wp:attachment":[{"href":"https:\/\/spacemall.asia\/zh\/wp-json\/wp\/v2\/media?parent=2616"}],"wp:term":[{"taxonomy":"product_cat","embeddable":true,"href":"https:\/\/spacemall.asia\/zh\/wp-json\/wp\/v2\/product_cat?post=2616"},{"taxonomy":"product_tag","embeddable":true,"href":"https:\/\/spacemall.asia\/zh\/wp-json\/wp\/v2\/product_tag?post=2616"},{"taxonomy":"product_brand","embeddable":true,"href":"https:\/\/spacemall.asia\/zh\/wp-json\/wp\/v2\/product_brand?post=2616"}],"curies":[{"name":"wp","href":"https:\/\/api.w.org\/{rel}","templated":true}]}}