
{"id":2609,"date":"2025-01-31T11:57:20","date_gmt":"2025-01-31T10:57:20","guid":{"rendered":"https:\/\/spacemall.es\/producto\/cojin-de-corazon\/"},"modified":"2025-01-31T11:57:20","modified_gmt":"2025-01-31T10:57:20","slug":"cojin-de-corazon","status":"publish","type":"product","link":"https:\/\/spacemall.asia\/zh\/product\/cojin-de-corazon\/","title":{"rendered":"\u5fc3\u810f\u57ab"},"content":{"rendered":"<p><span style=\"color: #000000;font-size: medium\" data-mce-style=\"caret-color: #000000; color: #000000; font-size: medium;\">El coj\u00edn en forma de coraz\u00f3n de crochet est\u00e1 tejido con hilo de microfibra de Microfibra PL, lo que le da una textura suave y delicada. Su dise\u00f1o encantador lo hace ideal como decoraci\u00f3n del hogar, regalo o un c\u00f3modo coj\u00edn. El material tambi\u00e9n lo hace duradero y f\u00e1cil de lavar, a\u00f1adiendo un toque acogedor a cualquier espacio.<\/span><\/p>\n<p>largo:19cm<\/p>\n<p>ancho:16cm<\/p>\n<p>alto:7cm<\/p>\n<div class=\"wcfm_custom_field_display wcfm_custom_field_display_video-de-producto\"><h4 class='wcfm_custom_field_display_heading'>\u4ea7\u54c1\u89c6\u9891<\/h4><\/div><div class=\"wcfm-clearfix\"><\/div><br \/>","protected":false},"excerpt":{"rendered":"<p><span style=\"color: #000000;font-size: medium\" data-mce-style=\"caret-color: #000000; color: #000000; font-size: medium;\">\u94a9\u9488\u5fc3\u5f62\u5750\u57ab\u7528\u5fae\u7ea4\u7ef4PL\u7ebf\u7f16\u7ec7\u800c\u6210<\/span><\/p>","protected":false},"featured_media":2608,"template":"","meta":{"_acf_changed":false},"product_cat":[66,20],"product_tag":[97,89],"product_brand":[],"class_list":{"0":"post-2609","1":"product","2":"type-product","3":"status-publish","4":"has-post-thumbnail","6":"product_cat-moda","7":"product_cat-tiendas","8":"product_tag-corazon","9":"product_tag-handmade","11":"first","12":"instock","13":"taxable","14":"shipping-taxable","15":"purchasable","16":"product-type-simple"},"acf":[],"_links":{"self":[{"href":"https:\/\/spacemall.asia\/zh\/wp-json\/wp\/v2\/product\/2609","targetHints":{"allow":["GET"]}}],"collection":[{"href":"https:\/\/spacemall.asia\/zh\/wp-json\/wp\/v2\/product"}],"about":[{"href":"https:\/\/spacemall.asia\/zh\/wp-json\/wp\/v2\/types\/product"}],"version-history":[{"count":1,"href":"https:\/\/spacemall.asia\/zh\/wp-json\/wp\/v2\/product\/2609\/revisions"}],"predecessor-version":[{"id":2610,"href":"https:\/\/spacemall.asia\/zh\/wp-json\/wp\/v2\/product\/2609\/revisions\/2610"}],"wp:featuredmedia":[{"embeddable":true,"href":"https:\/\/spacemall.asia\/zh\/wp-json\/wp\/v2\/media\/2608"}],"wp:attachment":[{"href":"https:\/\/spacemall.asia\/zh\/wp-json\/wp\/v2\/media?parent=2609"}],"wp:term":[{"taxonomy":"product_cat","embeddable":true,"href":"https:\/\/spacemall.asia\/zh\/wp-json\/wp\/v2\/product_cat?post=2609"},{"taxonomy":"product_tag","embeddable":true,"href":"https:\/\/spacemall.asia\/zh\/wp-json\/wp\/v2\/product_tag?post=2609"},{"taxonomy":"product_brand","embeddable":true,"href":"https:\/\/spacemall.asia\/zh\/wp-json\/wp\/v2\/product_brand?post=2609"}],"curies":[{"name":"wp","href":"https:\/\/api.w.org\/{rel}","templated":true}]}}