
{"id":2278,"date":"2024-12-17T21:26:31","date_gmt":"2024-12-17T20:26:31","guid":{"rendered":"https:\/\/spacemall.es\/producto\/casa-o-chalet-independiente-en-venta-en-avenida-de-la-musica-14-conil-de-la-fra\/"},"modified":"2025-01-05T21:33:15","modified_gmt":"2025-01-05T20:33:15","slug":"casa-o-chalet-independiente-en-venta-en-avenida-de-la-musica-14-conil-de-la-fra","status":"publish","type":"product","link":"https:\/\/spacemall.asia\/zh\/product\/casa-o-chalet-independiente-en-venta-en-avenida-de-la-musica-14-conil-de-la-fra\/","title":{"rendered":"\u623f\u5b50\u6216\u72ec\u7acb\u5c0f\u5c4b\u51fa\u552e\uff0c\u5927\u9053de la Musica\uff0c 14\u3002Conil de la Fra\u3002"},"content":{"rendered":"<p><strong>\u00a1Incre\u00edble Chalet para Reformar en Conil de la Frontera! \ud83c\udfe1\ud83c\udf3f<\/strong><\/p>\n<p>\u00bfTe gustar\u00eda invertir en un proyecto \u00fanico en una de las zonas m\u00e1s deseadas de la Costa de la Luz? \u00a1Esta es tu oportunidad! Presentamos este\u00a0<strong>chalet en el t\u00e9rmino de Conil<\/strong>, una finca r\u00fastica de\u00a0<strong>43.000 m\u00b2<\/strong>\u00a0ideal para\u00a0<strong>turismo<\/strong>\u00a0o\u00a0<strong>camping<\/strong>.<\/p>\n<p>\ud83d\udd11\u00a0<strong>Caracter\u00edsticas Principales<\/strong>:<\/p>\n<ul>\n<li><strong>Amplia finca r\u00fastica de 43.000 m\u00b2<\/strong>: Espacio perfecto para desarrollar un negocio tur\u00edstico o disfrutar de la tranquilidad del campo.<\/li>\n<li><strong>Chalet para reformar \u00edntegramente<\/strong>: Una excelente oportunidad para personalizar a tu gusto y crear el hogar o el proyecto tur\u00edstico de tus sue\u00f1os.<\/li>\n<li><strong>Varias construcciones<\/strong>: Incluyendo\u00a0<strong>una piscina<\/strong>\u00a0que puede convertirse en un punto central de ocio y relajaci\u00f3n.<\/li>\n<li><strong>Servicios disponibles<\/strong>: Agua corriente y electricidad ya instalados, \u00a1listos para tu proyecto!<\/li>\n<\/ul>\n<p>\ud83c\udf33\u00a0<strong>Ubicaci\u00f3n inmejorable<\/strong>: A poca distancia de Conil y sus hermosas playas, con f\u00e1cil acceso a todos los servicios.<\/p>\n<p>\ud83d\udd04\u00a0<strong>Ideal para turismo rural, camping o desarrollo de proyectos tur\u00edsticos<\/strong>. Imagina un refugio exclusivo o una empresa que atraiga visitantes a esta impresionante finca.<\/p>\n<p><strong>\u00a1No dejes pasar esta oportunidad de crear algo verdaderamente \u00fanico!<\/strong>\u00a0Contacta con nosotros para m\u00e1s informaci\u00f3n y agendar tu visita. \ud83d\udcf2<\/p>\n<div class=\"wcfm_custom_field_display wcfm_custom_field_display_video-de-producto\"><h4 class='wcfm_custom_field_display_heading'>\u4ea7\u54c1\u89c6\u9891<\/h4><\/div><div class=\"wcfm-clearfix\"><\/div><br \/>","protected":false},"excerpt":{"rendered":"<p><strong>Conil de la Frontera\u5f85\u552e\u522b\u5885<\/strong> \u5728\u4e61\u6751\u5e84\u56ed\u7684 <strong>43.000 m\u00b2<\/strong>, ideal para <strong>\u65c5\u6e38\u9879\u76ee\u6216\u9732\u8425<\/strong>\uff0e \u5b83\u6709\u51e0\u4e2a\u7ed3\u6784\uff0c\u5305\u62ec <strong>piscina<\/strong>\uff0c\u5e76\u6307\u671b <strong>\u81ea\u6765\u6c34\u548c\u7535\u529b<\/strong>\uff0e \u4f18\u8d8a\u7684\u4f4d\u7f6e\uff0c\u9760\u8fd1Conil\u548c\u5b83\u7684\u6d77\u6ee9\u3002\u8fd9\u662f\u4e00\u4e2a\u6295\u8d44\u548c\u8f6c\u578b\u7684\u7edd\u4f73\u673a\u4f1a\uff01<\/p>","protected":false},"featured_media":2275,"template":"","meta":{"_acf_changed":false},"product_cat":[19],"product_tag":[],"product_brand":[],"class_list":{"0":"post-2278","1":"product","2":"type-product","3":"status-publish","4":"has-post-thumbnail","6":"product_cat-sin-categorizar","8":"first","9":"instock","10":"taxable","11":"shipping-taxable","12":"product-type-external"},"acf":[],"_links":{"self":[{"href":"https:\/\/spacemall.asia\/zh\/wp-json\/wp\/v2\/product\/2278","targetHints":{"allow":["GET"]}}],"collection":[{"href":"https:\/\/spacemall.asia\/zh\/wp-json\/wp\/v2\/product"}],"about":[{"href":"https:\/\/spacemall.asia\/zh\/wp-json\/wp\/v2\/types\/product"}],"version-history":[{"count":3,"href":"https:\/\/spacemall.asia\/zh\/wp-json\/wp\/v2\/product\/2278\/revisions"}],"predecessor-version":[{"id":2302,"href":"https:\/\/spacemall.asia\/zh\/wp-json\/wp\/v2\/product\/2278\/revisions\/2302"}],"wp:featuredmedia":[{"embeddable":true,"href":"https:\/\/spacemall.asia\/zh\/wp-json\/wp\/v2\/media\/2275"}],"wp:attachment":[{"href":"https:\/\/spacemall.asia\/zh\/wp-json\/wp\/v2\/media?parent=2278"}],"wp:term":[{"taxonomy":"product_cat","embeddable":true,"href":"https:\/\/spacemall.asia\/zh\/wp-json\/wp\/v2\/product_cat?post=2278"},{"taxonomy":"product_tag","embeddable":true,"href":"https:\/\/spacemall.asia\/zh\/wp-json\/wp\/v2\/product_tag?post=2278"},{"taxonomy":"product_brand","embeddable":true,"href":"https:\/\/spacemall.asia\/zh\/wp-json\/wp\/v2\/product_brand?post=2278"}],"curies":[{"name":"wp","href":"https:\/\/api.w.org\/{rel}","templated":true}]}}