
{"id":2273,"date":"2024-12-17T21:18:09","date_gmt":"2024-12-17T20:18:09","guid":{"rendered":"https:\/\/spacemall.es\/producto\/casa-rural-en-venta-en-carretera-vejer-de-la-frontera-s-n\/"},"modified":"2025-01-05T19:49:37","modified_gmt":"2025-01-05T18:49:37","slug":"casa-rural-en-venta-en-carretera-vejer-de-la-frontera-s-n","status":"publish","type":"product","link":"https:\/\/spacemall.asia\/zh\/product\/casa-rural-en-venta-en-carretera-vejer-de-la-frontera-s-n\/","title":{"rendered":"Casa rural en venta en carretera vejer de la frontera s\/n"},"content":{"rendered":"<p><strong>Encantadora Casa de Campo Tipo Cortijo en Vejer de la Frontera<\/strong> \ud83c\udf3f\ud83c\udfe1<\/p>\n<p>Descubre esta <strong>aut\u00e9ntica casa de campo tipo cortijo<\/strong>, con <strong>varias dependencias<\/strong> y una <strong>cocina con chimenea<\/strong> que te transportar\u00e1 al encanto de lo tradicional. <strong>Techos antiguos de ca\u00f1a y madera<\/strong> en excelente estado y un <strong>patio central andaluz<\/strong> con acceso directo a la <strong>piscina alberca<\/strong>.<\/p>\n<p>\ud83d\udd11 <strong>Caracter\u00edsticas Principales<\/strong>:<\/p>\n<ul>\n<li><strong>Terreno llano de 10.000 m\u00b2<\/strong> con <strong>\u00e1rboles frutales<\/strong> y una abundante <strong>agua de pozo<\/strong>.<\/li>\n<li><strong>Acceso perfecto<\/strong> en una zona tranquila, a solo <strong>5 km de Vejer<\/strong>.<\/li>\n<li><strong>Luz de la compa\u00f1\u00eda<\/strong> y gran potencial para reformas.<\/li>\n<li>El lugar ideal para disfrutar de la paz del campo, con la posibilidad de modernizar a tu gusto.<\/li>\n<\/ul>\n<p><strong>\u00a1Una oportunidad \u00fanica para crear tu refugio en plena naturaleza!<\/strong> Cont\u00e1ctanos para m\u00e1s informaci\u00f3n y visitas. \ud83d\udcf2<\/p>\n<div class=\"wcfm_custom_field_display wcfm_custom_field_display_video-de-producto\"><h4 class='wcfm_custom_field_display_heading'>\u4ea7\u54c1\u89c6\u9891<\/h4><\/div><div class=\"wcfm-clearfix\"><\/div><br \/>","protected":false},"excerpt":{"rendered":"<p><strong>Casa de campo tipo cortijo en Vejer de la Frontera<\/strong>. Con <strong>10.000 m\u00b2 de terreno llano<\/strong>, \u00e1rboles frutales y <strong>agua de pozo abundante<\/strong>. <strong>Cocina con chimenea<\/strong>, <strong>techos antiguos<\/strong> de ca\u00f1a y madera, <strong>patio andaluz<\/strong> y <strong>piscina alberca<\/strong>. A solo <strong>5 km de Vejer<\/strong>, necesita algunas reformas. \u00a1Perfecto para quienes buscan tranquilidad y naturaleza!<\/p>","protected":false},"featured_media":2264,"template":"","meta":{"_acf_changed":false},"product_cat":[19],"product_tag":[],"product_brand":[],"class_list":{"0":"post-2273","1":"product","2":"type-product","3":"status-publish","4":"has-post-thumbnail","6":"product_cat-sin-categorizar","8":"first","9":"instock","10":"taxable","11":"shipping-taxable","12":"product-type-external"},"acf":[],"_links":{"self":[{"href":"https:\/\/spacemall.asia\/zh\/wp-json\/wp\/v2\/product\/2273","targetHints":{"allow":["GET"]}}],"collection":[{"href":"https:\/\/spacemall.asia\/zh\/wp-json\/wp\/v2\/product"}],"about":[{"href":"https:\/\/spacemall.asia\/zh\/wp-json\/wp\/v2\/types\/product"}],"version-history":[{"count":4,"href":"https:\/\/spacemall.asia\/zh\/wp-json\/wp\/v2\/product\/2273\/revisions"}],"predecessor-version":[{"id":2300,"href":"https:\/\/spacemall.asia\/zh\/wp-json\/wp\/v2\/product\/2273\/revisions\/2300"}],"wp:featuredmedia":[{"embeddable":true,"href":"https:\/\/spacemall.asia\/zh\/wp-json\/wp\/v2\/media\/2264"}],"wp:attachment":[{"href":"https:\/\/spacemall.asia\/zh\/wp-json\/wp\/v2\/media?parent=2273"}],"wp:term":[{"taxonomy":"product_cat","embeddable":true,"href":"https:\/\/spacemall.asia\/zh\/wp-json\/wp\/v2\/product_cat?post=2273"},{"taxonomy":"product_tag","embeddable":true,"href":"https:\/\/spacemall.asia\/zh\/wp-json\/wp\/v2\/product_tag?post=2273"},{"taxonomy":"product_brand","embeddable":true,"href":"https:\/\/spacemall.asia\/zh\/wp-json\/wp\/v2\/product_brand?post=2273"}],"curies":[{"name":"wp","href":"https:\/\/api.w.org\/{rel}","templated":true}]}}