
{"id":2262,"date":"2024-12-17T21:07:50","date_gmt":"2024-12-17T20:07:50","guid":{"rendered":"https:\/\/spacemall.es\/producto\/finca-rustica-en-venta-en-el-soto-s-n-barbate\/"},"modified":"2025-01-05T21:38:48","modified_gmt":"2025-01-05T20:38:48","slug":"finca-rustica-en-venta-en-el-soto-s-n-barbate","status":"publish","type":"product","link":"https:\/\/spacemall.asia\/zh\/product\/finca-rustica-en-venta-en-el-soto-s-n-barbate\/","title":{"rendered":"\u4e61\u6751\u519c\u573a\u51fa\u552e\u5728\u7d22\u6258s\/n\u3002Barbate"},"content":{"rendered":"<p><strong>Magn\u00edfica Finca en T\u00e9rmino de Vejer de la Frontera \u2013 \u00a1Una Oportunidad \u00danica! \ud83c\udfe1\ud83c\udf33<\/strong><\/p>\n<p>Presentamos esta <strong>finca de regad\u00edo y secano<\/strong> de <strong>70.000 m\u00b2<\/strong>, con <strong>una vivienda para reformar<\/strong> que ofrece una excelente oportunidad para quienes buscan crear un hogar en un entorno natural.<\/p>\n<p>\ud83d\udd11 <strong>Caracter\u00edsticas Principales<\/strong>:<\/p>\n<ul>\n<li><strong>Agua de pozo<\/strong> y <strong>luz<\/strong> disponibles.<\/li>\n<li><strong>Finca vallada<\/strong> con hermosas <strong>vistas a Vejer<\/strong>.<\/li>\n<li><strong>Acceso directo por carretera<\/strong> hasta la finca, con f\u00e1cil conexi\u00f3n.<\/li>\n<li>Ideal para <strong>\u9a6c<\/strong> o cualquier otro tipo de proyecto.<\/li>\n<li>Ubicaci\u00f3n a <strong>\u8ddd\u79bb\u6d77\u6ee915\u516c\u91cc<\/strong>, en una zona tranquila pero bien comunicada.<\/li>\n<\/ul>\n<p>\ud83c\udf33 <strong>Un lugar perfecto para disfrutar de la naturaleza y desarrollar un proyecto rural o agr\u00edcola<\/strong>.<\/p>\n<p><strong>\u00a1No dejes pasar esta oportunidad de invertir en una finca con gran potencial!<\/strong> Cont\u00e1ctanos para m\u00e1s informaci\u00f3n y agendar tu visita. \ud83d\udcf2<strong>\u4f4d\u4e8eVejer de la Frontera\u768470,000\u5e73\u65b9\u7c73\u519c\u573a<\/strong>, con <strong>\u6539\u9020\u623f\u5c4b<\/strong>, <strong>agua de pozo<\/strong>, <strong>luz<\/strong>, <strong>valla<\/strong> y <strong>vistas a Vejer<\/strong>. Ideal para <strong>\u9a6c<\/strong> \u6216\u519c\u6751\u9879\u76ee\u3002 <strong>\u826f\u597d\u7684\u516c\u8def\u8fde\u63a5<\/strong>, a solo <strong>\u8ddd\u79bb\u6d77\u6ee915\u516c\u91cc<\/strong>\uff0e \u8fd9\u662f\u4e00\u4e2a\u5728\u5927\u81ea\u7136\u4e2d\u53d1\u5c55\u4f60\u7684\u9879\u76ee\u7684\u597d\u673a\u4f1a\uff01<\/p>\n<div class=\"wcfm_custom_field_display wcfm_custom_field_display_video-de-producto\"><h4 class='wcfm_custom_field_display_heading'>\u4ea7\u54c1\u89c6\u9891<\/h4><\/div><div class=\"wcfm-clearfix\"><\/div><br \/>","protected":false},"excerpt":{"rendered":"<p><span id=\"_mce_caret\" data-mce-bogus=\"1\" data-mce-type=\"format-caret\"><span style=\"font-family: bernino-regular, Verdana, Arial, Geneva, sans-serif;font-size: 18px\" data-mce-style=\"font-family: bernino-regular, Verdana, Arial, Geneva, sans-serif; font-size: 18px;\"><\/span><\/span><strong>\u4f4d\u4e8eVejer de la Frontera\u768470,000\u5e73\u65b9\u7c73\u519c\u573a<\/strong>, con <strong>\u6539\u9020\u623f\u5c4b<\/strong>, <strong>agua de pozo<\/strong>, <strong>luz<\/strong>, <strong>valla<\/strong> y <strong>vistas a Vejer<\/strong>. Ideal para <strong>\u9a6c<\/strong> \u6216\u519c\u6751\u9879\u76ee\u3002 <strong>\u826f\u597d\u7684\u516c\u8def\u8fde\u63a5<\/strong>, a solo <strong>\u8ddd\u79bb\u6d77\u6ee915\u516c\u91cc<\/strong>\uff0e \u8fd9\u662f\u4e00\u4e2a\u5728\u5927\u81ea\u7136\u4e2d\u53d1\u5c55\u4f60\u7684\u9879\u76ee\u7684\u597d\u673a\u4f1a\uff01<\/p>","protected":false},"featured_media":2257,"template":"","meta":{"_acf_changed":false},"product_cat":[19],"product_tag":[],"product_brand":[],"class_list":{"0":"post-2262","1":"product","2":"type-product","3":"status-publish","4":"has-post-thumbnail","6":"product_cat-sin-categorizar","8":"first","9":"instock","10":"taxable","11":"shipping-taxable","12":"product-type-external"},"acf":[],"_links":{"self":[{"href":"https:\/\/spacemall.asia\/zh\/wp-json\/wp\/v2\/product\/2262","targetHints":{"allow":["GET"]}}],"collection":[{"href":"https:\/\/spacemall.asia\/zh\/wp-json\/wp\/v2\/product"}],"about":[{"href":"https:\/\/spacemall.asia\/zh\/wp-json\/wp\/v2\/types\/product"}],"version-history":[{"count":3,"href":"https:\/\/spacemall.asia\/zh\/wp-json\/wp\/v2\/product\/2262\/revisions"}],"predecessor-version":[{"id":2303,"href":"https:\/\/spacemall.asia\/zh\/wp-json\/wp\/v2\/product\/2262\/revisions\/2303"}],"wp:featuredmedia":[{"embeddable":true,"href":"https:\/\/spacemall.asia\/zh\/wp-json\/wp\/v2\/media\/2257"}],"wp:attachment":[{"href":"https:\/\/spacemall.asia\/zh\/wp-json\/wp\/v2\/media?parent=2262"}],"wp:term":[{"taxonomy":"product_cat","embeddable":true,"href":"https:\/\/spacemall.asia\/zh\/wp-json\/wp\/v2\/product_cat?post=2262"},{"taxonomy":"product_tag","embeddable":true,"href":"https:\/\/spacemall.asia\/zh\/wp-json\/wp\/v2\/product_tag?post=2262"},{"taxonomy":"product_brand","embeddable":true,"href":"https:\/\/spacemall.asia\/zh\/wp-json\/wp\/v2\/product_brand?post=2262"}],"curies":[{"name":"wp","href":"https:\/\/api.w.org\/{rel}","templated":true}]}}