
{"id":2255,"date":"2024-12-17T20:59:41","date_gmt":"2024-12-17T19:59:41","guid":{"rendered":"https:\/\/spacemall.es\/producto\/cortijo-en-venta-en-ca-2222-39-vejer-de-la-frontera-cadiz\/"},"modified":"2025-01-05T21:42:57","modified_gmt":"2025-01-05T20:42:57","slug":"cortijo-en-venta-en-ca-2222-39-vejer-de-la-frontera-cadiz","status":"publish","type":"product","link":"https:\/\/spacemall.asia\/zh\/product\/cortijo-en-venta-en-ca-2222-39-vejer-de-la-frontera-cadiz\/","title":{"rendered":"39\u53f7Ca-2222\u51fa\u552e\u7684\u5c0f\u5c4b\u3002\u52a0\u7684\u65af\u8fb9\u5883"},"content":{"rendered":"<p><strong>\u00a1Oportunidad \u00danica de Cortijo en la Dehesa Montenmedio! \ud83c\udfe1\ud83c\udf3f<\/strong><\/p>\n<p>Presentamos esta <strong>magn\u00edfica construcci\u00f3n tipo cortijo<\/strong> de <strong>450 m\u00b2<\/strong> en varias edificaciones, con <strong>posibilidad de ampliaci\u00f3n hasta 700 m\u00b2<\/strong> seg\u00fan escritura. Conserva un <strong>\u65e7\u70e4\u7bb1\u4ece1870\u5e74<\/strong> y est\u00e1 situada en un <strong>terreno de 12.000 m\u00b2<\/strong> totalmente legal, con algunos <strong>\u00e1rboles frutales<\/strong> y <strong>acebuches\u7684<\/strong>.<\/p>\n<p>\ud83d\udd11 <strong>Caracter\u00edsticas Principales<\/strong>:<\/p>\n<ul>\n<li><strong>Luz y agua de red<\/strong>.<\/li>\n<li><strong>Amplio sal\u00f3n con chimenea<\/strong>, aseo y ba\u00f1o.<\/li>\n<li>Varias <strong>naves y dependencias<\/strong> para diferentes usos.<\/li>\n<li><strong>Ideal para negocio<\/strong>: Ubicaci\u00f3n excelente, pr\u00f3xima a la <strong>\u8349\u5730Montenmedio<\/strong>, en un entorno natural \u00fanico.<\/li>\n<li><strong>Terreno espacioso<\/strong> con gran potencial para proyectos agr\u00edcolas o tur\u00edsticos.<\/li>\n<\/ul>\n<p>\ud83c\udf33 <strong>Una propiedad con gran potencial, ideal para crear tu negocio o como inversi\u00f3n rural<\/strong>.<\/p>\n<p><strong>\u00a1No dejes pasar esta oportunidad de adquirir un cortijo con historia y muchas posibilidades!<\/strong> Cont\u00e1ctanos para m\u00e1s informaci\u00f3n y visitas. \ud83d\udcf2<\/p>\n<div class=\"wcfm_custom_field_display wcfm_custom_field_display_video-de-producto\"><h4 class='wcfm_custom_field_display_heading'>\u4ea7\u54c1\u89c6\u9891<\/h4><\/div><div class=\"wcfm-clearfix\"><\/div><br \/>","protected":false},"excerpt":{"rendered":"<p><strong>\u5360\u573012,000\u5e73\u65b9\u7c73\uff0c450\u5e73\u65b9\u7c73\u7684\u522b\u5885<\/strong>, con <strong>\u65e7\u70e4\u7bb1\u4ece1870\u5e74<\/strong>\u6269\u5c55\u5230 <strong>700 m\u00b2<\/strong>. Dispone de <strong>luz, agua de red<\/strong>, y <strong>\u5404\u79cd\u8239\u8236\u548c\u5355\u4f4d<\/strong>\u3002\u7406\u60f3\u7684\u4e1a\u52a1\uff0c\u9760\u8fd1 <strong>\u8349\u5730Montenmedio<\/strong>, con <strong>\u00e1rboles frutales<\/strong> y <strong>acebuches\u7684<\/strong>\u3002\u5de8\u5927\u7684\u6f5c\u529b\u548c\u72ec\u7279\u7684\u673a\u4f1a\uff01<\/p>","protected":false},"featured_media":2250,"template":"","meta":{"_acf_changed":false},"product_cat":[19],"product_tag":[],"product_brand":[],"class_list":{"0":"post-2255","1":"product","2":"type-product","3":"status-publish","4":"has-post-thumbnail","6":"product_cat-sin-categorizar","8":"first","9":"instock","10":"taxable","11":"shipping-taxable","12":"product-type-external"},"acf":[],"_links":{"self":[{"href":"https:\/\/spacemall.asia\/zh\/wp-json\/wp\/v2\/product\/2255","targetHints":{"allow":["GET"]}}],"collection":[{"href":"https:\/\/spacemall.asia\/zh\/wp-json\/wp\/v2\/product"}],"about":[{"href":"https:\/\/spacemall.asia\/zh\/wp-json\/wp\/v2\/types\/product"}],"version-history":[{"count":3,"href":"https:\/\/spacemall.asia\/zh\/wp-json\/wp\/v2\/product\/2255\/revisions"}],"predecessor-version":[{"id":2304,"href":"https:\/\/spacemall.asia\/zh\/wp-json\/wp\/v2\/product\/2255\/revisions\/2304"}],"wp:featuredmedia":[{"embeddable":true,"href":"https:\/\/spacemall.asia\/zh\/wp-json\/wp\/v2\/media\/2250"}],"wp:attachment":[{"href":"https:\/\/spacemall.asia\/zh\/wp-json\/wp\/v2\/media?parent=2255"}],"wp:term":[{"taxonomy":"product_cat","embeddable":true,"href":"https:\/\/spacemall.asia\/zh\/wp-json\/wp\/v2\/product_cat?post=2255"},{"taxonomy":"product_tag","embeddable":true,"href":"https:\/\/spacemall.asia\/zh\/wp-json\/wp\/v2\/product_tag?post=2255"},{"taxonomy":"product_brand","embeddable":true,"href":"https:\/\/spacemall.asia\/zh\/wp-json\/wp\/v2\/product_brand?post=2255"}],"curies":[{"name":"wp","href":"https:\/\/api.w.org\/{rel}","templated":true}]}}