
{"id":2243,"date":"2024-12-17T20:09:10","date_gmt":"2024-12-17T19:09:10","guid":{"rendered":"https:\/\/spacemall.es\/producto\/finca-rustica-en-venta-en-vejer-de-la-frontera\/"},"modified":"2024-12-17T20:09:10","modified_gmt":"2024-12-17T19:09:10","slug":"finca-rustica-en-venta-en-vejer-de-la-frontera","status":"publish","type":"product","link":"https:\/\/spacemall.asia\/zh\/product\/finca-rustica-en-venta-en-vejer-de-la-frontera\/","title":{"rendered":"\u8fb9\u8fdc\u5730\u533a\u5f85\u552e\u4e61\u6751\u5730\u4ea7"},"content":{"rendered":"<p>\u00a1Descubre esta encantadora finca en pleno coraz\u00f3n de Vejer de la Frontera! Una propiedad \u00fanica que combina el encanto de la naturaleza con el potencial de una reforma a medida. En un entorno tranquilo y rodeado de paisajes impresionantes, esta finca cuenta con un extenso terreno arbolado, perfecto para aquellos que buscan privacidad, paz y la posibilidad de disfrutar de un estilo de vida en contacto con la naturaleza.<\/p>\n<p>El terreno alberga un hermoso huerto, ideal para cultivar tus propios productos, disfrutar de la agricultura o simplemente relajarte en un ambiente natural. Adem\u00e1s, la finca dispone de tres cortijillos, cada uno con un gran potencial para ser reformados seg\u00fan tus gustos y necesidades. Imagina crear una casa de campo acogedora, con el toque r\u00fastico que caracteriza la zona, o incluso varios alojamientos independientes para alquilar o para disfrutar con familia y amigos.<\/p>\n<p>Una de las caracter\u00edsticas m\u00e1s atractivas de esta propiedad es su agua de pozo, lo que te ofrece independencia y sostenibilidad, as\u00ed como un sistema el\u00e9ctrico conectado, lo que garantiza comodidad y funcionalidad en todo momento.<\/p>\n<p>Ubicada en Vejer de la Frontera, un pintoresco pueblo blanco de la provincia de C\u00e1diz, conocido por su belleza y su cercan\u00eda tanto a la costa como a las monta\u00f1as, esta finca ofrece la oportunidad de tener una propiedad en una ubicaci\u00f3n privilegiada, a tan solo unos minutos de la playa y con un acceso f\u00e1cil a todas las comodidades que puedas necesitar.<\/p>\n<\/p>\n<p>Si siempre has so\u00f1ado con tener un refugio en el campo, esta finca es tu oportunidad para hacerlo realidad. Ven y deja que tu imaginaci\u00f3n vuele, porque aqu\u00ed las posibilidades son tan amplias como tu visi\u00f3n. \u00a1No pierdas la oportunidad de visitar esta finca llena de encanto y potencial!<\/p>\n<div class=\"wcfm_custom_field_display wcfm_custom_field_display_video-de-producto\"><h4 class='wcfm_custom_field_display_heading'>\u4ea7\u54c1\u89c6\u9891<\/h4><\/div><div class=\"wcfm-clearfix\"><\/div><br \/>","protected":false},"excerpt":{"rendered":"<p>Vejer de la Frontera\u8ff7\u4eba\u7684\u4e61\u6751\u4f4f\u5b85\uff0c\u6709\u6797\u5730\u548c\u82b1\u56ed\u3002\u5b83\u6709\u4e09\u4e2acortijillos\u9700\u8981\u7ffb\u65b0\uff0c\u975e\u5e38\u9002\u5408\u521b\u5efa\u4e00\u4e2a\u4e61\u6751\u4f4f\u5b85\u6216\u72ec\u7acb\u4f4f\u5bbf\u3002\u5b83\u6709\u4e95\u6c34\u548c\u7535\u3002\u5b83\u5750\u843d\u5728\u4e00\u4e2a\u5b89\u9759\u7684\u73af\u5883\u4e2d\uff0c\u662f\u4eab\u53d7\u81ea\u7136\u7684\u7406\u60f3\u4e4b\u5730\uff0c\u8ddd\u79bb\u6d77\u6ee9\u53ea\u6709\u51e0\u5206\u949f\u7684\u8def\u7a0b\uff0c\u5bf9\u4e8e\u90a3\u4e9b\u6b63\u5728\u5bfb\u627e\u4e00\u4e2a\u4f18\u8d8a\u4f4d\u7f6e\u7684\u9879\u76ee\u7684\u4eba\u6765\u8bf4\uff0c\u5b83\u6709\u5f88\u5927\u7684\u6f5c\u529b\u3002<\/p>","protected":false},"featured_media":2239,"template":"","meta":{"_acf_changed":false},"product_cat":[19],"product_tag":[82,83,84,86,87,88,85],"product_brand":[],"class_list":{"0":"post-2243","1":"product","2":"type-product","3":"status-publish","4":"has-post-thumbnail","6":"product_cat-sin-categorizar","7":"product_tag-benalup","8":"product_tag-cadiz","9":"product_tag-casa","10":"product_tag-compra","11":"product_tag-inmobiliarias","12":"product_tag-oferta","13":"product_tag-venta","15":"first","16":"instock","17":"taxable","18":"shipping-taxable","19":"product-type-external"},"acf":[],"_links":{"self":[{"href":"https:\/\/spacemall.asia\/zh\/wp-json\/wp\/v2\/product\/2243","targetHints":{"allow":["GET"]}}],"collection":[{"href":"https:\/\/spacemall.asia\/zh\/wp-json\/wp\/v2\/product"}],"about":[{"href":"https:\/\/spacemall.asia\/zh\/wp-json\/wp\/v2\/types\/product"}],"version-history":[{"count":1,"href":"https:\/\/spacemall.asia\/zh\/wp-json\/wp\/v2\/product\/2243\/revisions"}],"predecessor-version":[{"id":2244,"href":"https:\/\/spacemall.asia\/zh\/wp-json\/wp\/v2\/product\/2243\/revisions\/2244"}],"wp:featuredmedia":[{"embeddable":true,"href":"https:\/\/spacemall.asia\/zh\/wp-json\/wp\/v2\/media\/2239"}],"wp:attachment":[{"href":"https:\/\/spacemall.asia\/zh\/wp-json\/wp\/v2\/media?parent=2243"}],"wp:term":[{"taxonomy":"product_cat","embeddable":true,"href":"https:\/\/spacemall.asia\/zh\/wp-json\/wp\/v2\/product_cat?post=2243"},{"taxonomy":"product_tag","embeddable":true,"href":"https:\/\/spacemall.asia\/zh\/wp-json\/wp\/v2\/product_tag?post=2243"},{"taxonomy":"product_brand","embeddable":true,"href":"https:\/\/spacemall.asia\/zh\/wp-json\/wp\/v2\/product_brand?post=2243"}],"curies":[{"name":"wp","href":"https:\/\/api.w.org\/{rel}","templated":true}]}}