
{"id":2230,"date":"2024-12-16T14:49:01","date_gmt":"2024-12-16T13:49:01","guid":{"rendered":"https:\/\/spacemall.es\/producto\/chalet-independiente\/"},"modified":"2025-01-05T21:50:08","modified_gmt":"2025-01-05T20:50:08","slug":"chalet-independiente","status":"publish","type":"product","link":"https:\/\/spacemall.asia\/zh\/product\/chalet-independiente\/","title":{"rendered":"\u72ec\u7acb\u522b\u5885"},"content":{"rendered":"<p><strong>Encantadora Casa de Pueblo Reformada con Jard\u00edn en Zona Tranquila \ud83c\udfe1\ud83c\udf3f<\/strong><\/p>\n<p>Presentamos esta <strong>preciosa casa de pueblo antigua de piedra<\/strong>, cuidadosamente <strong>reformada<\/strong> con materiales tradicionales de alta calidad. La propiedad cuenta con un <strong>\u5e7f\u6cdb\u7684\u82b1\u56ed<\/strong> y <strong>100%\u7684\u53ef\u5efa\u6027<\/strong>, lo que ofrece un gran potencial para futuras ampliaciones.<\/p>\n<p>\ud83d\udd11 <strong>Caracter\u00edsticas Principales<\/strong>:<\/p>\n<ul>\n<li><strong>Superficie de 95 m\u00b2<\/strong> \u5728\u4e00\u4e2a <strong>solar de 387 m\u00b2<\/strong>.<\/li>\n<li><strong>Distribuci\u00f3n en una sola planta<\/strong>: Porche de entrada, recibidor, cocina con termo el\u00e9ctrico de 80 L, <strong>sal\u00f3n con arcos antiguos de piedra<\/strong>, 2 dormitorios y ba\u00f1o completo con ducha y techo artesano de paja.<\/li>\n<li><strong>Materiales de calidad<\/strong>: Suelos de barro a la espiga, <strong>puertas correderas de madera<\/strong> y <strong>ventanas Climalit con contraventanas<\/strong>.<\/li>\n<li><strong>Zona tranquila<\/strong>, a poca distancia del centro del pueblo.<\/li>\n<\/ul>\n<p>\ud83c\udf33 <strong>Ideal para quienes buscan una casa con car\u00e1cter, comodidad y la posibilidad de expansi\u00f3n en una ubicaci\u00f3n serena y pintoresca<\/strong>.<\/p>\n<p><strong>\u00a1No dejes pasar esta oportunidad de vivir en un hogar \u00fanico con encanto!<\/strong> Cont\u00e1ctanos para m\u00e1s informaci\u00f3n y visitas. \ud83d\udcf2<\/p>\n<div class=\"wcfm_custom_field_display wcfm_custom_field_display_video-de-producto\"><h4 class='wcfm_custom_field_display_heading'>\u4ea7\u54c1\u89c6\u9891<\/h4><\/div><div class=\"wcfm-clearfix\"><\/div><br \/>","protected":false},"excerpt":{"rendered":"<p><strong>\u6f02\u4eae\u7684\u7ffb\u65b0\u7684\u8001\u77f3\u5934\u6751\u5e84\u7684\u623f\u5b50<\/strong>, con <strong>\u5e7f\u6cdb\u7684\u82b1\u56ed<\/strong> y <strong>100%\u7684\u53ef\u5efa\u6027<\/strong>\uff0e \u5206\u5e03\u5728\u4e00\u5c42\uff0c\u4e0e <strong>95\u5e73\u65b9\u7c73\u7684\u5efa\u7b51<\/strong> \u5728\u4e00\u4e2a <strong>solar de 387 m\u00b2<\/strong>\u6307\u671b <strong>\u77f3\u62f1\u5ba2\u5385<\/strong>\uff0c 2\u95f4\u5367\u5ba4\uff0c\u5e26\u624b\u5de5\u7a3b\u8349\u5c4b\u9876\u7684\u6d74\u5ba4\u548c\u5e26\u7535\u70ed\u6c34\u5668\u7684\u53a8\u623f\u3002 <strong>\u5b89\u9759\u7684\u4f4d\u7f6e<\/strong>\u9760\u8fd1\u5e02\u4e2d\u5fc3\u3002\u4e00\u4e2a\u5145\u6ee1\u9b45\u529b\u548c\u6f5c\u529b\u7684\u623f\u5b50\uff01<\/p>","protected":false},"featured_media":2234,"template":"","meta":{"_acf_changed":false},"product_cat":[19],"product_tag":[82,83,84,86,87,88,85],"product_brand":[],"class_list":{"0":"post-2230","1":"product","2":"type-product","3":"status-publish","4":"has-post-thumbnail","6":"product_cat-sin-categorizar","7":"product_tag-benalup","8":"product_tag-cadiz","9":"product_tag-casa","10":"product_tag-compra","11":"product_tag-inmobiliarias","12":"product_tag-oferta","13":"product_tag-venta","15":"first","16":"instock","17":"sale","18":"taxable","19":"shipping-taxable","20":"product-type-external"},"acf":[],"_links":{"self":[{"href":"https:\/\/spacemall.asia\/zh\/wp-json\/wp\/v2\/product\/2230","targetHints":{"allow":["GET"]}}],"collection":[{"href":"https:\/\/spacemall.asia\/zh\/wp-json\/wp\/v2\/product"}],"about":[{"href":"https:\/\/spacemall.asia\/zh\/wp-json\/wp\/v2\/types\/product"}],"version-history":[{"count":3,"href":"https:\/\/spacemall.asia\/zh\/wp-json\/wp\/v2\/product\/2230\/revisions"}],"predecessor-version":[{"id":2305,"href":"https:\/\/spacemall.asia\/zh\/wp-json\/wp\/v2\/product\/2230\/revisions\/2305"}],"wp:featuredmedia":[{"embeddable":true,"href":"https:\/\/spacemall.asia\/zh\/wp-json\/wp\/v2\/media\/2234"}],"wp:attachment":[{"href":"https:\/\/spacemall.asia\/zh\/wp-json\/wp\/v2\/media?parent=2230"}],"wp:term":[{"taxonomy":"product_cat","embeddable":true,"href":"https:\/\/spacemall.asia\/zh\/wp-json\/wp\/v2\/product_cat?post=2230"},{"taxonomy":"product_tag","embeddable":true,"href":"https:\/\/spacemall.asia\/zh\/wp-json\/wp\/v2\/product_tag?post=2230"},{"taxonomy":"product_brand","embeddable":true,"href":"https:\/\/spacemall.asia\/zh\/wp-json\/wp\/v2\/product_brand?post=2230"}],"curies":[{"name":"wp","href":"https:\/\/api.w.org\/{rel}","templated":true}]}}